{"id":9075,"date":"2020-04-22T03:16:35","date_gmt":"2020-04-22T03:16:35","guid":{"rendered":"http:\/\/ocialis.local\/danh-sach-san-pham-ocialis\/"},"modified":"2023-02-19T18:10:21","modified_gmt":"2023-02-19T18:10:21","slug":"danh-sach-san-pham-ocialis","status":"publish","type":"page","link":"https:\/\/www.ocialis.asia\/vi\/danh-sach-san-pham-ocialis\/","title":{"rendered":"S\u1ea3n Ph\u1ea9m"},"content":{"rendered":"\t\t<div data-elementor-type=\"wp-page\" data-elementor-id=\"9075\" class=\"elementor elementor-9075 elementor-1676\" data-elementor-post-type=\"page\">\n\t\t\t\t\t\t<section class=\"elementor-section elementor-top-section elementor-element elementor-element-867b671 bullets elementor-section-boxed elementor-section-height-default elementor-section-height-default\" data-id=\"867b671\" data-element_type=\"section\" data-e-type=\"section\">\n\t\t\t\t\t\t<div class=\"elementor-container elementor-column-gap-default\">\n\t\t\t\t\t<div class=\"elementor-column elementor-col-100 elementor-top-column elementor-element elementor-element-ad779ea\" data-id=\"ad779ea\" data-element_type=\"column\" data-e-type=\"column\">\n\t\t\t<div class=\"elementor-widget-wrap elementor-element-populated\">\n\t\t\t\t\t\t<div class=\"elementor-element elementor-element-aa3fc49 elementor-widget elementor-widget-text-editor\" data-id=\"aa3fc49\" data-element_type=\"widget\" data-e-type=\"widget\" data-widget_type=\"text-editor.default\">\n\t\t\t\t<div class=\"elementor-widget-container\">\n\t\t\t\t\t\t\t\t\t<h3 data-ccp-props=\"{&quot;335551550&quot;:1,&quot;335551620&quot;:1,&quot;335559683&quot;:0,&quot;335559685&quot;:0,&quot;335559731&quot;:0,&quot;335559737&quot;:0,&quot;335562764&quot;:2,&quot;335562765&quot;:1,&quot;335562766&quot;:2,&quot;335562767&quot;:0,&quot;335562768&quot;:2,&quot;335562769&quot;:0}\">GI\u1ea2I PH\u00c1P TH\u1ee8C \u0102N N\u00c0O PH\u00d9 H\u1ee2P CHO TRANG TR\u1ea0I C\u1ee6A B\u1ea0N?\u200b<\/h3><p data-ccp-props=\"{&quot;335551550&quot;:1,&quot;335551620&quot;:1,&quot;335559683&quot;:0,&quot;335559685&quot;:0,&quot;335559731&quot;:0,&quot;335559737&quot;:0,&quot;335562764&quot;:2,&quot;335562765&quot;:1,&quot;335562766&quot;:2,&quot;335562767&quot;:0,&quot;335562768&quot;:2,&quot;335562769&quot;:0}\">Ocialis cung c\u1ea5p c\u00e1c d\u00f2ng s\u1ea3n ph\u1ea9m \u0111a d\u1ea1ng cho nhi\u1ec1u lo\u00e0i th\u1ee7y s\u1ea3n, \u0111\u1ea3m b\u1ea3o dinh d\u01b0\u1ee1ng to\u00e0n di\u1ec7n cho t\u1eebng giai \u0111o\u1ea1n ph\u00e1t tri\u1ec3n t\u1eeb \u01b0\u01a1ng \u0111\u1ebfn th\u01b0\u01a1ng ph\u1ea9m. S\u1ea3n ph\u1ea9m th\u1ee9c \u0103n th\u1ee7y s\u1ea3n c\u1ee7a ch\u00fang t\u00f4i kh\u00e1c bi\u1ec7t v\u00ec c\u00f3:<\/p><ul><li data-ccp-props=\"{&quot;335551550&quot;:1,&quot;335551620&quot;:1,&quot;335559683&quot;:0,&quot;335559685&quot;:0,&quot;335559731&quot;:0,&quot;335559737&quot;:0,&quot;335562764&quot;:2,&quot;335562765&quot;:1,&quot;335562766&quot;:2,&quot;335562767&quot;:0,&quot;335562768&quot;:2,&quot;335562769&quot;:0}\">Ch\u1ea5t l\u01b0\u1ee3ng \u1ed5n \u0111\u1ecbnh \u0111\u01b0\u1ee3c ki\u1ec3m \u0111\u1ecbnh b\u1edfi trung t\u00e2m nghi\u00ean c\u1ee9u v\u00e0 ph\u00e1t tri\u1ec3n th\u1ee7y s\u1ea3n v\u00f9ng c\u1ee7a ADM<\/li><li data-ccp-props=\"{&quot;335551550&quot;:1,&quot;335551620&quot;:1,&quot;335559683&quot;:0,&quot;335559685&quot;:0,&quot;335559731&quot;:0,&quot;335559737&quot;:0,&quot;335562764&quot;:2,&quot;335562765&quot;:1,&quot;335562766&quot;:2,&quot;335562767&quot;:0,&quot;335562768&quot;:2,&quot;335562769&quot;:0}\">Ch\u1ee9ng nh\u1eadn ch\u1ea5t l\u01b0\u1ee3ng: Global G.A.P, BAP, ISO 9001<\/li><li data-ccp-props=\"{&quot;335551550&quot;:1,&quot;335551620&quot;:1,&quot;335559683&quot;:0,&quot;335559685&quot;:0,&quot;335559731&quot;:0,&quot;335559737&quot;:0,&quot;335562764&quot;:2,&quot;335562765&quot;:1,&quot;335562766&quot;:2,&quot;335562767&quot;:0,&quot;335562768&quot;:2,&quot;335562769&quot;:0}\">S\u1edf h\u1eefu l\u1ee3i th\u1ebf v\u1ec1 truy xu\u1ea5t \u0111\u01b0\u1ee3c ngu\u1ed3n g\u1ed1c v\u00e0 ch\u1ea5t l\u01b0\u1ee3ng c\u1ee7a nguy\u00ean li\u1ec7u, ph\u1ee5 gia t\u1eeb c\u00e1c ngu\u1ed3n cung c\u1ea5p c\u1ee7a ADM<\/li><\/ul>\t\t\t\t\t\t\t\t<\/div>\n\t\t\t\t<\/div>\n\t\t\t\t\t<\/div>\n\t\t<\/div>\n\t\t\t\t\t<\/div>\n\t\t<\/section>\n\t\t\t\t<section class=\"elementor-section elementor-top-section elementor-element elementor-element-b3fab73 equal-height-content elementor-section-boxed elementor-section-height-default elementor-section-height-default\" data-id=\"b3fab73\" data-element_type=\"section\" data-e-type=\"section\">\n\t\t\t\t\t\t<div class=\"elementor-container elementor-column-gap-default\">\n\t\t\t\t\t<div class=\"elementor-column elementor-col-25 elementor-top-column elementor-element elementor-element-9356733\" data-id=\"9356733\" data-element_type=\"column\" data-e-type=\"column\">\n\t\t\t<div class=\"elementor-widget-wrap elementor-element-populated\">\n\t\t\t\t\t\t<section class=\"elementor-section elementor-inner-section elementor-element elementor-element-214e154 elementor-section-boxed elementor-section-height-default elementor-section-height-default\" data-id=\"214e154\" data-element_type=\"section\" data-e-type=\"section\">\n\t\t\t\t\t\t<div class=\"elementor-container elementor-column-gap-default\">\n\t\t\t\t\t<div class=\"elementor-column elementor-col-100 elementor-inner-column elementor-element elementor-element-133eae2 flexcol\" data-id=\"133eae2\" data-element_type=\"column\" data-e-type=\"column\" data-settings=\"{&quot;background_background&quot;:&quot;gradient&quot;}\">\n\t\t\t<div class=\"elementor-widget-wrap elementor-element-populated\">\n\t\t\t\t\t<div class=\"elementor-background-overlay\"><\/div>\n\t\t\t\t\t\t<div class=\"elementor-element elementor-element-7fad898 elementor-widget elementor-widget-spacer\" data-id=\"7fad898\" data-element_type=\"widget\" data-e-type=\"widget\" data-widget_type=\"spacer.default\">\n\t\t\t\t<div class=\"elementor-widget-container\">\n\t\t\t\t\t\t\t<div class=\"elementor-spacer\">\n\t\t\t<div class=\"elementor-spacer-inner\"><\/div>\n\t\t<\/div>\n\t\t\t\t\t\t<\/div>\n\t\t\t\t<\/div>\n\t\t\t\t<div class=\"elementor-element elementor-element-0458f95 elementor-widget elementor-widget-heading\" data-id=\"0458f95\" data-element_type=\"widget\" data-e-type=\"widget\" data-widget_type=\"heading.default\">\n\t\t\t\t<div class=\"elementor-widget-container\">\n\t\t\t\t\t<h3 class=\"elementor-heading-title elementor-size-default\"><a href=\"https:\/\/www.ocialis.asia\/vi\/product-cat\/hatchery-feeds\/\">TH\u1ee8C \u0102N CHO\u200b TR\u1ea0I GI\u1ed0NG<\/a><\/h3>\t\t\t\t<\/div>\n\t\t\t\t<\/div>\n\t\t\t\t<div class=\"elementor-element elementor-element-c572f4c elementor-widget elementor-widget-text-editor\" data-id=\"c572f4c\" data-element_type=\"widget\" data-e-type=\"widget\" data-widget_type=\"text-editor.default\">\n\t\t\t\t<div class=\"elementor-widget-container\">\n\t\t\t\t\t\t\t\t\t<p>C\u00f4ng ngh\u1ec7 s\u1ea3n xu\u1ea5t \u0111\u1eb7c bi\u1ec7t h\u1ed7 tr\u1ee3 s\u1ee9c kh\u1ecfe v\u00e0 n\u00e2ng cao hi\u1ec7u qu\u1ea3 \u01b0\u01a1ng \u1ea5u tr\u00f9ng t\u00f4m c\u00e1 trong giai \u0111o\u1ea1n \u0111\u1ea7u \u0111\u1eddi v\u1edbi th\u1ee9c \u0103n chuy\u00ean bi\u1ec7t ch\u1ea5t l\u01b0\u1ee3ng cao. \u200b<\/p>\t\t\t\t\t\t\t\t<\/div>\n\t\t\t\t<\/div>\n\t\t\t\t<div class=\"elementor-element elementor-element-1bc3d8a elementor-align-left elementor-absolute elementor-widget elementor-widget-button\" data-id=\"1bc3d8a\" data-element_type=\"widget\" data-e-type=\"widget\" data-settings=\"{&quot;_position&quot;:&quot;absolute&quot;}\" data-widget_type=\"button.default\">\n\t\t\t\t<div class=\"elementor-widget-container\">\n\t\t\t\t\t\t\t\t\t<div class=\"elementor-button-wrapper\">\n\t\t\t\t\t<a class=\"elementor-button elementor-button-link elementor-size-sm\" href=\"\/vi\/product-cat\/hatchery-feeds\/\">\n\t\t\t\t\t\t<span class=\"elementor-button-content-wrapper\">\n\t\t\t\t\t\t\t\t\t<span class=\"elementor-button-text\">XEM S\u1ea2N PH\u1ea8M<\/span>\n\t\t\t\t\t<\/span>\n\t\t\t\t\t<\/a>\n\t\t\t\t<\/div>\n\t\t\t\t\t\t\t\t<\/div>\n\t\t\t\t<\/div>\n\t\t\t\t\t<\/div>\n\t\t<\/div>\n\t\t\t\t\t<\/div>\n\t\t<\/section>\n\t\t\t\t\t<\/div>\n\t\t<\/div>\n\t\t\t\t<div class=\"elementor-column elementor-col-25 elementor-top-column elementor-element elementor-element-fcbcfd0\" data-id=\"fcbcfd0\" data-element_type=\"column\" data-e-type=\"column\">\n\t\t\t<div class=\"elementor-widget-wrap elementor-element-populated\">\n\t\t\t\t\t\t<section class=\"elementor-section elementor-inner-section elementor-element elementor-element-41498e2 elementor-section-boxed elementor-section-height-default elementor-section-height-default\" data-id=\"41498e2\" data-element_type=\"section\" data-e-type=\"section\">\n\t\t\t\t\t\t<div class=\"elementor-container elementor-column-gap-default\">\n\t\t\t\t\t<div class=\"elementor-column elementor-col-100 elementor-inner-column elementor-element elementor-element-4c06f13 flexcol\" data-id=\"4c06f13\" data-element_type=\"column\" data-e-type=\"column\" data-settings=\"{&quot;background_background&quot;:&quot;gradient&quot;}\">\n\t\t\t<div class=\"elementor-widget-wrap elementor-element-populated\">\n\t\t\t\t\t\t<div class=\"elementor-element elementor-element-94d7bca elementor-widget elementor-widget-spacer\" data-id=\"94d7bca\" data-element_type=\"widget\" data-e-type=\"widget\" data-widget_type=\"spacer.default\">\n\t\t\t\t<div class=\"elementor-widget-container\">\n\t\t\t\t\t\t\t<div class=\"elementor-spacer\">\n\t\t\t<div class=\"elementor-spacer-inner\"><\/div>\n\t\t<\/div>\n\t\t\t\t\t\t<\/div>\n\t\t\t\t<\/div>\n\t\t\t\t<div class=\"elementor-element elementor-element-3991a97 elementor-widget elementor-widget-heading\" data-id=\"3991a97\" data-element_type=\"widget\" data-e-type=\"widget\" data-widget_type=\"heading.default\">\n\t\t\t\t<div class=\"elementor-widget-container\">\n\t\t\t\t\t<h3 class=\"elementor-heading-title elementor-size-default\"><a href=\"https:\/\/www.ocialis.asia\/product-cat\/nursery-feeds\/\">TH\u1ee8C \u0102N GIAI \u0110O\u1ea0N \u01af\u01a0NG\u200b<\/a><\/h3>\t\t\t\t<\/div>\n\t\t\t\t<\/div>\n\t\t\t\t<div class=\"elementor-element elementor-element-3782ac5 elementor-widget elementor-widget-text-editor\" data-id=\"3782ac5\" data-element_type=\"widget\" data-e-type=\"widget\" data-widget_type=\"text-editor.default\">\n\t\t\t\t<div class=\"elementor-widget-container\">\n\t\t\t\t\t\t\t\t\t<p>Ngu\u1ed3n nguy\u00ean li\u1ec7u ch\u1ecdn l\u1ecdc c\u00f3 kh\u1ea3 n\u0103ng ti\u00eau h\u00f3a t\u1ed1t gi\u00fap t\u00f4m c\u00e1 gi\u1ed1ng kh\u1ecfe m\u1ea1nh, \u0111\u1ea1t t\u1ef7 l\u1ec7 s\u1ed1ng cao, \u0111\u1eb7c bi\u1ec7t gia t\u0103ng s\u1ed1 s\u1ee3i c\u01a1 ban \u0111\u1ea7u l\u00e0m ti\u1ec1n \u0111\u1ec1 t\u0103ng ch\u1ea5t l\u01b0\u1ee3ng phi l\u00ea.<\/p>\t\t\t\t\t\t\t\t<\/div>\n\t\t\t\t<\/div>\n\t\t\t\t<div class=\"elementor-element elementor-element-43178ff elementor-align-left elementor-absolute elementor-widget elementor-widget-button\" data-id=\"43178ff\" data-element_type=\"widget\" data-e-type=\"widget\" data-settings=\"{&quot;_position&quot;:&quot;absolute&quot;}\" data-widget_type=\"button.default\">\n\t\t\t\t<div class=\"elementor-widget-container\">\n\t\t\t\t\t\t\t\t\t<div class=\"elementor-button-wrapper\">\n\t\t\t\t\t<a class=\"elementor-button elementor-button-link elementor-size-sm\" href=\"\/vi\/product-cat\/nursery-feeds\/\">\n\t\t\t\t\t\t<span class=\"elementor-button-content-wrapper\">\n\t\t\t\t\t\t\t\t\t<span class=\"elementor-button-text\">XEM S\u1ea2N PH\u1ea8M<\/span>\n\t\t\t\t\t<\/span>\n\t\t\t\t\t<\/a>\n\t\t\t\t<\/div>\n\t\t\t\t\t\t\t\t<\/div>\n\t\t\t\t<\/div>\n\t\t\t\t\t<\/div>\n\t\t<\/div>\n\t\t\t\t\t<\/div>\n\t\t<\/section>\n\t\t\t\t\t<\/div>\n\t\t<\/div>\n\t\t\t\t<div class=\"elementor-column elementor-col-25 elementor-top-column elementor-element elementor-element-0b9d2ed\" data-id=\"0b9d2ed\" data-element_type=\"column\" data-e-type=\"column\">\n\t\t\t<div class=\"elementor-widget-wrap elementor-element-populated\">\n\t\t\t\t\t\t<section class=\"elementor-section elementor-inner-section elementor-element elementor-element-61a333b elementor-section-boxed elementor-section-height-default elementor-section-height-default\" data-id=\"61a333b\" data-element_type=\"section\" data-e-type=\"section\">\n\t\t\t\t\t\t<div class=\"elementor-container elementor-column-gap-default\">\n\t\t\t\t\t<div class=\"elementor-column elementor-col-100 elementor-inner-column elementor-element elementor-element-192ff23 flexcol\" data-id=\"192ff23\" data-element_type=\"column\" data-e-type=\"column\" data-settings=\"{&quot;background_background&quot;:&quot;gradient&quot;}\">\n\t\t\t<div class=\"elementor-widget-wrap elementor-element-populated\">\n\t\t\t\t\t\t<div class=\"elementor-element elementor-element-746a08c elementor-widget elementor-widget-spacer\" data-id=\"746a08c\" data-element_type=\"widget\" data-e-type=\"widget\" data-widget_type=\"spacer.default\">\n\t\t\t\t<div class=\"elementor-widget-container\">\n\t\t\t\t\t\t\t<div class=\"elementor-spacer\">\n\t\t\t<div class=\"elementor-spacer-inner\"><\/div>\n\t\t<\/div>\n\t\t\t\t\t\t<\/div>\n\t\t\t\t<\/div>\n\t\t\t\t<div class=\"elementor-element elementor-element-b38ab39 elementor-widget elementor-widget-heading\" data-id=\"b38ab39\" data-element_type=\"widget\" data-e-type=\"widget\" data-widget_type=\"heading.default\">\n\t\t\t\t<div class=\"elementor-widget-container\">\n\t\t\t\t\t<h3 class=\"elementor-heading-title elementor-size-default\"><a href=\"https:\/\/www.ocialis.asia\/product-cat\/grower-feeds\/\">TH\u1ee8C \u0102N GIAI \u0110O\u1ea0N TH\u01af\u01a0NG PH\u1ea8M\u200b<\/a><\/h3>\t\t\t\t<\/div>\n\t\t\t\t<\/div>\n\t\t\t\t<div class=\"elementor-element elementor-element-4d4621b elementor-widget elementor-widget-text-editor\" data-id=\"4d4621b\" data-element_type=\"widget\" data-e-type=\"widget\" data-widget_type=\"text-editor.default\">\n\t\t\t\t<div class=\"elementor-widget-container\">\n\t\t\t\t\t\t\t\t\t<p>C\u00f4ng th\u1ee9c ph\u00f9 h\u1ee3p v\u1edbi \u0111i\u1ec1u ki\u1ec7n m\u00f4i tr\u01b0\u1eddng gi\u00fap t\u00f4m c\u00e1 l\u1edbn nhanh v\u00e0 th\u00fac \u0111\u1ea9y n\u0103ng su\u1ea5t v\u1ee5 nu\u00f4i \u0111\u1ed3ng th\u1eddi n\u00e2ng cao hi\u1ec7u qu\u1ea3 trang tr\u1ea1i.<\/p>\t\t\t\t\t\t\t\t<\/div>\n\t\t\t\t<\/div>\n\t\t\t\t<div class=\"elementor-element elementor-element-36d0da3 elementor-align-left elementor-absolute elementor-widget elementor-widget-button\" data-id=\"36d0da3\" data-element_type=\"widget\" data-e-type=\"widget\" data-settings=\"{&quot;_position&quot;:&quot;absolute&quot;}\" data-widget_type=\"button.default\">\n\t\t\t\t<div class=\"elementor-widget-container\">\n\t\t\t\t\t\t\t\t\t<div class=\"elementor-button-wrapper\">\n\t\t\t\t\t<a class=\"elementor-button elementor-button-link elementor-size-sm\" href=\"\/vi\/product-cat\/grower-feeds\/\">\n\t\t\t\t\t\t<span class=\"elementor-button-content-wrapper\">\n\t\t\t\t\t\t\t\t\t<span class=\"elementor-button-text\">XEM S\u1ea2N PH\u1ea8M<\/span>\n\t\t\t\t\t<\/span>\n\t\t\t\t\t<\/a>\n\t\t\t\t<\/div>\n\t\t\t\t\t\t\t\t<\/div>\n\t\t\t\t<\/div>\n\t\t\t\t\t<\/div>\n\t\t<\/div>\n\t\t\t\t\t<\/div>\n\t\t<\/section>\n\t\t\t\t\t<\/div>\n\t\t<\/div>\n\t\t\t\t<div class=\"elementor-column elementor-col-25 elementor-top-column elementor-element elementor-element-cb1be85\" data-id=\"cb1be85\" data-element_type=\"column\" data-e-type=\"column\">\n\t\t\t<div class=\"elementor-widget-wrap elementor-element-populated\">\n\t\t\t\t\t\t<section class=\"elementor-section elementor-inner-section elementor-element elementor-element-daf01de elementor-section-boxed elementor-section-height-default elementor-section-height-default\" data-id=\"daf01de\" data-element_type=\"section\" data-e-type=\"section\">\n\t\t\t\t\t\t<div class=\"elementor-container elementor-column-gap-default\">\n\t\t\t\t\t<div class=\"elementor-column elementor-col-100 elementor-inner-column elementor-element elementor-element-f60e7ab flexcol\" data-id=\"f60e7ab\" data-element_type=\"column\" data-e-type=\"column\" data-settings=\"{&quot;background_background&quot;:&quot;gradient&quot;}\">\n\t\t\t<div class=\"elementor-widget-wrap elementor-element-populated\">\n\t\t\t\t\t\t<div class=\"elementor-element elementor-element-d65e9ee elementor-widget elementor-widget-spacer\" data-id=\"d65e9ee\" data-element_type=\"widget\" data-e-type=\"widget\" data-widget_type=\"spacer.default\">\n\t\t\t\t<div class=\"elementor-widget-container\">\n\t\t\t\t\t\t\t<div class=\"elementor-spacer\">\n\t\t\t<div class=\"elementor-spacer-inner\"><\/div>\n\t\t<\/div>\n\t\t\t\t\t\t<\/div>\n\t\t\t\t<\/div>\n\t\t\t\t<div class=\"elementor-element elementor-element-a979ac2 elementor-widget elementor-widget-heading\" data-id=\"a979ac2\" data-element_type=\"widget\" data-e-type=\"widget\" data-widget_type=\"heading.default\">\n\t\t\t\t<div class=\"elementor-widget-container\">\n\t\t\t\t\t<h3 class=\"elementor-heading-title elementor-size-default\"><a href=\"https:\/\/www.ocialis.asia\/product-cat\/functional-feeds\/\">TH\u1ee8C \u0102N \u200bCH\u1ee8C N\u0102NG\u200b<\/a><\/h3>\t\t\t\t<\/div>\n\t\t\t\t<\/div>\n\t\t\t\t<div class=\"elementor-element elementor-element-7585039 elementor-widget elementor-widget-text-editor\" data-id=\"7585039\" data-element_type=\"widget\" data-e-type=\"widget\" data-widget_type=\"text-editor.default\">\n\t\t\t\t<div class=\"elementor-widget-container\">\n\t\t\t\t\t\t\t\t\t<p>H\u1ed7n h\u1ee3p premix v\u00e0 ph\u1ee5 gia chuy\u00ean bi\u1ec7t gi\u00fap t\u00f4m c\u00e1 t\u0103ng s\u1ee9c \u0111\u1ec1 kh\u00e1ng, ch\u1ed1ng l\u1ea1i c\u00e1c t\u00e1c nh\u00e2n g\u00e2y b\u1ec7nh v\u00e0 stress li\u00ean quan \u0111\u1ebfn m\u00f4i tr\u01b0\u1eddng, \u0111\u1ea1t t\u1ef7 l\u1ec7 s\u1ed1ng cao h\u01a1n.\u200b<\/p>\t\t\t\t\t\t\t\t<\/div>\n\t\t\t\t<\/div>\n\t\t\t\t<div class=\"elementor-element elementor-element-7794f3b elementor-align-left elementor-absolute elementor-widget elementor-widget-button\" data-id=\"7794f3b\" data-element_type=\"widget\" data-e-type=\"widget\" data-settings=\"{&quot;_position&quot;:&quot;absolute&quot;}\" data-widget_type=\"button.default\">\n\t\t\t\t<div class=\"elementor-widget-container\">\n\t\t\t\t\t\t\t\t\t<div class=\"elementor-button-wrapper\">\n\t\t\t\t\t<a class=\"elementor-button elementor-button-link elementor-size-sm\" href=\"\/vi\/product-cat\/functional-feeds\/\">\n\t\t\t\t\t\t<span class=\"elementor-button-content-wrapper\">\n\t\t\t\t\t\t\t\t\t<span class=\"elementor-button-text\">XEM S\u1ea2N PH\u1ea8M<\/span>\n\t\t\t\t\t<\/span>\n\t\t\t\t\t<\/a>\n\t\t\t\t<\/div>\n\t\t\t\t\t\t\t\t<\/div>\n\t\t\t\t<\/div>\n\t\t\t\t\t<\/div>\n\t\t<\/div>\n\t\t\t\t\t<\/div>\n\t\t<\/section>\n\t\t\t\t\t<\/div>\n\t\t<\/div>\n\t\t\t\t\t<\/div>\n\t\t<\/section>\n\t\t\t\t<\/div>\n\t\t","protected":false},"excerpt":{"rendered":"<p>GI\u1ea2I PH\u00c1P TH\u1ee8C \u0102N N\u00c0O PH\u00d9 H\u1ee2P CHO TRANG TR\u1ea0I C\u1ee6A B\u1ea0N?\u200b Ocialis cung c\u1ea5p c\u00e1c d\u00f2ng s\u1ea3n ph\u1ea9m \u0111a d\u1ea1ng cho nhi\u1ec1u lo\u00e0i th\u1ee7y s\u1ea3n, \u0111\u1ea3m b\u1ea3o dinh d\u01b0\u1ee1ng to\u00e0n di\u1ec7n cho t\u1eebng giai \u0111o\u1ea1n ph\u00e1t tri\u1ec3n t\u1eeb \u01b0\u01a1ng \u0111\u1ebfn th\u01b0\u01a1ng ph\u1ea9m. S\u1ea3n ph\u1ea9m th\u1ee9c \u0103n th\u1ee7y s\u1ea3n c\u1ee7a ch\u00fang t\u00f4i kh\u00e1c bi\u1ec7t v\u00ec [&hellip;]<\/p>\n","protected":false},"author":12,"featured_media":0,"parent":0,"menu_order":4,"comment_status":"closed","ping_status":"closed","template":"","meta":{"_acf_changed":false,"footnotes":""},"class_list":["post-9075","page","type-page","status-publish","hentry"],"acf":[],"yoast_head":"<!-- This site is optimized with the Yoast SEO plugin v27.3 - https:\/\/yoast.com\/product\/yoast-seo-wordpress\/ -->\n<title>S\u1ea3n Ph\u1ea9m - Ocialis<\/title>\n<meta name=\"robots\" content=\"index, follow, max-snippet:-1, max-image-preview:large, max-video-preview:-1\" \/>\n<link rel=\"canonical\" href=\"https:\/\/www.ocialis.asia\/vi\/danh-sach-san-pham-ocialis\/\" \/>\n<meta property=\"og:locale\" content=\"vi_VN\" \/>\n<meta property=\"og:type\" content=\"article\" \/>\n<meta property=\"og:title\" content=\"S\u1ea3n Ph\u1ea9m - Ocialis\" \/>\n<meta property=\"og:description\" content=\"GI\u1ea2I PH\u00c1P TH\u1ee8C \u0102N N\u00c0O PH\u00d9 H\u1ee2P CHO TRANG TR\u1ea0I C\u1ee6A B\u1ea0N?\u200b Ocialis cung c\u1ea5p c\u00e1c d\u00f2ng s\u1ea3n ph\u1ea9m \u0111a d\u1ea1ng cho nhi\u1ec1u lo\u00e0i th\u1ee7y s\u1ea3n, \u0111\u1ea3m b\u1ea3o dinh d\u01b0\u1ee1ng to\u00e0n di\u1ec7n cho t\u1eebng giai \u0111o\u1ea1n ph\u00e1t tri\u1ec3n t\u1eeb \u01b0\u01a1ng \u0111\u1ebfn th\u01b0\u01a1ng ph\u1ea9m. S\u1ea3n ph\u1ea9m th\u1ee9c \u0103n th\u1ee7y s\u1ea3n c\u1ee7a ch\u00fang t\u00f4i kh\u00e1c bi\u1ec7t v\u00ec [&hellip;]\" \/>\n<meta property=\"og:url\" content=\"https:\/\/www.ocialis.asia\/vi\/danh-sach-san-pham-ocialis\/\" \/>\n<meta property=\"og:site_name\" content=\"Ocialis\" \/>\n<meta property=\"article:modified_time\" content=\"2023-02-19T18:10:21+00:00\" \/>\n<meta name=\"twitter:card\" content=\"summary_large_image\" \/>\n<meta name=\"twitter:label1\" content=\"Est. reading time\" \/>\n\t<meta name=\"twitter:data1\" content=\"2 minutes\" \/>\n<script type=\"application\/ld+json\" class=\"yoast-schema-graph\">{\"@context\":\"https:\\\/\\\/schema.org\",\"@graph\":[{\"@type\":\"WebPage\",\"@id\":\"https:\\\/\\\/www.ocialis.asia\\\/vi\\\/danh-sach-san-pham-ocialis\\\/\",\"url\":\"https:\\\/\\\/www.ocialis.asia\\\/vi\\\/danh-sach-san-pham-ocialis\\\/\",\"name\":\"S\u1ea3n Ph\u1ea9m - Ocialis\",\"isPartOf\":{\"@id\":\"https:\\\/\\\/www.ocialis.asia\\\/#website\"},\"datePublished\":\"2020-04-22T03:16:35+00:00\",\"dateModified\":\"2023-02-19T18:10:21+00:00\",\"breadcrumb\":{\"@id\":\"https:\\\/\\\/www.ocialis.asia\\\/vi\\\/danh-sach-san-pham-ocialis\\\/#breadcrumb\"},\"inLanguage\":\"vi-VN\",\"potentialAction\":[{\"@type\":\"ReadAction\",\"target\":[\"https:\\\/\\\/www.ocialis.asia\\\/vi\\\/danh-sach-san-pham-ocialis\\\/\"]}]},{\"@type\":\"BreadcrumbList\",\"@id\":\"https:\\\/\\\/www.ocialis.asia\\\/vi\\\/danh-sach-san-pham-ocialis\\\/#breadcrumb\",\"itemListElement\":[{\"@type\":\"ListItem\",\"position\":1,\"name\":\"Trang ch\u1ee7\",\"item\":\"https:\\\/\\\/www.ocialis.asia\\\/\"},{\"@type\":\"ListItem\",\"position\":2,\"name\":\"S\u1ea3n Ph\u1ea9m\"}]},{\"@type\":\"WebSite\",\"@id\":\"https:\\\/\\\/www.ocialis.asia\\\/#website\",\"url\":\"https:\\\/\\\/www.ocialis.asia\\\/\",\"name\":\"Ocialis\",\"description\":\"\",\"publisher\":{\"@id\":\"https:\\\/\\\/www.ocialis.asia\\\/#organization\"},\"potentialAction\":[{\"@type\":\"SearchAction\",\"target\":{\"@type\":\"EntryPoint\",\"urlTemplate\":\"https:\\\/\\\/www.ocialis.asia\\\/?s={search_term_string}\"},\"query-input\":{\"@type\":\"PropertyValueSpecification\",\"valueRequired\":true,\"valueName\":\"search_term_string\"}}],\"inLanguage\":\"vi-VN\"},{\"@type\":\"Organization\",\"@id\":\"https:\\\/\\\/www.ocialis.asia\\\/#organization\",\"name\":\"Ocialis\",\"url\":\"https:\\\/\\\/www.ocialis.asia\\\/\",\"logo\":{\"@type\":\"ImageObject\",\"inLanguage\":\"vi-VN\",\"@id\":\"https:\\\/\\\/www.ocialis.asia\\\/#\\\/schema\\\/logo\\\/image\\\/\",\"url\":\"https:\\\/\\\/www.ocialis.asia\\\/wp-content\\\/uploads\\\/2022\\\/09\\\/adm-logo.png\",\"contentUrl\":\"https:\\\/\\\/www.ocialis.asia\\\/wp-content\\\/uploads\\\/2022\\\/09\\\/adm-logo.png\",\"width\":478,\"height\":100,\"caption\":\"Ocialis\"},\"image\":{\"@id\":\"https:\\\/\\\/www.ocialis.asia\\\/#\\\/schema\\\/logo\\\/image\\\/\"}}]}<\/script>\n<!-- \/ Yoast SEO plugin. -->","yoast_head_json":{"title":"S\u1ea3n Ph\u1ea9m - Ocialis","robots":{"index":"index","follow":"follow","max-snippet":"max-snippet:-1","max-image-preview":"max-image-preview:large","max-video-preview":"max-video-preview:-1"},"canonical":"https:\/\/www.ocialis.asia\/vi\/danh-sach-san-pham-ocialis\/","og_locale":"vi_VN","og_type":"article","og_title":"S\u1ea3n Ph\u1ea9m - Ocialis","og_description":"GI\u1ea2I PH\u00c1P TH\u1ee8C \u0102N N\u00c0O PH\u00d9 H\u1ee2P CHO TRANG TR\u1ea0I C\u1ee6A B\u1ea0N?\u200b Ocialis cung c\u1ea5p c\u00e1c d\u00f2ng s\u1ea3n ph\u1ea9m \u0111a d\u1ea1ng cho nhi\u1ec1u lo\u00e0i th\u1ee7y s\u1ea3n, \u0111\u1ea3m b\u1ea3o dinh d\u01b0\u1ee1ng to\u00e0n di\u1ec7n cho t\u1eebng giai \u0111o\u1ea1n ph\u00e1t tri\u1ec3n t\u1eeb \u01b0\u01a1ng \u0111\u1ebfn th\u01b0\u01a1ng ph\u1ea9m. S\u1ea3n ph\u1ea9m th\u1ee9c \u0103n th\u1ee7y s\u1ea3n c\u1ee7a ch\u00fang t\u00f4i kh\u00e1c bi\u1ec7t v\u00ec [&hellip;]","og_url":"https:\/\/www.ocialis.asia\/vi\/danh-sach-san-pham-ocialis\/","og_site_name":"Ocialis","article_modified_time":"2023-02-19T18:10:21+00:00","twitter_card":"summary_large_image","twitter_misc":{"Est. reading time":"2 minutes"},"schema":{"@context":"https:\/\/schema.org","@graph":[{"@type":"WebPage","@id":"https:\/\/www.ocialis.asia\/vi\/danh-sach-san-pham-ocialis\/","url":"https:\/\/www.ocialis.asia\/vi\/danh-sach-san-pham-ocialis\/","name":"S\u1ea3n Ph\u1ea9m - Ocialis","isPartOf":{"@id":"https:\/\/www.ocialis.asia\/#website"},"datePublished":"2020-04-22T03:16:35+00:00","dateModified":"2023-02-19T18:10:21+00:00","breadcrumb":{"@id":"https:\/\/www.ocialis.asia\/vi\/danh-sach-san-pham-ocialis\/#breadcrumb"},"inLanguage":"vi-VN","potentialAction":[{"@type":"ReadAction","target":["https:\/\/www.ocialis.asia\/vi\/danh-sach-san-pham-ocialis\/"]}]},{"@type":"BreadcrumbList","@id":"https:\/\/www.ocialis.asia\/vi\/danh-sach-san-pham-ocialis\/#breadcrumb","itemListElement":[{"@type":"ListItem","position":1,"name":"Trang ch\u1ee7","item":"https:\/\/www.ocialis.asia\/"},{"@type":"ListItem","position":2,"name":"S\u1ea3n Ph\u1ea9m"}]},{"@type":"WebSite","@id":"https:\/\/www.ocialis.asia\/#website","url":"https:\/\/www.ocialis.asia\/","name":"Ocialis","description":"","publisher":{"@id":"https:\/\/www.ocialis.asia\/#organization"},"potentialAction":[{"@type":"SearchAction","target":{"@type":"EntryPoint","urlTemplate":"https:\/\/www.ocialis.asia\/?s={search_term_string}"},"query-input":{"@type":"PropertyValueSpecification","valueRequired":true,"valueName":"search_term_string"}}],"inLanguage":"vi-VN"},{"@type":"Organization","@id":"https:\/\/www.ocialis.asia\/#organization","name":"Ocialis","url":"https:\/\/www.ocialis.asia\/","logo":{"@type":"ImageObject","inLanguage":"vi-VN","@id":"https:\/\/www.ocialis.asia\/#\/schema\/logo\/image\/","url":"https:\/\/www.ocialis.asia\/wp-content\/uploads\/2022\/09\/adm-logo.png","contentUrl":"https:\/\/www.ocialis.asia\/wp-content\/uploads\/2022\/09\/adm-logo.png","width":478,"height":100,"caption":"Ocialis"},"image":{"@id":"https:\/\/www.ocialis.asia\/#\/schema\/logo\/image\/"}}]}},"_links":{"self":[{"href":"https:\/\/www.ocialis.asia\/vi\/wp-json\/wp\/v2\/pages\/9075","targetHints":{"allow":["GET"]}}],"collection":[{"href":"https:\/\/www.ocialis.asia\/vi\/wp-json\/wp\/v2\/pages"}],"about":[{"href":"https:\/\/www.ocialis.asia\/vi\/wp-json\/wp\/v2\/types\/page"}],"author":[{"embeddable":true,"href":"https:\/\/www.ocialis.asia\/vi\/wp-json\/wp\/v2\/users\/12"}],"replies":[{"embeddable":true,"href":"https:\/\/www.ocialis.asia\/vi\/wp-json\/wp\/v2\/comments?post=9075"}],"version-history":[{"count":5,"href":"https:\/\/www.ocialis.asia\/vi\/wp-json\/wp\/v2\/pages\/9075\/revisions"}],"predecessor-version":[{"id":9358,"href":"https:\/\/www.ocialis.asia\/vi\/wp-json\/wp\/v2\/pages\/9075\/revisions\/9358"}],"wp:attachment":[{"href":"https:\/\/www.ocialis.asia\/vi\/wp-json\/wp\/v2\/media?parent=9075"}],"curies":[{"name":"wp","href":"https:\/\/api.w.org\/{rel}","templated":true}]}}