{"id":9220,"date":"2022-11-07T10:40:16","date_gmt":"2022-11-07T10:40:16","guid":{"rendered":"http:\/\/ocialis.local\/services\/biosipecs\/biosipec-standard\/"},"modified":"2023-02-22T18:39:52","modified_gmt":"2023-02-22T18:39:52","slug":"biosipec-standard","status":"publish","type":"page","link":"https:\/\/www.ocialis.asia\/vi\/services\/biosipecs\/biosipec-standard\/","title":{"rendered":"Biosipec Standard"},"content":{"rendered":"\t\t<div data-elementor-type=\"wp-page\" data-elementor-id=\"9220\" class=\"elementor elementor-9220 elementor-7618\" data-elementor-post-type=\"page\">\n\t\t\t\t\t\t<section class=\"elementor-section elementor-top-section elementor-element elementor-element-2e5cd5e elementor-section-boxed elementor-section-height-default elementor-section-height-default\" data-id=\"2e5cd5e\" data-element_type=\"section\" data-e-type=\"section\">\n\t\t\t\t\t\t<div class=\"elementor-container elementor-column-gap-default\">\n\t\t\t\t\t<div class=\"elementor-column elementor-col-100 elementor-top-column elementor-element elementor-element-b8f963a\" data-id=\"b8f963a\" data-element_type=\"column\" data-e-type=\"column\">\n\t\t\t<div class=\"elementor-widget-wrap elementor-element-populated\">\n\t\t\t\t\t\t<div class=\"elementor-element elementor-element-c92df8d elementor-widget elementor-widget-heading\" data-id=\"c92df8d\" data-element_type=\"widget\" data-e-type=\"widget\" data-widget_type=\"heading.default\">\n\t\t\t\t<div class=\"elementor-widget-container\">\n\t\t\t\t\t<h2 class=\"elementor-heading-title elementor-size-default\">BIOSIPEC Standard l\u00e0 g\u00ec?<\/h2>\t\t\t\t<\/div>\n\t\t\t\t<\/div>\n\t\t\t\t\t<\/div>\n\t\t<\/div>\n\t\t\t\t\t<\/div>\n\t\t<\/section>\n\t\t\t\t<section class=\"elementor-section elementor-top-section elementor-element elementor-element-9aba5a9 elementor-section-boxed elementor-section-height-default elementor-section-height-default\" data-id=\"9aba5a9\" data-element_type=\"section\" data-e-type=\"section\">\n\t\t\t\t\t\t<div class=\"elementor-container elementor-column-gap-default\">\n\t\t\t\t\t<div class=\"elementor-column elementor-col-50 elementor-top-column elementor-element elementor-element-9ccb1fd\" data-id=\"9ccb1fd\" data-element_type=\"column\" data-e-type=\"column\">\n\t\t\t<div class=\"elementor-widget-wrap elementor-element-populated\">\n\t\t\t\t\t\t<div class=\"elementor-element elementor-element-aedc1ea elementor-widget elementor-widget-text-editor\" data-id=\"aedc1ea\" data-element_type=\"widget\" data-e-type=\"widget\" data-widget_type=\"text-editor.default\">\n\t\t\t\t<div class=\"elementor-widget-container\">\n\t\t\t\t\t\t\t\t\t<p>M\u00f4 h\u00ecnh n\u00e0y bao g\u1ed3m ao tu\u1ea7n ho\u00e0n, b\u1ec3\/ao \u01b0\u01a1ng nu\u00f4i, ao l\u1eafng; ri\u00eang h\u1ec7 th\u1ed1ng ao l\u1eafng x\u1eed l\u00fd n\u01b0\u1edbc d\u00f9ng chung cho to\u00e0n tr\u1ea1i<\/p>\t\t\t\t\t\t\t\t<\/div>\n\t\t\t\t<\/div>\n\t\t\t\t\t<\/div>\n\t\t<\/div>\n\t\t\t\t<div class=\"elementor-column elementor-col-50 elementor-top-column elementor-element elementor-element-e9ac4ce\" data-id=\"e9ac4ce\" data-element_type=\"column\" data-e-type=\"column\">\n\t\t\t<div class=\"elementor-widget-wrap elementor-element-populated\">\n\t\t\t\t\t\t<div class=\"elementor-element elementor-element-5570501 elementor-arrows-position-inside elementor-pagination-position-outside elementor-widget elementor-widget-image-carousel\" data-id=\"5570501\" data-element_type=\"widget\" data-e-type=\"widget\" data-settings=\"{&quot;slides_to_show&quot;:&quot;1&quot;,&quot;navigation&quot;:&quot;both&quot;,&quot;autoplay&quot;:&quot;yes&quot;,&quot;pause_on_hover&quot;:&quot;yes&quot;,&quot;pause_on_interaction&quot;:&quot;yes&quot;,&quot;autoplay_speed&quot;:5000,&quot;infinite&quot;:&quot;yes&quot;,&quot;effect&quot;:&quot;slide&quot;,&quot;speed&quot;:500}\" data-widget_type=\"image-carousel.default\">\n\t\t\t\t<div class=\"elementor-widget-container\">\n\t\t\t\t\t\t\t<div class=\"elementor-image-carousel-wrapper swiper\" role=\"region\" aria-roledescription=\"carousel\" aria-label=\"Image Carousel\" dir=\"ltr\">\n\t\t\t<div class=\"elementor-image-carousel swiper-wrapper swiper-image-stretch\" aria-live=\"off\">\n\t\t\t\t\t\t\t\t<div class=\"swiper-slide\" role=\"group\" aria-roledescription=\"slide\" aria-label=\"1 of 2\"><figure class=\"swiper-slide-inner\"><img decoding=\"async\" class=\"swiper-slide-image\" src=\"https:\/\/www.ocialis.asia\/wp-content\/uploads\/2022\/11\/standard2-300x200.jpg\" alt=\"standard2\" \/><\/figure><\/div><div class=\"swiper-slide\" role=\"group\" aria-roledescription=\"slide\" aria-label=\"2 of 2\"><figure class=\"swiper-slide-inner\"><img decoding=\"async\" class=\"swiper-slide-image\" src=\"https:\/\/www.ocialis.asia\/wp-content\/uploads\/2022\/11\/standard1-300x200.jpg\" alt=\"standard1\" \/><\/figure><\/div>\t\t\t<\/div>\n\t\t\t\t\t\t\t\t\t\t\t\t<div class=\"elementor-swiper-button elementor-swiper-button-prev\" role=\"button\" tabindex=\"0\">\n\t\t\t\t\t\t<i aria-hidden=\"true\" class=\"eicon-chevron-left\"><\/i>\t\t\t\t\t<\/div>\n\t\t\t\t\t<div class=\"elementor-swiper-button elementor-swiper-button-next\" role=\"button\" tabindex=\"0\">\n\t\t\t\t\t\t<i aria-hidden=\"true\" class=\"eicon-chevron-right\"><\/i>\t\t\t\t\t<\/div>\n\t\t\t\t\n\t\t\t\t\t\t\t\t\t<div class=\"swiper-pagination\"><\/div>\n\t\t\t\t\t\t\t\t\t<\/div>\n\t\t\t\t\t\t<\/div>\n\t\t\t\t<\/div>\n\t\t\t\t\t<\/div>\n\t\t<\/div>\n\t\t\t\t\t<\/div>\n\t\t<\/section>\n\t\t\t\t<section class=\"elementor-section elementor-top-section elementor-element elementor-element-67b7756 elementor-section-boxed elementor-section-height-default elementor-section-height-default\" data-id=\"67b7756\" data-element_type=\"section\" data-e-type=\"section\">\n\t\t\t\t\t\t<div class=\"elementor-container elementor-column-gap-default\">\n\t\t\t\t\t<div class=\"elementor-column elementor-col-50 elementor-top-column elementor-element elementor-element-3e13607\" data-id=\"3e13607\" data-element_type=\"column\" data-e-type=\"column\">\n\t\t\t<div class=\"elementor-widget-wrap elementor-element-populated\">\n\t\t\t\t\t\t<div class=\"elementor-element elementor-element-cdb6fea elementor-widget elementor-widget-text-editor\" data-id=\"cdb6fea\" data-element_type=\"widget\" data-e-type=\"widget\" data-widget_type=\"text-editor.default\">\n\t\t\t\t<div class=\"elementor-widget-container\">\n\t\t\t\t\t\t\t\t\t<h5><strong>Ao tu\u1ea7n ho\u00e0n<\/strong><\/h5><ul><li>Ao \u0111\u1ea5t s\u1eed d\u1ee5ng n\u01b0\u1edbc t\u1eeb ngu\u1ed3n x\u1eed l\u00fd chung (th\u00f4ng qua k\u00eanh n\u1ed9i b\u1ed9, ao l\u1eafng s\u01a1 c\u1ea5p v\u00e0 ao l\u1eafng th\u1ee9 c\u1ea5p)\u200b<\/li><li>C\u00f3 th\u1ec3 s\u1eed d\u1ee5ng li\u00ean t\u1ee5c 6-7 chu k\u1ef3 \u01b0\u01a1ng m\u1ed7i n\u0103m, sau 2-3 n\u0103m b\u1ea3o d\u01b0\u1ee1ng h\u1ec7 th\u1ed1ng 1 l\u1ea7n.<\/li><\/ul>\t\t\t\t\t\t\t\t<\/div>\n\t\t\t\t<\/div>\n\t\t\t\t\t<\/div>\n\t\t<\/div>\n\t\t\t\t<div class=\"elementor-column elementor-col-50 elementor-top-column elementor-element elementor-element-52a7181\" data-id=\"52a7181\" data-element_type=\"column\" data-e-type=\"column\">\n\t\t\t<div class=\"elementor-widget-wrap elementor-element-populated\">\n\t\t\t\t\t\t<div class=\"elementor-element elementor-element-1f0baed elementor-widget elementor-widget-text-editor\" data-id=\"1f0baed\" data-element_type=\"widget\" data-e-type=\"widget\" data-widget_type=\"text-editor.default\">\n\t\t\t\t<div class=\"elementor-widget-container\">\n\t\t\t\t\t\t\t\t\t<h5><strong>B\u1ec3\/ao \u01b0\u01a1ng &amp; nu\u00f4i th\u01b0\u01a1ng ph\u1ea9m<\/strong><\/h5><ul><li>\u0110\u00e1y b\u1ec3\/ao \u01b0\u01a1ng cao, c\u00f3 h\u1ec7 th\u1ed1ng tho\u00e1t n\u01b0\u1edbc trung t\u00e2m, t\u00f9y ch\u1ecdn m\u00e1i che nh\u1ef1a ho\u1eb7c l\u01b0\u1edbi lan gi\u00fap gi\u1ea3m thi\u1ec3u bi\u1ebfn \u0111\u1ed5i ch\u1ea5t l\u01b0\u1ee3ng n\u01b0\u1edbc \u200b<br \/>\u200b<\/li><li>C\u00e2n nh\u1eafc chuy\u1ec3n t\u00f4m con sang ao th\u01b0\u01a1ng ph\u1ea9m khi \u0111\u1ea1t ng\u01b0\u1ee1ng k\u00edch c\u1ee1 (\u2265 0,2 g) v\u00e0 chu\u1ea9n b\u1ecb n\u01b0\u1edbc trong b\u1ec3\/ao th\u01b0\u01a1ng ph\u1ea9m s\u1eb5n s\u00e0ng\u200b<\/li><\/ul>\t\t\t\t\t\t\t\t<\/div>\n\t\t\t\t<\/div>\n\t\t\t\t\t<\/div>\n\t\t<\/div>\n\t\t\t\t\t<\/div>\n\t\t<\/section>\n\t\t\t\t<section class=\"elementor-section elementor-top-section elementor-element elementor-element-19eab18 elementor-section-boxed elementor-section-height-default elementor-section-height-default\" data-id=\"19eab18\" data-element_type=\"section\" data-e-type=\"section\">\n\t\t\t\t\t\t<div class=\"elementor-container elementor-column-gap-default\">\n\t\t\t\t\t<div class=\"elementor-column elementor-col-100 elementor-top-column elementor-element elementor-element-dd4b19e\" data-id=\"dd4b19e\" data-element_type=\"column\" data-e-type=\"column\">\n\t\t\t<div class=\"elementor-widget-wrap elementor-element-populated\">\n\t\t\t\t\t\t<div class=\"elementor-element elementor-element-e865f56 elementor-widget elementor-widget-heading\" data-id=\"e865f56\" data-element_type=\"widget\" data-e-type=\"widget\" data-widget_type=\"heading.default\">\n\t\t\t\t<div class=\"elementor-widget-container\">\n\t\t\t\t\t<h5 class=\"elementor-heading-title elementor-size-default\">S\u01a1 \u0111\u1ed3 minh h\u1ecda ao tu\u1ea7n ho\u00e0n\u200b<\/h5>\t\t\t\t<\/div>\n\t\t\t\t<\/div>\n\t\t\t\t<div class=\"elementor-element elementor-element-aa8d4df elementor-widget elementor-widget-image\" data-id=\"aa8d4df\" data-element_type=\"widget\" data-e-type=\"widget\" data-widget_type=\"image.default\">\n\t\t\t\t<div class=\"elementor-widget-container\">\n\t\t\t\t\t\t\t\t\t\t\t\t\t\t\t<img fetchpriority=\"high\" decoding=\"async\" width=\"529\" height=\"332\" src=\"https:\/\/www.ocialis.asia\/wp-content\/uploads\/2022\/11\/biosipec_standard_representation.png\" class=\"attachment-large size-large wp-image-7644\" alt=\"\" srcset=\"https:\/\/www.ocialis.asia\/wp-content\/uploads\/2022\/11\/biosipec_standard_representation.png 529w, https:\/\/www.ocialis.asia\/wp-content\/uploads\/2022\/11\/biosipec_standard_representation-300x188.png 300w\" sizes=\"(max-width: 529px) 100vw, 529px\" \/>\t\t\t\t\t\t\t\t\t\t\t\t\t\t\t<\/div>\n\t\t\t\t<\/div>\n\t\t\t\t\t<\/div>\n\t\t<\/div>\n\t\t\t\t\t<\/div>\n\t\t<\/section>\n\t\t\t\t<\/div>\n\t\t","protected":false},"excerpt":{"rendered":"<p>BIOSIPEC Standard l\u00e0 g\u00ec? M\u00f4 h\u00ecnh n\u00e0y bao g\u1ed3m ao tu\u1ea7n ho\u00e0n, b\u1ec3\/ao \u01b0\u01a1ng nu\u00f4i, ao l\u1eafng; ri\u00eang h\u1ec7 th\u1ed1ng ao l\u1eafng x\u1eed l\u00fd n\u01b0\u1edbc d\u00f9ng chung cho to\u00e0n tr\u1ea1i Previous Next Ao tu\u1ea7n ho\u00e0n Ao \u0111\u1ea5t s\u1eed d\u1ee5ng n\u01b0\u1edbc t\u1eeb ngu\u1ed3n x\u1eed l\u00fd chung (th\u00f4ng qua k\u00eanh n\u1ed9i b\u1ed9, ao l\u1eafng s\u01a1 c\u1ea5p v\u00e0 [&hellip;]<\/p>\n","protected":false},"author":27,"featured_media":8815,"parent":9211,"menu_order":21,"comment_status":"closed","ping_status":"closed","template":"","meta":{"_acf_changed":false,"footnotes":""},"class_list":["post-9220","page","type-page","status-publish","has-post-thumbnail","hentry"],"acf":[],"yoast_head":"<!-- This site is optimized with the Yoast SEO plugin v27.3 - https:\/\/yoast.com\/product\/yoast-seo-wordpress\/ -->\n<title>Biosipec Standard - Ocialis<\/title>\n<meta name=\"robots\" content=\"index, follow, max-snippet:-1, max-image-preview:large, max-video-preview:-1\" \/>\n<link rel=\"canonical\" href=\"https:\/\/www.ocialis.asia\/vi\/services\/biosipecs\/biosipec-standard\/\" \/>\n<meta property=\"og:locale\" content=\"vi_VN\" \/>\n<meta property=\"og:type\" content=\"article\" \/>\n<meta property=\"og:title\" content=\"Biosipec Standard - Ocialis\" \/>\n<meta property=\"og:description\" content=\"BIOSIPEC Standard l\u00e0 g\u00ec? M\u00f4 h\u00ecnh n\u00e0y bao g\u1ed3m ao tu\u1ea7n ho\u00e0n, b\u1ec3\/ao \u01b0\u01a1ng nu\u00f4i, ao l\u1eafng; ri\u00eang h\u1ec7 th\u1ed1ng ao l\u1eafng x\u1eed l\u00fd n\u01b0\u1edbc d\u00f9ng chung cho to\u00e0n tr\u1ea1i Previous Next Ao tu\u1ea7n ho\u00e0n Ao \u0111\u1ea5t s\u1eed d\u1ee5ng n\u01b0\u1edbc t\u1eeb ngu\u1ed3n x\u1eed l\u00fd chung (th\u00f4ng qua k\u00eanh n\u1ed9i b\u1ed9, ao l\u1eafng s\u01a1 c\u1ea5p v\u00e0 [&hellip;]\" \/>\n<meta property=\"og:url\" content=\"https:\/\/www.ocialis.asia\/vi\/services\/biosipecs\/biosipec-standard\/\" \/>\n<meta property=\"og:site_name\" content=\"Ocialis\" \/>\n<meta property=\"article:modified_time\" content=\"2023-02-22T18:39:52+00:00\" \/>\n<meta property=\"og:image\" content=\"http:\/\/www.ocialis.asia\/wp-content\/uploads\/2022\/11\/standard2-scaled.jpg\" \/>\n\t<meta property=\"og:image:width\" content=\"2200\" \/>\n\t<meta property=\"og:image:height\" content=\"1467\" \/>\n\t<meta property=\"og:image:type\" content=\"image\/jpeg\" \/>\n<meta name=\"twitter:card\" content=\"summary_large_image\" \/>\n<meta name=\"twitter:label1\" content=\"Est. reading time\" \/>\n\t<meta name=\"twitter:data1\" content=\"2 minutes\" \/>\n<script type=\"application\/ld+json\" class=\"yoast-schema-graph\">{\"@context\":\"https:\\\/\\\/schema.org\",\"@graph\":[{\"@type\":\"WebPage\",\"@id\":\"https:\\\/\\\/www.ocialis.asia\\\/vi\\\/services\\\/biosipecs\\\/biosipec-standard\\\/\",\"url\":\"https:\\\/\\\/www.ocialis.asia\\\/vi\\\/services\\\/biosipecs\\\/biosipec-standard\\\/\",\"name\":\"Biosipec Standard - Ocialis\",\"isPartOf\":{\"@id\":\"https:\\\/\\\/www.ocialis.asia\\\/#website\"},\"primaryImageOfPage\":{\"@id\":\"https:\\\/\\\/www.ocialis.asia\\\/vi\\\/services\\\/biosipecs\\\/biosipec-standard\\\/#primaryimage\"},\"image\":{\"@id\":\"https:\\\/\\\/www.ocialis.asia\\\/vi\\\/services\\\/biosipecs\\\/biosipec-standard\\\/#primaryimage\"},\"thumbnailUrl\":\"https:\\\/\\\/www.ocialis.asia\\\/wp-content\\\/uploads\\\/2022\\\/11\\\/standard2-scaled.jpg\",\"datePublished\":\"2022-11-07T10:40:16+00:00\",\"dateModified\":\"2023-02-22T18:39:52+00:00\",\"breadcrumb\":{\"@id\":\"https:\\\/\\\/www.ocialis.asia\\\/vi\\\/services\\\/biosipecs\\\/biosipec-standard\\\/#breadcrumb\"},\"inLanguage\":\"vi-VN\",\"potentialAction\":[{\"@type\":\"ReadAction\",\"target\":[\"https:\\\/\\\/www.ocialis.asia\\\/vi\\\/services\\\/biosipecs\\\/biosipec-standard\\\/\"]}]},{\"@type\":\"ImageObject\",\"inLanguage\":\"vi-VN\",\"@id\":\"https:\\\/\\\/www.ocialis.asia\\\/vi\\\/services\\\/biosipecs\\\/biosipec-standard\\\/#primaryimage\",\"url\":\"https:\\\/\\\/www.ocialis.asia\\\/wp-content\\\/uploads\\\/2022\\\/11\\\/standard2-scaled.jpg\",\"contentUrl\":\"https:\\\/\\\/www.ocialis.asia\\\/wp-content\\\/uploads\\\/2022\\\/11\\\/standard2-scaled.jpg\",\"width\":2200,\"height\":1467},{\"@type\":\"BreadcrumbList\",\"@id\":\"https:\\\/\\\/www.ocialis.asia\\\/vi\\\/services\\\/biosipecs\\\/biosipec-standard\\\/#breadcrumb\",\"itemListElement\":[{\"@type\":\"ListItem\",\"position\":1,\"name\":\"Trang ch\u1ee7\",\"item\":\"https:\\\/\\\/www.ocialis.asia\\\/\"},{\"@type\":\"ListItem\",\"position\":2,\"name\":\"D\u1ecbch V\u1ee5\",\"item\":\"https:\\\/\\\/www.ocialis.asia\\\/vi\\\/services\\\/\"},{\"@type\":\"ListItem\",\"position\":3,\"name\":\"BIOSIPEC\",\"item\":\"https:\\\/\\\/www.ocialis.asia\\\/vi\\\/services\\\/biosipecs\\\/\"},{\"@type\":\"ListItem\",\"position\":4,\"name\":\"Biosipec Standard\"}]},{\"@type\":\"WebSite\",\"@id\":\"https:\\\/\\\/www.ocialis.asia\\\/#website\",\"url\":\"https:\\\/\\\/www.ocialis.asia\\\/\",\"name\":\"Ocialis\",\"description\":\"\",\"publisher\":{\"@id\":\"https:\\\/\\\/www.ocialis.asia\\\/#organization\"},\"potentialAction\":[{\"@type\":\"SearchAction\",\"target\":{\"@type\":\"EntryPoint\",\"urlTemplate\":\"https:\\\/\\\/www.ocialis.asia\\\/?s={search_term_string}\"},\"query-input\":{\"@type\":\"PropertyValueSpecification\",\"valueRequired\":true,\"valueName\":\"search_term_string\"}}],\"inLanguage\":\"vi-VN\"},{\"@type\":\"Organization\",\"@id\":\"https:\\\/\\\/www.ocialis.asia\\\/#organization\",\"name\":\"Ocialis\",\"url\":\"https:\\\/\\\/www.ocialis.asia\\\/\",\"logo\":{\"@type\":\"ImageObject\",\"inLanguage\":\"vi-VN\",\"@id\":\"https:\\\/\\\/www.ocialis.asia\\\/#\\\/schema\\\/logo\\\/image\\\/\",\"url\":\"https:\\\/\\\/www.ocialis.asia\\\/wp-content\\\/uploads\\\/2022\\\/09\\\/adm-logo.png\",\"contentUrl\":\"https:\\\/\\\/www.ocialis.asia\\\/wp-content\\\/uploads\\\/2022\\\/09\\\/adm-logo.png\",\"width\":478,\"height\":100,\"caption\":\"Ocialis\"},\"image\":{\"@id\":\"https:\\\/\\\/www.ocialis.asia\\\/#\\\/schema\\\/logo\\\/image\\\/\"}}]}<\/script>\n<!-- \/ Yoast SEO plugin. -->","yoast_head_json":{"title":"Biosipec Standard - Ocialis","robots":{"index":"index","follow":"follow","max-snippet":"max-snippet:-1","max-image-preview":"max-image-preview:large","max-video-preview":"max-video-preview:-1"},"canonical":"https:\/\/www.ocialis.asia\/vi\/services\/biosipecs\/biosipec-standard\/","og_locale":"vi_VN","og_type":"article","og_title":"Biosipec Standard - Ocialis","og_description":"BIOSIPEC Standard l\u00e0 g\u00ec? M\u00f4 h\u00ecnh n\u00e0y bao g\u1ed3m ao tu\u1ea7n ho\u00e0n, b\u1ec3\/ao \u01b0\u01a1ng nu\u00f4i, ao l\u1eafng; ri\u00eang h\u1ec7 th\u1ed1ng ao l\u1eafng x\u1eed l\u00fd n\u01b0\u1edbc d\u00f9ng chung cho to\u00e0n tr\u1ea1i Previous Next Ao tu\u1ea7n ho\u00e0n Ao \u0111\u1ea5t s\u1eed d\u1ee5ng n\u01b0\u1edbc t\u1eeb ngu\u1ed3n x\u1eed l\u00fd chung (th\u00f4ng qua k\u00eanh n\u1ed9i b\u1ed9, ao l\u1eafng s\u01a1 c\u1ea5p v\u00e0 [&hellip;]","og_url":"https:\/\/www.ocialis.asia\/vi\/services\/biosipecs\/biosipec-standard\/","og_site_name":"Ocialis","article_modified_time":"2023-02-22T18:39:52+00:00","og_image":[{"width":2200,"height":1467,"url":"http:\/\/www.ocialis.asia\/wp-content\/uploads\/2022\/11\/standard2-scaled.jpg","type":"image\/jpeg"}],"twitter_card":"summary_large_image","twitter_misc":{"Est. reading time":"2 minutes"},"schema":{"@context":"https:\/\/schema.org","@graph":[{"@type":"WebPage","@id":"https:\/\/www.ocialis.asia\/vi\/services\/biosipecs\/biosipec-standard\/","url":"https:\/\/www.ocialis.asia\/vi\/services\/biosipecs\/biosipec-standard\/","name":"Biosipec Standard - Ocialis","isPartOf":{"@id":"https:\/\/www.ocialis.asia\/#website"},"primaryImageOfPage":{"@id":"https:\/\/www.ocialis.asia\/vi\/services\/biosipecs\/biosipec-standard\/#primaryimage"},"image":{"@id":"https:\/\/www.ocialis.asia\/vi\/services\/biosipecs\/biosipec-standard\/#primaryimage"},"thumbnailUrl":"https:\/\/www.ocialis.asia\/wp-content\/uploads\/2022\/11\/standard2-scaled.jpg","datePublished":"2022-11-07T10:40:16+00:00","dateModified":"2023-02-22T18:39:52+00:00","breadcrumb":{"@id":"https:\/\/www.ocialis.asia\/vi\/services\/biosipecs\/biosipec-standard\/#breadcrumb"},"inLanguage":"vi-VN","potentialAction":[{"@type":"ReadAction","target":["https:\/\/www.ocialis.asia\/vi\/services\/biosipecs\/biosipec-standard\/"]}]},{"@type":"ImageObject","inLanguage":"vi-VN","@id":"https:\/\/www.ocialis.asia\/vi\/services\/biosipecs\/biosipec-standard\/#primaryimage","url":"https:\/\/www.ocialis.asia\/wp-content\/uploads\/2022\/11\/standard2-scaled.jpg","contentUrl":"https:\/\/www.ocialis.asia\/wp-content\/uploads\/2022\/11\/standard2-scaled.jpg","width":2200,"height":1467},{"@type":"BreadcrumbList","@id":"https:\/\/www.ocialis.asia\/vi\/services\/biosipecs\/biosipec-standard\/#breadcrumb","itemListElement":[{"@type":"ListItem","position":1,"name":"Trang ch\u1ee7","item":"https:\/\/www.ocialis.asia\/"},{"@type":"ListItem","position":2,"name":"D\u1ecbch V\u1ee5","item":"https:\/\/www.ocialis.asia\/vi\/services\/"},{"@type":"ListItem","position":3,"name":"BIOSIPEC","item":"https:\/\/www.ocialis.asia\/vi\/services\/biosipecs\/"},{"@type":"ListItem","position":4,"name":"Biosipec Standard"}]},{"@type":"WebSite","@id":"https:\/\/www.ocialis.asia\/#website","url":"https:\/\/www.ocialis.asia\/","name":"Ocialis","description":"","publisher":{"@id":"https:\/\/www.ocialis.asia\/#organization"},"potentialAction":[{"@type":"SearchAction","target":{"@type":"EntryPoint","urlTemplate":"https:\/\/www.ocialis.asia\/?s={search_term_string}"},"query-input":{"@type":"PropertyValueSpecification","valueRequired":true,"valueName":"search_term_string"}}],"inLanguage":"vi-VN"},{"@type":"Organization","@id":"https:\/\/www.ocialis.asia\/#organization","name":"Ocialis","url":"https:\/\/www.ocialis.asia\/","logo":{"@type":"ImageObject","inLanguage":"vi-VN","@id":"https:\/\/www.ocialis.asia\/#\/schema\/logo\/image\/","url":"https:\/\/www.ocialis.asia\/wp-content\/uploads\/2022\/09\/adm-logo.png","contentUrl":"https:\/\/www.ocialis.asia\/wp-content\/uploads\/2022\/09\/adm-logo.png","width":478,"height":100,"caption":"Ocialis"},"image":{"@id":"https:\/\/www.ocialis.asia\/#\/schema\/logo\/image\/"}}]}},"_links":{"self":[{"href":"https:\/\/www.ocialis.asia\/vi\/wp-json\/wp\/v2\/pages\/9220","targetHints":{"allow":["GET"]}}],"collection":[{"href":"https:\/\/www.ocialis.asia\/vi\/wp-json\/wp\/v2\/pages"}],"about":[{"href":"https:\/\/www.ocialis.asia\/vi\/wp-json\/wp\/v2\/types\/page"}],"author":[{"embeddable":true,"href":"https:\/\/www.ocialis.asia\/vi\/wp-json\/wp\/v2\/users\/27"}],"replies":[{"embeddable":true,"href":"https:\/\/www.ocialis.asia\/vi\/wp-json\/wp\/v2\/comments?post=9220"}],"version-history":[{"count":5,"href":"https:\/\/www.ocialis.asia\/vi\/wp-json\/wp\/v2\/pages\/9220\/revisions"}],"predecessor-version":[{"id":9505,"href":"https:\/\/www.ocialis.asia\/vi\/wp-json\/wp\/v2\/pages\/9220\/revisions\/9505"}],"up":[{"embeddable":true,"href":"https:\/\/www.ocialis.asia\/vi\/wp-json\/wp\/v2\/pages\/9211"}],"wp:featuredmedia":[{"embeddable":true,"href":"https:\/\/www.ocialis.asia\/vi\/wp-json\/wp\/v2\/media\/8815"}],"wp:attachment":[{"href":"https:\/\/www.ocialis.asia\/vi\/wp-json\/wp\/v2\/media?parent=9220"}],"curies":[{"name":"wp","href":"https:\/\/api.w.org\/{rel}","templated":true}]}}