{"id":9225,"date":"2022-11-07T10:40:40","date_gmt":"2022-11-07T10:40:40","guid":{"rendered":"http:\/\/ocialis.local\/services\/biosipecs\/biosipec-advance\/"},"modified":"2023-02-22T18:39:12","modified_gmt":"2023-02-22T18:39:12","slug":"biosipec-advance","status":"publish","type":"page","link":"https:\/\/www.ocialis.asia\/vi\/services\/biosipecs\/biosipec-advance\/","title":{"rendered":"Biosipec Advance"},"content":{"rendered":"\t\t<div data-elementor-type=\"wp-page\" data-elementor-id=\"9225\" class=\"elementor elementor-9225 elementor-7620\" data-elementor-post-type=\"page\">\n\t\t\t\t\t\t<section class=\"elementor-section elementor-top-section elementor-element elementor-element-1e0d423 elementor-section-boxed elementor-section-height-default elementor-section-height-default\" data-id=\"1e0d423\" data-element_type=\"section\" data-e-type=\"section\">\n\t\t\t\t\t\t<div class=\"elementor-container elementor-column-gap-default\">\n\t\t\t\t\t<div class=\"elementor-column elementor-col-100 elementor-top-column elementor-element elementor-element-113085d\" data-id=\"113085d\" data-element_type=\"column\" data-e-type=\"column\">\n\t\t\t<div class=\"elementor-widget-wrap elementor-element-populated\">\n\t\t\t\t\t\t<div class=\"elementor-element elementor-element-449814c elementor-widget elementor-widget-heading\" data-id=\"449814c\" data-element_type=\"widget\" data-e-type=\"widget\" data-widget_type=\"heading.default\">\n\t\t\t\t<div class=\"elementor-widget-container\">\n\t\t\t\t\t<h2 class=\"elementor-heading-title elementor-size-default\">BIOSIPEC Advance l\u00e0 g\u00ec?<\/h2>\t\t\t\t<\/div>\n\t\t\t\t<\/div>\n\t\t\t\t\t<\/div>\n\t\t<\/div>\n\t\t\t\t\t<\/div>\n\t\t<\/section>\n\t\t\t\t<section class=\"elementor-section elementor-top-section elementor-element elementor-element-0b3222c elementor-section-boxed elementor-section-height-default elementor-section-height-default\" data-id=\"0b3222c\" data-element_type=\"section\" data-e-type=\"section\">\n\t\t\t\t\t\t<div class=\"elementor-container elementor-column-gap-default\">\n\t\t\t\t\t<div class=\"elementor-column elementor-col-50 elementor-top-column elementor-element elementor-element-f33e7a5\" data-id=\"f33e7a5\" data-element_type=\"column\" data-e-type=\"column\">\n\t\t\t<div class=\"elementor-widget-wrap elementor-element-populated\">\n\t\t\t\t\t\t<div class=\"elementor-element elementor-element-163c845 elementor-widget elementor-widget-text-editor\" data-id=\"163c845\" data-element_type=\"widget\" data-e-type=\"widget\" data-widget_type=\"text-editor.default\">\n\t\t\t\t<div class=\"elementor-widget-container\">\n\t\t\t\t\t\t\t\t\t<p>M\u00f4 h\u00ecnh n\u00e0y bao g\u1ed3m b\u1ec3 l\u1ecdc sinh h\u1ecdc, biofloc t\u00f9y ch\u1ecdn, xi ph\u00f4ng\/\u1ed1ng x\u1ea3 v\u00e0 b\u1ec3\/ao l\u1eafng.<\/p>\t\t\t\t\t\t\t\t<\/div>\n\t\t\t\t<\/div>\n\t\t\t\t\t<\/div>\n\t\t<\/div>\n\t\t\t\t<div class=\"elementor-column elementor-col-50 elementor-top-column elementor-element elementor-element-0ab2fb5\" data-id=\"0ab2fb5\" data-element_type=\"column\" data-e-type=\"column\">\n\t\t\t<div class=\"elementor-widget-wrap elementor-element-populated\">\n\t\t\t\t\t\t<div class=\"elementor-element elementor-element-75f7bed elementor-arrows-position-inside elementor-pagination-position-outside elementor-widget elementor-widget-image-carousel\" data-id=\"75f7bed\" data-element_type=\"widget\" data-e-type=\"widget\" data-settings=\"{&quot;slides_to_show&quot;:&quot;1&quot;,&quot;navigation&quot;:&quot;both&quot;,&quot;autoplay&quot;:&quot;yes&quot;,&quot;pause_on_hover&quot;:&quot;yes&quot;,&quot;pause_on_interaction&quot;:&quot;yes&quot;,&quot;autoplay_speed&quot;:5000,&quot;infinite&quot;:&quot;yes&quot;,&quot;effect&quot;:&quot;slide&quot;,&quot;speed&quot;:500}\" data-widget_type=\"image-carousel.default\">\n\t\t\t\t<div class=\"elementor-widget-container\">\n\t\t\t\t\t\t\t<div class=\"elementor-image-carousel-wrapper swiper\" role=\"region\" aria-roledescription=\"carousel\" aria-label=\"Image Carousel\" dir=\"ltr\">\n\t\t\t<div class=\"elementor-image-carousel swiper-wrapper swiper-image-stretch\" aria-live=\"off\">\n\t\t\t\t\t\t\t\t<div class=\"swiper-slide\" role=\"group\" aria-roledescription=\"slide\" aria-label=\"1 of 2\"><figure class=\"swiper-slide-inner\"><img decoding=\"async\" class=\"swiper-slide-image\" src=\"https:\/\/www.ocialis.asia\/wp-content\/uploads\/2022\/11\/Biosipec-advance-300x200.jpg\" alt=\"Biosipec advance\" \/><\/figure><\/div><div class=\"swiper-slide\" role=\"group\" aria-roledescription=\"slide\" aria-label=\"2 of 2\"><figure class=\"swiper-slide-inner\"><img decoding=\"async\" class=\"swiper-slide-image\" src=\"https:\/\/www.ocialis.asia\/wp-content\/uploads\/2022\/11\/advanced2-300x225.jpg\" alt=\"advanced2\" \/><\/figure><\/div>\t\t\t<\/div>\n\t\t\t\t\t\t\t\t\t\t\t\t<div class=\"elementor-swiper-button elementor-swiper-button-prev\" role=\"button\" tabindex=\"0\">\n\t\t\t\t\t\t<i aria-hidden=\"true\" class=\"eicon-chevron-left\"><\/i>\t\t\t\t\t<\/div>\n\t\t\t\t\t<div class=\"elementor-swiper-button elementor-swiper-button-next\" role=\"button\" tabindex=\"0\">\n\t\t\t\t\t\t<i aria-hidden=\"true\" class=\"eicon-chevron-right\"><\/i>\t\t\t\t\t<\/div>\n\t\t\t\t\n\t\t\t\t\t\t\t\t\t<div class=\"swiper-pagination\"><\/div>\n\t\t\t\t\t\t\t\t\t<\/div>\n\t\t\t\t\t\t<\/div>\n\t\t\t\t<\/div>\n\t\t\t\t\t<\/div>\n\t\t<\/div>\n\t\t\t\t\t<\/div>\n\t\t<\/section>\n\t\t\t\t<section class=\"elementor-section elementor-top-section elementor-element elementor-element-6b2aa87 elementor-section-boxed elementor-section-height-default elementor-section-height-default\" data-id=\"6b2aa87\" data-element_type=\"section\" data-e-type=\"section\">\n\t\t\t\t\t\t<div class=\"elementor-container elementor-column-gap-default\">\n\t\t\t\t\t<div class=\"elementor-column elementor-col-50 elementor-top-column elementor-element elementor-element-56f0c58\" data-id=\"56f0c58\" data-element_type=\"column\" data-e-type=\"column\">\n\t\t\t<div class=\"elementor-widget-wrap elementor-element-populated\">\n\t\t\t\t\t\t<div class=\"elementor-element elementor-element-9eaad5c elementor-widget elementor-widget-text-editor\" data-id=\"9eaad5c\" data-element_type=\"widget\" data-e-type=\"widget\" data-widget_type=\"text-editor.default\">\n\t\t\t\t<div class=\"elementor-widget-container\">\n\t\t\t\t\t\t\t\t\t<h5><strong>B\u1ec3 l\u1ecdc sinh h\u1ecdc <br \/><\/strong><\/h5><ul><li>Chu\u1ea9n b\u1ecb nu\u00f4i c\u1ea5y vi sinh trong b\u1ec3 l\u1ecdc sinh h\u1ecdc \u0111\u1ea1t chu\u1ea9n tr\u01b0\u1edbc khi k\u1ebft n\u1ed1i v\u1edbi b\u1ec3\/ao \u01b0\u01a1ng nu\u00f4i\u200b<\/li><li>Ki\u1ec3m so\u00e1t kh\u00ed \u0111\u1ed9c (NH3 v\u00e0 NO2) \u1edf m\u1ee9c cho ph\u00e9p, k\u1ebft h\u1ee3p v\u1edbi b\u1ec3 l\u1eafng l\u1ecdc \u0111\u1ec3 t\u00e1ch ch\u1ea5t r\u1eafn l\u01a1 l\u1eedng\u200b<\/li><li>C\u00f3 th\u1ec3 s\u1eed d\u1ee5ng li\u00ean t\u1ee5c <strong>6-7 chu k\u1ef3 \u01b0\u01a1ng m\u1ed7i n\u0103m,<\/strong> sau 2-3 n\u0103m b\u1ea3o d\u01b0\u1ee1ng h\u1ec7 th\u1ed1ng 1 l\u1ea7n.<\/li><\/ul>\t\t\t\t\t\t\t\t<\/div>\n\t\t\t\t<\/div>\n\t\t\t\t\t<\/div>\n\t\t<\/div>\n\t\t\t\t<div class=\"elementor-column elementor-col-50 elementor-top-column elementor-element elementor-element-73d8fc0\" data-id=\"73d8fc0\" data-element_type=\"column\" data-e-type=\"column\">\n\t\t\t<div class=\"elementor-widget-wrap elementor-element-populated\">\n\t\t\t\t\t\t<div class=\"elementor-element elementor-element-a710791 elementor-widget elementor-widget-text-editor\" data-id=\"a710791\" data-element_type=\"widget\" data-e-type=\"widget\" data-widget_type=\"text-editor.default\">\n\t\t\t\t<div class=\"elementor-widget-container\">\n\t\t\t\t\t\t\t\t\t<h5><strong>B\u1ec3\/ao \u01b0\u01a1ng &amp; nu\u00f4i th\u01b0\u01a1ng ph\u1ea9m\u200b<\/strong><\/h5><ul><li>Gi\u1ea3m thi\u1ec3u bi\u1ebfn \u0111\u1ed9ng ch\u1ea5t l\u01b0\u1ee3ng n\u01b0\u1edbc b\u1eb1ng m\u00e1i che ho\u1eb7c l\u01b0\u1edbi lan\u200b<\/li><li>S\u1eed d\u1ee5ng men vi sinh h\u1eb1ng ng\u00e0y (BACTOSAFE)\u200b<\/li><li>C\u00e2n nh\u1eafc chuy\u1ec3n t\u00f4m con sang ao th\u01b0\u01a1ng ph\u1ea9m khi \u0111\u1ea1t ng\u01b0\u1ee1ng k\u00edch c\u1ee1 (\u2265 0,2 g) v\u00e0 chu\u1ea9n b\u1ecb n\u01b0\u1edbc trong b\u1ec3\/ao th\u01b0\u01a1ng ph\u1ea9m s\u1eb5n s\u00e0ng<\/li><\/ul>\t\t\t\t\t\t\t\t<\/div>\n\t\t\t\t<\/div>\n\t\t\t\t\t<\/div>\n\t\t<\/div>\n\t\t\t\t\t<\/div>\n\t\t<\/section>\n\t\t\t\t<section class=\"elementor-section elementor-top-section elementor-element elementor-element-cb49cc2 elementor-section-boxed elementor-section-height-default elementor-section-height-default\" data-id=\"cb49cc2\" data-element_type=\"section\" data-e-type=\"section\">\n\t\t\t\t\t\t<div class=\"elementor-container elementor-column-gap-default\">\n\t\t\t\t\t<div class=\"elementor-column elementor-col-100 elementor-top-column elementor-element elementor-element-d0002e6\" data-id=\"d0002e6\" data-element_type=\"column\" data-e-type=\"column\">\n\t\t\t<div class=\"elementor-widget-wrap elementor-element-populated\">\n\t\t\t\t\t\t<div class=\"elementor-element elementor-element-1129e19 elementor-widget elementor-widget-heading\" data-id=\"1129e19\" data-element_type=\"widget\" data-e-type=\"widget\" data-widget_type=\"heading.default\">\n\t\t\t\t<div class=\"elementor-widget-container\">\n\t\t\t\t\t<h5 class=\"elementor-heading-title elementor-size-default\">S\u01a1 \u0111\u1ed3 minh h\u1ecda ao tu\u1ea7n ho\u00e0n<\/h5>\t\t\t\t<\/div>\n\t\t\t\t<\/div>\n\t\t\t\t<div class=\"elementor-element elementor-element-ac1087e elementor-widget elementor-widget-image\" data-id=\"ac1087e\" data-element_type=\"widget\" data-e-type=\"widget\" data-widget_type=\"image.default\">\n\t\t\t\t<div class=\"elementor-widget-container\">\n\t\t\t\t\t\t\t\t\t\t\t\t\t\t\t<img fetchpriority=\"high\" decoding=\"async\" width=\"575\" height=\"271\" src=\"https:\/\/www.ocialis.asia\/wp-content\/uploads\/2022\/11\/biosipec_advance_representation.png\" class=\"attachment-large size-large wp-image-7666\" alt=\"\" srcset=\"https:\/\/www.ocialis.asia\/wp-content\/uploads\/2022\/11\/biosipec_advance_representation.png 575w, https:\/\/www.ocialis.asia\/wp-content\/uploads\/2022\/11\/biosipec_advance_representation-300x141.png 300w\" sizes=\"(max-width: 575px) 100vw, 575px\" \/>\t\t\t\t\t\t\t\t\t\t\t\t\t\t\t<\/div>\n\t\t\t\t<\/div>\n\t\t\t\t\t<\/div>\n\t\t<\/div>\n\t\t\t\t\t<\/div>\n\t\t<\/section>\n\t\t\t\t<\/div>\n\t\t","protected":false},"excerpt":{"rendered":"<p>BIOSIPEC Advance l\u00e0 g\u00ec? M\u00f4 h\u00ecnh n\u00e0y bao g\u1ed3m b\u1ec3 l\u1ecdc sinh h\u1ecdc, biofloc t\u00f9y ch\u1ecdn, xi ph\u00f4ng\/\u1ed1ng x\u1ea3 v\u00e0 b\u1ec3\/ao l\u1eafng. Previous Next B\u1ec3 l\u1ecdc sinh h\u1ecdc Chu\u1ea9n b\u1ecb nu\u00f4i c\u1ea5y vi sinh trong b\u1ec3 l\u1ecdc sinh h\u1ecdc \u0111\u1ea1t chu\u1ea9n tr\u01b0\u1edbc khi k\u1ebft n\u1ed1i v\u1edbi b\u1ec3\/ao \u01b0\u01a1ng nu\u00f4i\u200b Ki\u1ec3m so\u00e1t kh\u00ed \u0111\u1ed9c (NH3 v\u00e0 [&hellip;]<\/p>\n","protected":false},"author":27,"featured_media":8532,"parent":9211,"menu_order":23,"comment_status":"closed","ping_status":"closed","template":"","meta":{"_acf_changed":false,"footnotes":""},"class_list":["post-9225","page","type-page","status-publish","has-post-thumbnail","hentry"],"acf":[],"yoast_head":"<!-- This site is optimized with the Yoast SEO plugin v27.3 - https:\/\/yoast.com\/product\/yoast-seo-wordpress\/ -->\n<title>Biosipec Advance - Ocialis<\/title>\n<meta name=\"robots\" content=\"index, follow, max-snippet:-1, max-image-preview:large, max-video-preview:-1\" \/>\n<link rel=\"canonical\" href=\"https:\/\/www.ocialis.asia\/vi\/services\/biosipecs\/biosipec-advance\/\" \/>\n<meta property=\"og:locale\" content=\"vi_VN\" \/>\n<meta property=\"og:type\" content=\"article\" \/>\n<meta property=\"og:title\" content=\"Biosipec Advance - Ocialis\" \/>\n<meta property=\"og:description\" content=\"BIOSIPEC Advance l\u00e0 g\u00ec? M\u00f4 h\u00ecnh n\u00e0y bao g\u1ed3m b\u1ec3 l\u1ecdc sinh h\u1ecdc, biofloc t\u00f9y ch\u1ecdn, xi ph\u00f4ng\/\u1ed1ng x\u1ea3 v\u00e0 b\u1ec3\/ao l\u1eafng. Previous Next B\u1ec3 l\u1ecdc sinh h\u1ecdc Chu\u1ea9n b\u1ecb nu\u00f4i c\u1ea5y vi sinh trong b\u1ec3 l\u1ecdc sinh h\u1ecdc \u0111\u1ea1t chu\u1ea9n tr\u01b0\u1edbc khi k\u1ebft n\u1ed1i v\u1edbi b\u1ec3\/ao \u01b0\u01a1ng nu\u00f4i\u200b Ki\u1ec3m so\u00e1t kh\u00ed \u0111\u1ed9c (NH3 v\u00e0 [&hellip;]\" \/>\n<meta property=\"og:url\" content=\"https:\/\/www.ocialis.asia\/vi\/services\/biosipecs\/biosipec-advance\/\" \/>\n<meta property=\"og:site_name\" content=\"Ocialis\" \/>\n<meta property=\"article:modified_time\" content=\"2023-02-22T18:39:12+00:00\" \/>\n<meta property=\"og:image\" content=\"http:\/\/www.ocialis.asia\/wp-content\/uploads\/2022\/11\/Biosipec-advance.jpg\" \/>\n\t<meta property=\"og:image:width\" content=\"800\" \/>\n\t<meta property=\"og:image:height\" content=\"533\" \/>\n\t<meta property=\"og:image:type\" content=\"image\/jpeg\" \/>\n<meta name=\"twitter:card\" content=\"summary_large_image\" \/>\n<meta name=\"twitter:label1\" content=\"Est. reading time\" \/>\n\t<meta name=\"twitter:data1\" content=\"2 minutes\" \/>\n<script type=\"application\/ld+json\" class=\"yoast-schema-graph\">{\"@context\":\"https:\\\/\\\/schema.org\",\"@graph\":[{\"@type\":\"WebPage\",\"@id\":\"https:\\\/\\\/www.ocialis.asia\\\/vi\\\/services\\\/biosipecs\\\/biosipec-advance\\\/\",\"url\":\"https:\\\/\\\/www.ocialis.asia\\\/vi\\\/services\\\/biosipecs\\\/biosipec-advance\\\/\",\"name\":\"Biosipec Advance - Ocialis\",\"isPartOf\":{\"@id\":\"https:\\\/\\\/www.ocialis.asia\\\/#website\"},\"primaryImageOfPage\":{\"@id\":\"https:\\\/\\\/www.ocialis.asia\\\/vi\\\/services\\\/biosipecs\\\/biosipec-advance\\\/#primaryimage\"},\"image\":{\"@id\":\"https:\\\/\\\/www.ocialis.asia\\\/vi\\\/services\\\/biosipecs\\\/biosipec-advance\\\/#primaryimage\"},\"thumbnailUrl\":\"https:\\\/\\\/www.ocialis.asia\\\/wp-content\\\/uploads\\\/2022\\\/11\\\/Biosipec-advance.jpg\",\"datePublished\":\"2022-11-07T10:40:40+00:00\",\"dateModified\":\"2023-02-22T18:39:12+00:00\",\"breadcrumb\":{\"@id\":\"https:\\\/\\\/www.ocialis.asia\\\/vi\\\/services\\\/biosipecs\\\/biosipec-advance\\\/#breadcrumb\"},\"inLanguage\":\"vi-VN\",\"potentialAction\":[{\"@type\":\"ReadAction\",\"target\":[\"https:\\\/\\\/www.ocialis.asia\\\/vi\\\/services\\\/biosipecs\\\/biosipec-advance\\\/\"]}]},{\"@type\":\"ImageObject\",\"inLanguage\":\"vi-VN\",\"@id\":\"https:\\\/\\\/www.ocialis.asia\\\/vi\\\/services\\\/biosipecs\\\/biosipec-advance\\\/#primaryimage\",\"url\":\"https:\\\/\\\/www.ocialis.asia\\\/wp-content\\\/uploads\\\/2022\\\/11\\\/Biosipec-advance.jpg\",\"contentUrl\":\"https:\\\/\\\/www.ocialis.asia\\\/wp-content\\\/uploads\\\/2022\\\/11\\\/Biosipec-advance.jpg\",\"width\":800,\"height\":533},{\"@type\":\"BreadcrumbList\",\"@id\":\"https:\\\/\\\/www.ocialis.asia\\\/vi\\\/services\\\/biosipecs\\\/biosipec-advance\\\/#breadcrumb\",\"itemListElement\":[{\"@type\":\"ListItem\",\"position\":1,\"name\":\"Trang ch\u1ee7\",\"item\":\"https:\\\/\\\/www.ocialis.asia\\\/\"},{\"@type\":\"ListItem\",\"position\":2,\"name\":\"D\u1ecbch V\u1ee5\",\"item\":\"https:\\\/\\\/www.ocialis.asia\\\/vi\\\/services\\\/\"},{\"@type\":\"ListItem\",\"position\":3,\"name\":\"BIOSIPEC\",\"item\":\"https:\\\/\\\/www.ocialis.asia\\\/vi\\\/services\\\/biosipecs\\\/\"},{\"@type\":\"ListItem\",\"position\":4,\"name\":\"Biosipec Advance\"}]},{\"@type\":\"WebSite\",\"@id\":\"https:\\\/\\\/www.ocialis.asia\\\/#website\",\"url\":\"https:\\\/\\\/www.ocialis.asia\\\/\",\"name\":\"Ocialis\",\"description\":\"\",\"publisher\":{\"@id\":\"https:\\\/\\\/www.ocialis.asia\\\/#organization\"},\"potentialAction\":[{\"@type\":\"SearchAction\",\"target\":{\"@type\":\"EntryPoint\",\"urlTemplate\":\"https:\\\/\\\/www.ocialis.asia\\\/?s={search_term_string}\"},\"query-input\":{\"@type\":\"PropertyValueSpecification\",\"valueRequired\":true,\"valueName\":\"search_term_string\"}}],\"inLanguage\":\"vi-VN\"},{\"@type\":\"Organization\",\"@id\":\"https:\\\/\\\/www.ocialis.asia\\\/#organization\",\"name\":\"Ocialis\",\"url\":\"https:\\\/\\\/www.ocialis.asia\\\/\",\"logo\":{\"@type\":\"ImageObject\",\"inLanguage\":\"vi-VN\",\"@id\":\"https:\\\/\\\/www.ocialis.asia\\\/#\\\/schema\\\/logo\\\/image\\\/\",\"url\":\"https:\\\/\\\/www.ocialis.asia\\\/wp-content\\\/uploads\\\/2022\\\/09\\\/adm-logo.png\",\"contentUrl\":\"https:\\\/\\\/www.ocialis.asia\\\/wp-content\\\/uploads\\\/2022\\\/09\\\/adm-logo.png\",\"width\":478,\"height\":100,\"caption\":\"Ocialis\"},\"image\":{\"@id\":\"https:\\\/\\\/www.ocialis.asia\\\/#\\\/schema\\\/logo\\\/image\\\/\"}}]}<\/script>\n<!-- \/ Yoast SEO plugin. -->","yoast_head_json":{"title":"Biosipec Advance - Ocialis","robots":{"index":"index","follow":"follow","max-snippet":"max-snippet:-1","max-image-preview":"max-image-preview:large","max-video-preview":"max-video-preview:-1"},"canonical":"https:\/\/www.ocialis.asia\/vi\/services\/biosipecs\/biosipec-advance\/","og_locale":"vi_VN","og_type":"article","og_title":"Biosipec Advance - Ocialis","og_description":"BIOSIPEC Advance l\u00e0 g\u00ec? M\u00f4 h\u00ecnh n\u00e0y bao g\u1ed3m b\u1ec3 l\u1ecdc sinh h\u1ecdc, biofloc t\u00f9y ch\u1ecdn, xi ph\u00f4ng\/\u1ed1ng x\u1ea3 v\u00e0 b\u1ec3\/ao l\u1eafng. Previous Next B\u1ec3 l\u1ecdc sinh h\u1ecdc Chu\u1ea9n b\u1ecb nu\u00f4i c\u1ea5y vi sinh trong b\u1ec3 l\u1ecdc sinh h\u1ecdc \u0111\u1ea1t chu\u1ea9n tr\u01b0\u1edbc khi k\u1ebft n\u1ed1i v\u1edbi b\u1ec3\/ao \u01b0\u01a1ng nu\u00f4i\u200b Ki\u1ec3m so\u00e1t kh\u00ed \u0111\u1ed9c (NH3 v\u00e0 [&hellip;]","og_url":"https:\/\/www.ocialis.asia\/vi\/services\/biosipecs\/biosipec-advance\/","og_site_name":"Ocialis","article_modified_time":"2023-02-22T18:39:12+00:00","og_image":[{"width":800,"height":533,"url":"http:\/\/www.ocialis.asia\/wp-content\/uploads\/2022\/11\/Biosipec-advance.jpg","type":"image\/jpeg"}],"twitter_card":"summary_large_image","twitter_misc":{"Est. reading time":"2 minutes"},"schema":{"@context":"https:\/\/schema.org","@graph":[{"@type":"WebPage","@id":"https:\/\/www.ocialis.asia\/vi\/services\/biosipecs\/biosipec-advance\/","url":"https:\/\/www.ocialis.asia\/vi\/services\/biosipecs\/biosipec-advance\/","name":"Biosipec Advance - Ocialis","isPartOf":{"@id":"https:\/\/www.ocialis.asia\/#website"},"primaryImageOfPage":{"@id":"https:\/\/www.ocialis.asia\/vi\/services\/biosipecs\/biosipec-advance\/#primaryimage"},"image":{"@id":"https:\/\/www.ocialis.asia\/vi\/services\/biosipecs\/biosipec-advance\/#primaryimage"},"thumbnailUrl":"https:\/\/www.ocialis.asia\/wp-content\/uploads\/2022\/11\/Biosipec-advance.jpg","datePublished":"2022-11-07T10:40:40+00:00","dateModified":"2023-02-22T18:39:12+00:00","breadcrumb":{"@id":"https:\/\/www.ocialis.asia\/vi\/services\/biosipecs\/biosipec-advance\/#breadcrumb"},"inLanguage":"vi-VN","potentialAction":[{"@type":"ReadAction","target":["https:\/\/www.ocialis.asia\/vi\/services\/biosipecs\/biosipec-advance\/"]}]},{"@type":"ImageObject","inLanguage":"vi-VN","@id":"https:\/\/www.ocialis.asia\/vi\/services\/biosipecs\/biosipec-advance\/#primaryimage","url":"https:\/\/www.ocialis.asia\/wp-content\/uploads\/2022\/11\/Biosipec-advance.jpg","contentUrl":"https:\/\/www.ocialis.asia\/wp-content\/uploads\/2022\/11\/Biosipec-advance.jpg","width":800,"height":533},{"@type":"BreadcrumbList","@id":"https:\/\/www.ocialis.asia\/vi\/services\/biosipecs\/biosipec-advance\/#breadcrumb","itemListElement":[{"@type":"ListItem","position":1,"name":"Trang ch\u1ee7","item":"https:\/\/www.ocialis.asia\/"},{"@type":"ListItem","position":2,"name":"D\u1ecbch V\u1ee5","item":"https:\/\/www.ocialis.asia\/vi\/services\/"},{"@type":"ListItem","position":3,"name":"BIOSIPEC","item":"https:\/\/www.ocialis.asia\/vi\/services\/biosipecs\/"},{"@type":"ListItem","position":4,"name":"Biosipec Advance"}]},{"@type":"WebSite","@id":"https:\/\/www.ocialis.asia\/#website","url":"https:\/\/www.ocialis.asia\/","name":"Ocialis","description":"","publisher":{"@id":"https:\/\/www.ocialis.asia\/#organization"},"potentialAction":[{"@type":"SearchAction","target":{"@type":"EntryPoint","urlTemplate":"https:\/\/www.ocialis.asia\/?s={search_term_string}"},"query-input":{"@type":"PropertyValueSpecification","valueRequired":true,"valueName":"search_term_string"}}],"inLanguage":"vi-VN"},{"@type":"Organization","@id":"https:\/\/www.ocialis.asia\/#organization","name":"Ocialis","url":"https:\/\/www.ocialis.asia\/","logo":{"@type":"ImageObject","inLanguage":"vi-VN","@id":"https:\/\/www.ocialis.asia\/#\/schema\/logo\/image\/","url":"https:\/\/www.ocialis.asia\/wp-content\/uploads\/2022\/09\/adm-logo.png","contentUrl":"https:\/\/www.ocialis.asia\/wp-content\/uploads\/2022\/09\/adm-logo.png","width":478,"height":100,"caption":"Ocialis"},"image":{"@id":"https:\/\/www.ocialis.asia\/#\/schema\/logo\/image\/"}}]}},"_links":{"self":[{"href":"https:\/\/www.ocialis.asia\/vi\/wp-json\/wp\/v2\/pages\/9225","targetHints":{"allow":["GET"]}}],"collection":[{"href":"https:\/\/www.ocialis.asia\/vi\/wp-json\/wp\/v2\/pages"}],"about":[{"href":"https:\/\/www.ocialis.asia\/vi\/wp-json\/wp\/v2\/types\/page"}],"author":[{"embeddable":true,"href":"https:\/\/www.ocialis.asia\/vi\/wp-json\/wp\/v2\/users\/27"}],"replies":[{"embeddable":true,"href":"https:\/\/www.ocialis.asia\/vi\/wp-json\/wp\/v2\/comments?post=9225"}],"version-history":[{"count":5,"href":"https:\/\/www.ocialis.asia\/vi\/wp-json\/wp\/v2\/pages\/9225\/revisions"}],"predecessor-version":[{"id":9508,"href":"https:\/\/www.ocialis.asia\/vi\/wp-json\/wp\/v2\/pages\/9225\/revisions\/9508"}],"up":[{"embeddable":true,"href":"https:\/\/www.ocialis.asia\/vi\/wp-json\/wp\/v2\/pages\/9211"}],"wp:featuredmedia":[{"embeddable":true,"href":"https:\/\/www.ocialis.asia\/vi\/wp-json\/wp\/v2\/media\/8532"}],"wp:attachment":[{"href":"https:\/\/www.ocialis.asia\/vi\/wp-json\/wp\/v2\/media?parent=9225"}],"curies":[{"name":"wp","href":"https:\/\/api.w.org\/{rel}","templated":true}]}}