{"id":9230,"date":"2022-11-06T10:45:57","date_gmt":"2022-11-06T10:45:57","guid":{"rendered":"http:\/\/ocialis.local\/services\/technical-services-mobile-lab\/"},"modified":"2023-09-15T03:55:13","modified_gmt":"2023-09-15T03:55:13","slug":"technical-services-mobile-lab","status":"publish","type":"page","link":"https:\/\/www.ocialis.asia\/vi\/services\/technical-services-mobile-lab\/","title":{"rendered":"D\u1ecbch V\u1ee5 K\u1ef9 Thu\u1eadt &#038; Mobile Lab"},"content":{"rendered":"\t\t<div data-elementor-type=\"wp-page\" data-elementor-id=\"9230\" class=\"elementor elementor-9230 elementor-7626\" data-elementor-post-type=\"page\">\n\t\t\t\t\t\t<section class=\"elementor-section elementor-top-section elementor-element elementor-element-b3a541d elementor-section-boxed elementor-section-height-default elementor-section-height-default\" data-id=\"b3a541d\" data-element_type=\"section\" data-e-type=\"section\">\n\t\t\t\t\t\t<div class=\"elementor-container elementor-column-gap-default\">\n\t\t\t\t\t<div class=\"elementor-column elementor-col-100 elementor-top-column elementor-element elementor-element-006d41d\" data-id=\"006d41d\" data-element_type=\"column\" data-e-type=\"column\">\n\t\t\t<div class=\"elementor-widget-wrap elementor-element-populated\">\n\t\t\t\t\t\t<section class=\"elementor-section elementor-inner-section elementor-element elementor-element-d099e38 elementor-section-boxed elementor-section-height-default elementor-section-height-default\" data-id=\"d099e38\" data-element_type=\"section\" data-e-type=\"section\">\n\t\t\t\t\t\t<div class=\"elementor-container elementor-column-gap-default\">\n\t\t\t\t\t<div class=\"elementor-column elementor-col-100 elementor-inner-column elementor-element elementor-element-7d14a0b\" data-id=\"7d14a0b\" data-element_type=\"column\" data-e-type=\"column\">\n\t\t\t<div class=\"elementor-widget-wrap elementor-element-populated\">\n\t\t\t\t\t\t<div class=\"elementor-element elementor-element-4a7fb05 elementor-widget elementor-widget-text-editor\" data-id=\"4a7fb05\" data-element_type=\"widget\" data-e-type=\"widget\" data-widget_type=\"text-editor.default\">\n\t\t\t\t<div class=\"elementor-widget-container\">\n\t\t\t\t\t\t\t\t\t<h4 id=\"isPasted\">CH\u00daNG T\u00d4I H\u1ed6 TR\u1ee2 KH\u00c1CH H\u00c0NG NH\u01af TH\u1ebe N\u00c0O?<\/h4><p>Th\u00f4ng qua \u0111\u1ed9i ng\u0169 k\u1ef9 thu\u1eadt b\u00e1n h\u00e0ng v\u00e0 chuy\u00ean gia c\u1ee7a t\u1eebng b\u1ed9 ph\u1eadn ch\u1ee9c n\u0103ng t\u1eeb c\u00e1c c\u1ea5p \u0111\u1ed9 \u0111\u1ecba ph\u01b0\u01a1ng, khu v\u1ef1c v\u00e0 to\u00e0n c\u1ea7u\u200b<\/p><ul><li>H\u1ed9i th\u1ea3o k\u1ef9 thu\u1eadt\u200b<\/li><li>Ch\u01b0\u01a1ng tr\u00ecnh cho \u0103n &amp; m\u00f4 h\u00ecnh t\u0103ng tr\u01b0\u1edfng\u200b<\/li><li>M\u00f4 h\u00ecnh nu\u00f4i t\u00f4m &amp; t\u1eadp hu\u1ea5n t\u1ea1i trung t\u00e2m R&amp;D\u200b<\/li><li>H\u1ed7 tr\u1ee3 nh\u1eadp tr\u1ee9ng c\u00e1 n\u01b0\u1edbc l\u1ea1nh cho kh\u00e1ch h\u00e0ng<\/li><\/ul>\t\t\t\t\t\t\t\t<\/div>\n\t\t\t\t<\/div>\n\t\t\t\t\t<\/div>\n\t\t<\/div>\n\t\t\t\t\t<\/div>\n\t\t<\/section>\n\t\t\t\t<div class=\"elementor-element elementor-element-a412915 elementor-widget elementor-widget-image\" data-id=\"a412915\" data-element_type=\"widget\" data-e-type=\"widget\" data-widget_type=\"image.default\">\n\t\t\t\t<div class=\"elementor-widget-container\">\n\t\t\t\t\t\t\t\t\t\t\t\t\t\t\t<img fetchpriority=\"high\" decoding=\"async\" width=\"800\" height=\"738\" src=\"https:\/\/www.ocialis.asia\/wp-content\/uploads\/2023\/07\/ADM-van-1024x944.jpg\" class=\"attachment-large size-large wp-image-9949\" alt=\"\" srcset=\"https:\/\/www.ocialis.asia\/wp-content\/uploads\/2023\/07\/ADM-van-1024x944.jpg 1024w, https:\/\/www.ocialis.asia\/wp-content\/uploads\/2023\/07\/ADM-van-300x277.jpg 300w, https:\/\/www.ocialis.asia\/wp-content\/uploads\/2023\/07\/ADM-van-768x708.jpg 768w, https:\/\/www.ocialis.asia\/wp-content\/uploads\/2023\/07\/ADM-van-1536x1416.jpg 1536w, https:\/\/www.ocialis.asia\/wp-content\/uploads\/2023\/07\/ADM-van-2048x1888.jpg 2048w\" sizes=\"(max-width: 800px) 100vw, 800px\" \/>\t\t\t\t\t\t\t\t\t\t\t\t\t\t\t<\/div>\n\t\t\t\t<\/div>\n\t\t\t\t<div class=\"elementor-element elementor-element-e514bd4 elementor-widget elementor-widget-text-editor\" data-id=\"e514bd4\" data-element_type=\"widget\" data-e-type=\"widget\" data-widget_type=\"text-editor.default\">\n\t\t\t\t<div class=\"elementor-widget-container\">\n\t\t\t\t\t\t\t\t\t<hr \/><h4>Ph\u00f2ng Th\u00ed Nghi\u1ec7m Di \u0111\u1ed9ng<\/h4><p>B\u00ean c\u1ea1nh k\u1ef9 thu\u1eadt c\u01a1 b\u1ea3n, c\u00e1c kh\u00e1ch h\u00e0ng tr\u1ecdng y\u1ebfu s\u1ebd \u0111\u01b0\u1ee3c h\u1ed7 tr\u1ee3 th\u00eam nhi\u1ec1u d\u1ecbch v\u1ee5, bao g\u1ed3m \u0111\u1ecbnh k\u1ef3 theo d\u00f5i ph\u00e2n t\u00edch ch\u1ea5t l\u01b0\u1ee3ng n\u01b0\u1edbc ao, chu\u1ea9n \u0111o\u00e1n ph\u00e1t hi\u1ec7n d\u1ecbch b\u1ec7nh v\u00e0 t\u01b0 v\u1ea5n ph\u00f2ng tr\u1ecb<\/p><ul><li>Ch\u1ee7 \u0111\u1ed9ng ph\u00f2ng b\u1ec7nh, gi\u1ea3m nguy c\u01a1 x\u1ea3y ra d\u1ecbch b\u1ec7nh \u200b<\/li><li>N\u00e2ng cao n\u0103ng su\u1ea5t nu\u00f4i t\u00f4m c\u00e1 v\u00e0 hi\u1ec7u qu\u1ea3 cho ng\u01b0\u1eddi nu\u00f4i<\/li><\/ul>\t\t\t\t\t\t\t\t<\/div>\n\t\t\t\t<\/div>\n\t\t\t\t\t<\/div>\n\t\t<\/div>\n\t\t\t\t\t<\/div>\n\t\t<\/section>\n\t\t\t\t<section class=\"elementor-section elementor-top-section elementor-element elementor-element-6d25c99 elementor-section-boxed elementor-section-height-default elementor-section-height-default\" data-id=\"6d25c99\" data-element_type=\"section\" data-e-type=\"section\">\n\t\t\t\t\t\t<div class=\"elementor-container elementor-column-gap-default\">\n\t\t\t\t\t<div class=\"elementor-column elementor-col-100 elementor-top-column elementor-element elementor-element-d68a81e\" data-id=\"d68a81e\" data-element_type=\"column\" data-e-type=\"column\">\n\t\t\t<div class=\"elementor-widget-wrap elementor-element-populated\">\n\t\t\t\t\t\t<div class=\"elementor-element elementor-element-f1b7750 elementor-widget elementor-widget-heading\" data-id=\"f1b7750\" data-element_type=\"widget\" data-e-type=\"widget\" data-widget_type=\"heading.default\">\n\t\t\t\t<div class=\"elementor-widget-container\">\n\t\t\t\t\t<h3 class=\"elementor-heading-title elementor-size-default\">C\u00e1ch th\u1ee9c ho\u1ea1t \u0111\u1ed9ng?<\/h3>\t\t\t\t<\/div>\n\t\t\t\t<\/div>\n\t\t\t\t<div class=\"elementor-element elementor-element-0be84b6 elementor-widget elementor-widget-image\" data-id=\"0be84b6\" data-element_type=\"widget\" data-e-type=\"widget\" data-widget_type=\"image.default\">\n\t\t\t\t<div class=\"elementor-widget-container\">\n\t\t\t\t\t\t\t\t\t\t\t\t\t\t\t<img decoding=\"async\" width=\"768\" height=\"402\" src=\"https:\/\/www.ocialis.asia\/wp-content\/uploads\/2023\/02\/Capture-decran-2023-02-19-a-18.41.38-768x402.png\" class=\"attachment-medium_large size-medium_large wp-image-9409\" alt=\"\" srcset=\"https:\/\/www.ocialis.asia\/wp-content\/uploads\/2023\/02\/Capture-decran-2023-02-19-a-18.41.38-768x402.png 768w, https:\/\/www.ocialis.asia\/wp-content\/uploads\/2023\/02\/Capture-decran-2023-02-19-a-18.41.38-300x157.png 300w, https:\/\/www.ocialis.asia\/wp-content\/uploads\/2023\/02\/Capture-decran-2023-02-19-a-18.41.38-1024x537.png 1024w, https:\/\/www.ocialis.asia\/wp-content\/uploads\/2023\/02\/Capture-decran-2023-02-19-a-18.41.38-1536x805.png 1536w, https:\/\/www.ocialis.asia\/wp-content\/uploads\/2023\/02\/Capture-decran-2023-02-19-a-18.41.38-2048x1073.png 2048w\" sizes=\"(max-width: 768px) 100vw, 768px\" \/>\t\t\t\t\t\t\t\t\t\t\t\t\t\t\t<\/div>\n\t\t\t\t<\/div>\n\t\t\t\t\t<\/div>\n\t\t<\/div>\n\t\t\t\t\t<\/div>\n\t\t<\/section>\n\t\t\t\t<\/div>\n\t\t","protected":false},"excerpt":{"rendered":"<p>CH\u00daNG T\u00d4I H\u1ed6 TR\u1ee2 KH\u00c1CH H\u00c0NG NH\u01af TH\u1ebe N\u00c0O? Th\u00f4ng qua \u0111\u1ed9i ng\u0169 k\u1ef9 thu\u1eadt b\u00e1n h\u00e0ng v\u00e0 chuy\u00ean gia c\u1ee7a t\u1eebng b\u1ed9 ph\u1eadn ch\u1ee9c n\u0103ng t\u1eeb c\u00e1c c\u1ea5p \u0111\u1ed9 \u0111\u1ecba ph\u01b0\u01a1ng, khu v\u1ef1c v\u00e0 to\u00e0n c\u1ea7u\u200b H\u1ed9i th\u1ea3o k\u1ef9 thu\u1eadt\u200b Ch\u01b0\u01a1ng tr\u00ecnh cho \u0103n &amp; m\u00f4 h\u00ecnh t\u0103ng tr\u01b0\u1edfng\u200b M\u00f4 h\u00ecnh nu\u00f4i t\u00f4m &amp; [&hellip;]<\/p>\n","protected":false},"author":27,"featured_media":0,"parent":9218,"menu_order":15,"comment_status":"closed","ping_status":"closed","template":"","meta":{"_acf_changed":false,"footnotes":""},"class_list":["post-9230","page","type-page","status-publish","hentry"],"acf":[],"yoast_head":"<!-- This site is optimized with the Yoast SEO plugin v27.4 - https:\/\/yoast.com\/product\/yoast-seo-wordpress\/ -->\n<title>D\u1ecbch V\u1ee5 K\u1ef9 Thu\u1eadt &amp; Mobile Lab - Ocialis<\/title>\n<meta name=\"robots\" content=\"index, follow, max-snippet:-1, max-image-preview:large, max-video-preview:-1\" \/>\n<link rel=\"canonical\" href=\"https:\/\/www.ocialis.asia\/vi\/services\/technical-services-mobile-lab\/\" \/>\n<meta property=\"og:locale\" content=\"vi_VN\" \/>\n<meta property=\"og:type\" content=\"article\" \/>\n<meta property=\"og:title\" content=\"D\u1ecbch V\u1ee5 K\u1ef9 Thu\u1eadt &amp; Mobile Lab - Ocialis\" \/>\n<meta property=\"og:description\" content=\"CH\u00daNG T\u00d4I H\u1ed6 TR\u1ee2 KH\u00c1CH H\u00c0NG NH\u01af TH\u1ebe N\u00c0O? Th\u00f4ng qua \u0111\u1ed9i ng\u0169 k\u1ef9 thu\u1eadt b\u00e1n h\u00e0ng v\u00e0 chuy\u00ean gia c\u1ee7a t\u1eebng b\u1ed9 ph\u1eadn ch\u1ee9c n\u0103ng t\u1eeb c\u00e1c c\u1ea5p \u0111\u1ed9 \u0111\u1ecba ph\u01b0\u01a1ng, khu v\u1ef1c v\u00e0 to\u00e0n c\u1ea7u\u200b H\u1ed9i th\u1ea3o k\u1ef9 thu\u1eadt\u200b Ch\u01b0\u01a1ng tr\u00ecnh cho \u0103n &amp; m\u00f4 h\u00ecnh t\u0103ng tr\u01b0\u1edfng\u200b M\u00f4 h\u00ecnh nu\u00f4i t\u00f4m &amp; [&hellip;]\" \/>\n<meta property=\"og:url\" content=\"https:\/\/www.ocialis.asia\/vi\/services\/technical-services-mobile-lab\/\" \/>\n<meta property=\"og:site_name\" content=\"Ocialis\" \/>\n<meta property=\"article:modified_time\" content=\"2023-09-15T03:55:13+00:00\" \/>\n<meta property=\"og:image\" content=\"http:\/\/www.ocialis.asia\/wp-content\/uploads\/2023\/07\/ADM-van-1024x944.jpg\" \/>\n<meta name=\"twitter:card\" content=\"summary_large_image\" \/>\n<meta name=\"twitter:label1\" content=\"Est. reading time\" \/>\n\t<meta name=\"twitter:data1\" content=\"2 minutes\" \/>\n<script type=\"application\/ld+json\" class=\"yoast-schema-graph\">{\"@context\":\"https:\\\/\\\/schema.org\",\"@graph\":[{\"@type\":\"WebPage\",\"@id\":\"https:\\\/\\\/www.ocialis.asia\\\/vi\\\/services\\\/technical-services-mobile-lab\\\/\",\"url\":\"https:\\\/\\\/www.ocialis.asia\\\/vi\\\/services\\\/technical-services-mobile-lab\\\/\",\"name\":\"D\u1ecbch V\u1ee5 K\u1ef9 Thu\u1eadt & Mobile Lab - Ocialis\",\"isPartOf\":{\"@id\":\"https:\\\/\\\/www.ocialis.asia\\\/#website\"},\"primaryImageOfPage\":{\"@id\":\"https:\\\/\\\/www.ocialis.asia\\\/vi\\\/services\\\/technical-services-mobile-lab\\\/#primaryimage\"},\"image\":{\"@id\":\"https:\\\/\\\/www.ocialis.asia\\\/vi\\\/services\\\/technical-services-mobile-lab\\\/#primaryimage\"},\"thumbnailUrl\":\"http:\\\/\\\/www.ocialis.asia\\\/wp-content\\\/uploads\\\/2023\\\/07\\\/ADM-van-1024x944.jpg\",\"datePublished\":\"2022-11-06T10:45:57+00:00\",\"dateModified\":\"2023-09-15T03:55:13+00:00\",\"breadcrumb\":{\"@id\":\"https:\\\/\\\/www.ocialis.asia\\\/vi\\\/services\\\/technical-services-mobile-lab\\\/#breadcrumb\"},\"inLanguage\":\"vi-VN\",\"potentialAction\":[{\"@type\":\"ReadAction\",\"target\":[\"https:\\\/\\\/www.ocialis.asia\\\/vi\\\/services\\\/technical-services-mobile-lab\\\/\"]}]},{\"@type\":\"ImageObject\",\"inLanguage\":\"vi-VN\",\"@id\":\"https:\\\/\\\/www.ocialis.asia\\\/vi\\\/services\\\/technical-services-mobile-lab\\\/#primaryimage\",\"url\":\"http:\\\/\\\/www.ocialis.asia\\\/wp-content\\\/uploads\\\/2023\\\/07\\\/ADM-van-1024x944.jpg\",\"contentUrl\":\"http:\\\/\\\/www.ocialis.asia\\\/wp-content\\\/uploads\\\/2023\\\/07\\\/ADM-van-1024x944.jpg\"},{\"@type\":\"BreadcrumbList\",\"@id\":\"https:\\\/\\\/www.ocialis.asia\\\/vi\\\/services\\\/technical-services-mobile-lab\\\/#breadcrumb\",\"itemListElement\":[{\"@type\":\"ListItem\",\"position\":1,\"name\":\"Trang ch\u1ee7\",\"item\":\"https:\\\/\\\/www.ocialis.asia\\\/\"},{\"@type\":\"ListItem\",\"position\":2,\"name\":\"D\u1ecbch V\u1ee5\",\"item\":\"https:\\\/\\\/www.ocialis.asia\\\/vi\\\/services\\\/\"},{\"@type\":\"ListItem\",\"position\":3,\"name\":\"D\u1ecbch V\u1ee5 K\u1ef9 Thu\u1eadt &#038; Mobile Lab\"}]},{\"@type\":\"WebSite\",\"@id\":\"https:\\\/\\\/www.ocialis.asia\\\/#website\",\"url\":\"https:\\\/\\\/www.ocialis.asia\\\/\",\"name\":\"Ocialis\",\"description\":\"\",\"publisher\":{\"@id\":\"https:\\\/\\\/www.ocialis.asia\\\/#organization\"},\"potentialAction\":[{\"@type\":\"SearchAction\",\"target\":{\"@type\":\"EntryPoint\",\"urlTemplate\":\"https:\\\/\\\/www.ocialis.asia\\\/?s={search_term_string}\"},\"query-input\":{\"@type\":\"PropertyValueSpecification\",\"valueRequired\":true,\"valueName\":\"search_term_string\"}}],\"inLanguage\":\"vi-VN\"},{\"@type\":\"Organization\",\"@id\":\"https:\\\/\\\/www.ocialis.asia\\\/#organization\",\"name\":\"Ocialis\",\"url\":\"https:\\\/\\\/www.ocialis.asia\\\/\",\"logo\":{\"@type\":\"ImageObject\",\"inLanguage\":\"vi-VN\",\"@id\":\"https:\\\/\\\/www.ocialis.asia\\\/#\\\/schema\\\/logo\\\/image\\\/\",\"url\":\"https:\\\/\\\/www.ocialis.asia\\\/wp-content\\\/uploads\\\/2022\\\/09\\\/adm-logo.png\",\"contentUrl\":\"https:\\\/\\\/www.ocialis.asia\\\/wp-content\\\/uploads\\\/2022\\\/09\\\/adm-logo.png\",\"width\":478,\"height\":100,\"caption\":\"Ocialis\"},\"image\":{\"@id\":\"https:\\\/\\\/www.ocialis.asia\\\/#\\\/schema\\\/logo\\\/image\\\/\"}}]}<\/script>\n<!-- \/ Yoast SEO plugin. -->","yoast_head_json":{"title":"D\u1ecbch V\u1ee5 K\u1ef9 Thu\u1eadt & Mobile Lab - Ocialis","robots":{"index":"index","follow":"follow","max-snippet":"max-snippet:-1","max-image-preview":"max-image-preview:large","max-video-preview":"max-video-preview:-1"},"canonical":"https:\/\/www.ocialis.asia\/vi\/services\/technical-services-mobile-lab\/","og_locale":"vi_VN","og_type":"article","og_title":"D\u1ecbch V\u1ee5 K\u1ef9 Thu\u1eadt & Mobile Lab - Ocialis","og_description":"CH\u00daNG T\u00d4I H\u1ed6 TR\u1ee2 KH\u00c1CH H\u00c0NG NH\u01af TH\u1ebe N\u00c0O? Th\u00f4ng qua \u0111\u1ed9i ng\u0169 k\u1ef9 thu\u1eadt b\u00e1n h\u00e0ng v\u00e0 chuy\u00ean gia c\u1ee7a t\u1eebng b\u1ed9 ph\u1eadn ch\u1ee9c n\u0103ng t\u1eeb c\u00e1c c\u1ea5p \u0111\u1ed9 \u0111\u1ecba ph\u01b0\u01a1ng, khu v\u1ef1c v\u00e0 to\u00e0n c\u1ea7u\u200b H\u1ed9i th\u1ea3o k\u1ef9 thu\u1eadt\u200b Ch\u01b0\u01a1ng tr\u00ecnh cho \u0103n &amp; m\u00f4 h\u00ecnh t\u0103ng tr\u01b0\u1edfng\u200b M\u00f4 h\u00ecnh nu\u00f4i t\u00f4m &amp; [&hellip;]","og_url":"https:\/\/www.ocialis.asia\/vi\/services\/technical-services-mobile-lab\/","og_site_name":"Ocialis","article_modified_time":"2023-09-15T03:55:13+00:00","og_image":[{"url":"http:\/\/www.ocialis.asia\/wp-content\/uploads\/2023\/07\/ADM-van-1024x944.jpg","type":"","width":"","height":""}],"twitter_card":"summary_large_image","twitter_misc":{"Est. reading time":"2 minutes"},"schema":{"@context":"https:\/\/schema.org","@graph":[{"@type":"WebPage","@id":"https:\/\/www.ocialis.asia\/vi\/services\/technical-services-mobile-lab\/","url":"https:\/\/www.ocialis.asia\/vi\/services\/technical-services-mobile-lab\/","name":"D\u1ecbch V\u1ee5 K\u1ef9 Thu\u1eadt & Mobile Lab - Ocialis","isPartOf":{"@id":"https:\/\/www.ocialis.asia\/#website"},"primaryImageOfPage":{"@id":"https:\/\/www.ocialis.asia\/vi\/services\/technical-services-mobile-lab\/#primaryimage"},"image":{"@id":"https:\/\/www.ocialis.asia\/vi\/services\/technical-services-mobile-lab\/#primaryimage"},"thumbnailUrl":"http:\/\/www.ocialis.asia\/wp-content\/uploads\/2023\/07\/ADM-van-1024x944.jpg","datePublished":"2022-11-06T10:45:57+00:00","dateModified":"2023-09-15T03:55:13+00:00","breadcrumb":{"@id":"https:\/\/www.ocialis.asia\/vi\/services\/technical-services-mobile-lab\/#breadcrumb"},"inLanguage":"vi-VN","potentialAction":[{"@type":"ReadAction","target":["https:\/\/www.ocialis.asia\/vi\/services\/technical-services-mobile-lab\/"]}]},{"@type":"ImageObject","inLanguage":"vi-VN","@id":"https:\/\/www.ocialis.asia\/vi\/services\/technical-services-mobile-lab\/#primaryimage","url":"http:\/\/www.ocialis.asia\/wp-content\/uploads\/2023\/07\/ADM-van-1024x944.jpg","contentUrl":"http:\/\/www.ocialis.asia\/wp-content\/uploads\/2023\/07\/ADM-van-1024x944.jpg"},{"@type":"BreadcrumbList","@id":"https:\/\/www.ocialis.asia\/vi\/services\/technical-services-mobile-lab\/#breadcrumb","itemListElement":[{"@type":"ListItem","position":1,"name":"Trang ch\u1ee7","item":"https:\/\/www.ocialis.asia\/"},{"@type":"ListItem","position":2,"name":"D\u1ecbch V\u1ee5","item":"https:\/\/www.ocialis.asia\/vi\/services\/"},{"@type":"ListItem","position":3,"name":"D\u1ecbch V\u1ee5 K\u1ef9 Thu\u1eadt &#038; Mobile Lab"}]},{"@type":"WebSite","@id":"https:\/\/www.ocialis.asia\/#website","url":"https:\/\/www.ocialis.asia\/","name":"Ocialis","description":"","publisher":{"@id":"https:\/\/www.ocialis.asia\/#organization"},"potentialAction":[{"@type":"SearchAction","target":{"@type":"EntryPoint","urlTemplate":"https:\/\/www.ocialis.asia\/?s={search_term_string}"},"query-input":{"@type":"PropertyValueSpecification","valueRequired":true,"valueName":"search_term_string"}}],"inLanguage":"vi-VN"},{"@type":"Organization","@id":"https:\/\/www.ocialis.asia\/#organization","name":"Ocialis","url":"https:\/\/www.ocialis.asia\/","logo":{"@type":"ImageObject","inLanguage":"vi-VN","@id":"https:\/\/www.ocialis.asia\/#\/schema\/logo\/image\/","url":"https:\/\/www.ocialis.asia\/wp-content\/uploads\/2022\/09\/adm-logo.png","contentUrl":"https:\/\/www.ocialis.asia\/wp-content\/uploads\/2022\/09\/adm-logo.png","width":478,"height":100,"caption":"Ocialis"},"image":{"@id":"https:\/\/www.ocialis.asia\/#\/schema\/logo\/image\/"}}]}},"_links":{"self":[{"href":"https:\/\/www.ocialis.asia\/vi\/wp-json\/wp\/v2\/pages\/9230","targetHints":{"allow":["GET"]}}],"collection":[{"href":"https:\/\/www.ocialis.asia\/vi\/wp-json\/wp\/v2\/pages"}],"about":[{"href":"https:\/\/www.ocialis.asia\/vi\/wp-json\/wp\/v2\/types\/page"}],"author":[{"embeddable":true,"href":"https:\/\/www.ocialis.asia\/vi\/wp-json\/wp\/v2\/users\/27"}],"replies":[{"embeddable":true,"href":"https:\/\/www.ocialis.asia\/vi\/wp-json\/wp\/v2\/comments?post=9230"}],"version-history":[{"count":5,"href":"https:\/\/www.ocialis.asia\/vi\/wp-json\/wp\/v2\/pages\/9230\/revisions"}],"predecessor-version":[{"id":9412,"href":"https:\/\/www.ocialis.asia\/vi\/wp-json\/wp\/v2\/pages\/9230\/revisions\/9412"}],"up":[{"embeddable":true,"href":"https:\/\/www.ocialis.asia\/vi\/wp-json\/wp\/v2\/pages\/9218"}],"wp:attachment":[{"href":"https:\/\/www.ocialis.asia\/vi\/wp-json\/wp\/v2\/media?parent=9230"}],"curies":[{"name":"wp","href":"https:\/\/api.w.org\/{rel}","templated":true}]}}