{"id":9250,"date":"2022-11-17T11:40:44","date_gmt":"2022-11-17T11:40:44","guid":{"rendered":"http:\/\/ocialis.local\/ocialis-asia-rd-footprint\/"},"modified":"2023-09-15T04:03:52","modified_gmt":"2023-09-15T04:03:52","slug":"ocialis-asia-rd-footprint","status":"publish","type":"page","link":"https:\/\/www.ocialis.asia\/vi\/rd\/ocialis-asia-rd-footprint\/","title":{"rendered":"Ph\u1ea1m Vi Ho\u1ea1t \u0110\u1ed9ng C\u1ee7a Trung T\u00e2m Nghi\u00ean C\u1ee9u V\u00e0 Ph\u00e1t Tri\u1ec3n Ch\u00e2u \u00c1"},"content":{"rendered":"\t\t<div data-elementor-type=\"wp-page\" data-elementor-id=\"9250\" class=\"elementor elementor-9250 elementor-8214\" data-elementor-post-type=\"page\">\n\t\t\t\t\t\t<section class=\"elementor-section elementor-top-section elementor-element elementor-element-dd128c3 elementor-section-boxed elementor-section-height-default elementor-section-height-default\" data-id=\"dd128c3\" data-element_type=\"section\" data-e-type=\"section\">\n\t\t\t\t\t\t<div class=\"elementor-container elementor-column-gap-default\">\n\t\t\t\t\t<div class=\"elementor-column elementor-col-100 elementor-top-column elementor-element elementor-element-76bdc78\" data-id=\"76bdc78\" data-element_type=\"column\" data-e-type=\"column\">\n\t\t\t<div class=\"elementor-widget-wrap elementor-element-populated\">\n\t\t\t\t\t\t<div class=\"elementor-element elementor-element-0f0663f elementor-widget elementor-widget-text-editor\" data-id=\"0f0663f\" data-element_type=\"widget\" data-e-type=\"widget\" data-widget_type=\"text-editor.default\">\n\t\t\t\t<div class=\"elementor-widget-container\">\n\t\t\t\t\t\t\t\t\t<div id=\"isPasted\"><div id=\"isPasted\"><h3>Ph\u1ea1m Vi Ho\u1ea1t \u0110\u1ed9ng C\u1ee7a Trung T\u00e2m Nghi\u00ean C\u1ee9u V\u00e0 Ph\u00e1t Tri\u1ec3n Ch\u00e2u \u00c1<\/h3><\/div><\/div>\t\t\t\t\t\t\t\t<\/div>\n\t\t\t\t<\/div>\n\t\t\t\t\t<\/div>\n\t\t<\/div>\n\t\t\t\t\t<\/div>\n\t\t<\/section>\n\t\t\t\t<section class=\"elementor-section elementor-top-section elementor-element elementor-element-cabbcf2 elementor-section-boxed elementor-section-height-default elementor-section-height-default\" data-id=\"cabbcf2\" data-element_type=\"section\" data-e-type=\"section\">\n\t\t\t\t\t\t<div class=\"elementor-container elementor-column-gap-default\">\n\t\t\t\t\t<div class=\"elementor-column elementor-col-100 elementor-top-column elementor-element elementor-element-558d069\" data-id=\"558d069\" data-element_type=\"column\" data-e-type=\"column\">\n\t\t\t<div class=\"elementor-widget-wrap elementor-element-populated\">\n\t\t\t\t\t\t<div class=\"elementor-element elementor-element-25eb8eb elementor-widget elementor-widget-text-editor\" data-id=\"25eb8eb\" data-element_type=\"widget\" data-e-type=\"widget\" data-widget_type=\"text-editor.default\">\n\t\t\t\t<div class=\"elementor-widget-container\">\n\t\t\t\t\t\t\t\t\t<p><strong>T\u1ea6M NH\u00ccN V\u00c0 NHI\u1ec6M V\u1ee4<\/strong><\/p><p>Trung t\u00e2m Nghi\u00ean c\u1ee9u v\u00e0 Ph\u00e1t tri\u1ec3n (R&amp;D) Nu\u00f4i tr\u1ed3ng Th\u1ee7y s\u1ea3n Ch\u00e2u \u00c1 t\u1eadp trung v\u00e0o t\u00ednh b\u1ec1n v\u1eefng, s\u1ee9c kh\u1ecfe v\u00e0 n\u0103ng su\u1ea5t v\u1edbi s\u1ee9 m\u1ec7nh tr\u1edf th\u00e0nh trung t\u00e2m R&amp;D xu\u1ea5t s\u1eafc to\u00e0n c\u1ea7u. \u0110\u1ec3 duy tr\u00ec ch\u1ea5t l\u01b0\u1ee3ng trong s\u1ea3n xu\u1ea5t th\u1ee9c \u0103n v\u00e0 cung c\u1ea5p d\u1ecbch v\u1ee5 trong nu\u00f4i tr\u1ed3ng th\u1ee7y s\u1ea3n, ch\u00fang t\u00f4i \u0111\u1ea3m b\u1ea3o r\u1eb1ng:<\/p>\t\t\t\t\t\t\t\t<\/div>\n\t\t\t\t<\/div>\n\t\t\t\t\t<\/div>\n\t\t<\/div>\n\t\t\t\t\t<\/div>\n\t\t<\/section>\n\t\t\t\t<section class=\"elementor-section elementor-top-section elementor-element elementor-element-cc6953d elementor-section-boxed elementor-section-height-default elementor-section-height-default\" data-id=\"cc6953d\" data-element_type=\"section\" data-e-type=\"section\">\n\t\t\t\t\t\t<div class=\"elementor-container elementor-column-gap-default\">\n\t\t\t\t\t<div class=\"elementor-column elementor-col-100 elementor-top-column elementor-element elementor-element-1175c3f\" data-id=\"1175c3f\" data-element_type=\"column\" data-e-type=\"column\">\n\t\t\t<div class=\"elementor-widget-wrap elementor-element-populated\">\n\t\t\t\t\t\t<div class=\"elementor-element elementor-element-f5ca8ad elementor-widget elementor-widget-text-editor\" data-id=\"f5ca8ad\" data-element_type=\"widget\" data-e-type=\"widget\" data-widget_type=\"text-editor.default\">\n\t\t\t\t<div class=\"elementor-widget-container\">\n\t\t\t\t\t\t\t\t\t<ul><li>C\u00e1n b\u1ed9 nghi\u00ean c\u1ee9u v\u00e0 nh\u00e2n vi\u00ean th\u01b0\u1eddng xuy\u00ean \u0111\u01b0\u1ee3c c\u1eadp nh\u1eadt ki\u1ebfn th\u1ee9c khoa h\u1ecdc &amp; v\u1eadn h\u00e0nh thi\u1ebft b\u1ecb. T\u1ea5t c\u1ea3 nh\u00e2n vi\u00ean tu\u00e2n th\u1ee7 nghi\u00eam ng\u1eb7t c\u00e1c quy t\u1eafc an to\u00e0n sinh h\u1ecdc trong to\u00e0n b\u1ed9 c\u01a1 s\u1edf.\u200b<\/li><li>M\u1ecdi quy tr\u00ecnh v\u00e0 ph\u01b0\u01a1ng ph\u00e1p nghi\u00ean c\u1ee9u \u0111\u1ec1u \u0111\u01b0\u1ee3c t\u01b0 v\u1ea5n b\u1edfi \u1ee6y ban Khoa h\u1ecdc To\u00e0n c\u1ea7u t\u1ea1i Ch\u00e2u \u00c2u. Ph\u01b0\u01a1ng ph\u00e1p c\u1ee7a ch\u00fang t\u00f4i \u0111\u01b0\u1ee3c bi\u1ebft \u0111\u1ebfn r\u1ed9ng r\u00e3i trong c\u1ed9ng \u0111\u1ed3ng nu\u00f4i tr\u1ed3ng th\u1ee7y s\u1ea3n\u200b<\/li><li>S\u1ea3n ph\u1ea9m c\u1ee7a ch\u00fang t\u00f4i lu\u00f4n \u0111\u01b0\u1ee3c c\u1ea3i ti\u1ebfn, nh\u1eb1m \u0111\u00e1p \u1ee9ng nhu c\u1ea7u c\u00f4ng nghi\u1ec7p cao. Ch\u00fang t\u00f4i lu\u00f4n c\u1ed1 g\u1eafng cung c\u1ea5p cho kh\u00e1ch h\u00e0ng c\u00e1c d\u1ecbch v\u1ee5 R&amp;D t\u1ed1t h\u01a1n so v\u1edbi c\u00e1c \u0111\u1ed1i th\u1ee7 c\u1ea1nh tranh. \u200b<\/li><li>C\u01a1 s\u1edf c\u1ee7a ch\u00fang t\u00f4i \u0111\u01b0\u1ee3c trang b\u1ecb t\u1ed1t c\u00e1c trang b\u1ecb v\u00e0 c\u00f4ng ngh\u1ec7 cao c\u1ea5p, c\u00f9ng v\u1edbi tay ngh\u1ec1 nh\u00e2n vi\u00ean cao, gi\u00fap ph\u00e1t tri\u1ec3n v\u00e0 th\u1eed nghi\u1ec7m c\u00e1c s\u1ea3n ph\u1ea9m v\u00e0 d\u1ecbch v\u1ee5 \u0111\u1ed5i m\u1edbi.\u200b<\/li><\/ul>\t\t\t\t\t\t\t\t<\/div>\n\t\t\t\t<\/div>\n\t\t\t\t\t<\/div>\n\t\t<\/div>\n\t\t\t\t\t<\/div>\n\t\t<\/section>\n\t\t\t\t<section class=\"elementor-section elementor-top-section elementor-element elementor-element-a7835a2 elementor-section-boxed elementor-section-height-default elementor-section-height-default\" data-id=\"a7835a2\" data-element_type=\"section\" data-e-type=\"section\">\n\t\t\t\t\t\t<div class=\"elementor-container elementor-column-gap-default\">\n\t\t\t\t\t<div class=\"elementor-column elementor-col-100 elementor-top-column elementor-element elementor-element-e211e70\" data-id=\"e211e70\" data-element_type=\"column\" data-e-type=\"column\">\n\t\t\t<div class=\"elementor-widget-wrap elementor-element-populated\">\n\t\t\t\t\t\t<div class=\"elementor-element elementor-element-8473b2b elementor-widget elementor-widget-heading\" data-id=\"8473b2b\" data-element_type=\"widget\" data-e-type=\"widget\" data-widget_type=\"heading.default\">\n\t\t\t\t<div class=\"elementor-widget-container\">\n\t\t\t\t\t<div class=\"elementor-heading-title elementor-size-default\">M\u1ea1ng l\u01b0\u1edbi R&amp;D c\u1ee7a ADM T\u1ea0I Ch\u00e2u \u00c1<\/div>\t\t\t\t<\/div>\n\t\t\t\t<\/div>\n\t\t\t\t\t<\/div>\n\t\t<\/div>\n\t\t\t\t\t<\/div>\n\t\t<\/section>\n\t\t\t\t<section class=\"elementor-section elementor-top-section elementor-element elementor-element-92095f8 elementor-section-boxed elementor-section-height-default elementor-section-height-default\" data-id=\"92095f8\" data-element_type=\"section\" data-e-type=\"section\">\n\t\t\t\t\t\t<div class=\"elementor-container elementor-column-gap-default\">\n\t\t\t\t\t<div class=\"elementor-column elementor-col-100 elementor-top-column elementor-element elementor-element-96d66e0\" data-id=\"96d66e0\" data-element_type=\"column\" data-e-type=\"column\">\n\t\t\t<div class=\"elementor-widget-wrap elementor-element-populated\">\n\t\t\t\t\t\t<div class=\"elementor-element elementor-element-68c9427 elementor-widget elementor-widget-image\" data-id=\"68c9427\" data-element_type=\"widget\" data-e-type=\"widget\" data-widget_type=\"image.default\">\n\t\t\t\t<div class=\"elementor-widget-container\">\n\t\t\t\t\t\t\t\t\t\t\t\t\t\t\t<img fetchpriority=\"high\" decoding=\"async\" width=\"800\" height=\"556\" src=\"https:\/\/www.ocialis.asia\/wp-content\/uploads\/2022\/11\/OCIALIS-ASIA-RD-NETWORK-1024x712.png\" class=\"attachment-large size-large wp-image-7830\" alt=\"\" srcset=\"https:\/\/www.ocialis.asia\/wp-content\/uploads\/2022\/11\/OCIALIS-ASIA-RD-NETWORK-1024x712.png 1024w, https:\/\/www.ocialis.asia\/wp-content\/uploads\/2022\/11\/OCIALIS-ASIA-RD-NETWORK-300x209.png 300w, https:\/\/www.ocialis.asia\/wp-content\/uploads\/2022\/11\/OCIALIS-ASIA-RD-NETWORK-768x534.png 768w, https:\/\/www.ocialis.asia\/wp-content\/uploads\/2022\/11\/OCIALIS-ASIA-RD-NETWORK.png 1419w\" sizes=\"(max-width: 800px) 100vw, 800px\" \/>\t\t\t\t\t\t\t\t\t\t\t\t\t\t\t<\/div>\n\t\t\t\t<\/div>\n\t\t\t\t\t<\/div>\n\t\t<\/div>\n\t\t\t\t\t<\/div>\n\t\t<\/section>\n\t\t\t\t<\/div>\n\t\t","protected":false},"excerpt":{"rendered":"<p>Ph\u1ea1m Vi Ho\u1ea1t \u0110\u1ed9ng C\u1ee7a Trung T\u00e2m Nghi\u00ean C\u1ee9u V\u00e0 Ph\u00e1t Tri\u1ec3n Ch\u00e2u \u00c1 T\u1ea6M NH\u00ccN V\u00c0 NHI\u1ec6M V\u1ee4 Trung t\u00e2m Nghi\u00ean c\u1ee9u v\u00e0 Ph\u00e1t tri\u1ec3n (R&amp;D) Nu\u00f4i tr\u1ed3ng Th\u1ee7y s\u1ea3n Ch\u00e2u \u00c1 t\u1eadp trung v\u00e0o t\u00ednh b\u1ec1n v\u1eefng, s\u1ee9c kh\u1ecfe v\u00e0 n\u0103ng su\u1ea5t v\u1edbi s\u1ee9 m\u1ec7nh tr\u1edf th\u00e0nh trung t\u00e2m R&amp;D xu\u1ea5t s\u1eafc to\u00e0n [&hellip;]<\/p>\n","protected":false},"author":27,"featured_media":0,"parent":9255,"menu_order":35,"comment_status":"closed","ping_status":"closed","template":"","meta":{"_acf_changed":false,"footnotes":""},"class_list":["post-9250","page","type-page","status-publish","hentry"],"acf":[],"yoast_head":"<!-- This site is optimized with the Yoast SEO plugin v27.3 - https:\/\/yoast.com\/product\/yoast-seo-wordpress\/ -->\n<title>Ph\u1ea1m Vi Ho\u1ea1t \u0110\u1ed9ng C\u1ee7a Trung T\u00e2m Nghi\u00ean C\u1ee9u V\u00e0 Ph\u00e1t Tri\u1ec3n Ch\u00e2u \u00c1 - Ocialis<\/title>\n<meta name=\"robots\" content=\"index, follow, max-snippet:-1, max-image-preview:large, max-video-preview:-1\" \/>\n<link rel=\"canonical\" href=\"https:\/\/www.ocialis.asia\/vi\/rd\/ocialis-asia-rd-footprint\/\" \/>\n<meta property=\"og:locale\" content=\"vi_VN\" \/>\n<meta property=\"og:type\" content=\"article\" \/>\n<meta property=\"og:title\" content=\"Ph\u1ea1m Vi Ho\u1ea1t \u0110\u1ed9ng C\u1ee7a Trung T\u00e2m Nghi\u00ean C\u1ee9u V\u00e0 Ph\u00e1t Tri\u1ec3n Ch\u00e2u \u00c1 - Ocialis\" \/>\n<meta property=\"og:description\" content=\"Ph\u1ea1m Vi Ho\u1ea1t \u0110\u1ed9ng C\u1ee7a Trung T\u00e2m Nghi\u00ean C\u1ee9u V\u00e0 Ph\u00e1t Tri\u1ec3n Ch\u00e2u \u00c1 T\u1ea6M NH\u00ccN V\u00c0 NHI\u1ec6M V\u1ee4 Trung t\u00e2m Nghi\u00ean c\u1ee9u v\u00e0 Ph\u00e1t tri\u1ec3n (R&amp;D) Nu\u00f4i tr\u1ed3ng Th\u1ee7y s\u1ea3n Ch\u00e2u \u00c1 t\u1eadp trung v\u00e0o t\u00ednh b\u1ec1n v\u1eefng, s\u1ee9c kh\u1ecfe v\u00e0 n\u0103ng su\u1ea5t v\u1edbi s\u1ee9 m\u1ec7nh tr\u1edf th\u00e0nh trung t\u00e2m R&amp;D xu\u1ea5t s\u1eafc to\u00e0n [&hellip;]\" \/>\n<meta property=\"og:url\" content=\"https:\/\/www.ocialis.asia\/vi\/rd\/ocialis-asia-rd-footprint\/\" \/>\n<meta property=\"og:site_name\" content=\"Ocialis\" \/>\n<meta property=\"article:modified_time\" content=\"2023-09-15T04:03:52+00:00\" \/>\n<meta property=\"og:image\" content=\"http:\/\/www.ocialis.asia\/wp-content\/uploads\/2022\/11\/OCIALIS-ASIA-RD-NETWORK-1024x712.png\" \/>\n<meta name=\"twitter:card\" content=\"summary_large_image\" \/>\n<meta name=\"twitter:label1\" content=\"Est. reading time\" \/>\n\t<meta name=\"twitter:data1\" content=\"2 minutes\" \/>\n<script type=\"application\/ld+json\" class=\"yoast-schema-graph\">{\"@context\":\"https:\\\/\\\/schema.org\",\"@graph\":[{\"@type\":\"WebPage\",\"@id\":\"https:\\\/\\\/www.ocialis.asia\\\/vi\\\/rd\\\/ocialis-asia-rd-footprint\\\/\",\"url\":\"https:\\\/\\\/www.ocialis.asia\\\/vi\\\/rd\\\/ocialis-asia-rd-footprint\\\/\",\"name\":\"Ph\u1ea1m Vi Ho\u1ea1t \u0110\u1ed9ng C\u1ee7a Trung T\u00e2m Nghi\u00ean C\u1ee9u V\u00e0 Ph\u00e1t Tri\u1ec3n Ch\u00e2u \u00c1 - Ocialis\",\"isPartOf\":{\"@id\":\"https:\\\/\\\/www.ocialis.asia\\\/#website\"},\"primaryImageOfPage\":{\"@id\":\"https:\\\/\\\/www.ocialis.asia\\\/vi\\\/rd\\\/ocialis-asia-rd-footprint\\\/#primaryimage\"},\"image\":{\"@id\":\"https:\\\/\\\/www.ocialis.asia\\\/vi\\\/rd\\\/ocialis-asia-rd-footprint\\\/#primaryimage\"},\"thumbnailUrl\":\"http:\\\/\\\/www.ocialis.asia\\\/wp-content\\\/uploads\\\/2022\\\/11\\\/OCIALIS-ASIA-RD-NETWORK-1024x712.png\",\"datePublished\":\"2022-11-17T11:40:44+00:00\",\"dateModified\":\"2023-09-15T04:03:52+00:00\",\"breadcrumb\":{\"@id\":\"https:\\\/\\\/www.ocialis.asia\\\/vi\\\/rd\\\/ocialis-asia-rd-footprint\\\/#breadcrumb\"},\"inLanguage\":\"vi-VN\",\"potentialAction\":[{\"@type\":\"ReadAction\",\"target\":[\"https:\\\/\\\/www.ocialis.asia\\\/vi\\\/rd\\\/ocialis-asia-rd-footprint\\\/\"]}]},{\"@type\":\"ImageObject\",\"inLanguage\":\"vi-VN\",\"@id\":\"https:\\\/\\\/www.ocialis.asia\\\/vi\\\/rd\\\/ocialis-asia-rd-footprint\\\/#primaryimage\",\"url\":\"http:\\\/\\\/www.ocialis.asia\\\/wp-content\\\/uploads\\\/2022\\\/11\\\/OCIALIS-ASIA-RD-NETWORK-1024x712.png\",\"contentUrl\":\"http:\\\/\\\/www.ocialis.asia\\\/wp-content\\\/uploads\\\/2022\\\/11\\\/OCIALIS-ASIA-RD-NETWORK-1024x712.png\"},{\"@type\":\"BreadcrumbList\",\"@id\":\"https:\\\/\\\/www.ocialis.asia\\\/vi\\\/rd\\\/ocialis-asia-rd-footprint\\\/#breadcrumb\",\"itemListElement\":[{\"@type\":\"ListItem\",\"position\":1,\"name\":\"Trang ch\u1ee7\",\"item\":\"https:\\\/\\\/www.ocialis.asia\\\/\"},{\"@type\":\"ListItem\",\"position\":2,\"name\":\"R&#038;D\",\"item\":\"https:\\\/\\\/www.ocialis.asia\\\/vi\\\/rd\\\/\"},{\"@type\":\"ListItem\",\"position\":3,\"name\":\"Ph\u1ea1m Vi Ho\u1ea1t \u0110\u1ed9ng C\u1ee7a Trung T\u00e2m Nghi\u00ean C\u1ee9u V\u00e0 Ph\u00e1t Tri\u1ec3n Ch\u00e2u \u00c1\"}]},{\"@type\":\"WebSite\",\"@id\":\"https:\\\/\\\/www.ocialis.asia\\\/#website\",\"url\":\"https:\\\/\\\/www.ocialis.asia\\\/\",\"name\":\"Ocialis\",\"description\":\"\",\"publisher\":{\"@id\":\"https:\\\/\\\/www.ocialis.asia\\\/#organization\"},\"potentialAction\":[{\"@type\":\"SearchAction\",\"target\":{\"@type\":\"EntryPoint\",\"urlTemplate\":\"https:\\\/\\\/www.ocialis.asia\\\/?s={search_term_string}\"},\"query-input\":{\"@type\":\"PropertyValueSpecification\",\"valueRequired\":true,\"valueName\":\"search_term_string\"}}],\"inLanguage\":\"vi-VN\"},{\"@type\":\"Organization\",\"@id\":\"https:\\\/\\\/www.ocialis.asia\\\/#organization\",\"name\":\"Ocialis\",\"url\":\"https:\\\/\\\/www.ocialis.asia\\\/\",\"logo\":{\"@type\":\"ImageObject\",\"inLanguage\":\"vi-VN\",\"@id\":\"https:\\\/\\\/www.ocialis.asia\\\/#\\\/schema\\\/logo\\\/image\\\/\",\"url\":\"https:\\\/\\\/www.ocialis.asia\\\/wp-content\\\/uploads\\\/2022\\\/09\\\/adm-logo.png\",\"contentUrl\":\"https:\\\/\\\/www.ocialis.asia\\\/wp-content\\\/uploads\\\/2022\\\/09\\\/adm-logo.png\",\"width\":478,\"height\":100,\"caption\":\"Ocialis\"},\"image\":{\"@id\":\"https:\\\/\\\/www.ocialis.asia\\\/#\\\/schema\\\/logo\\\/image\\\/\"}}]}<\/script>\n<!-- \/ Yoast SEO plugin. -->","yoast_head_json":{"title":"Ph\u1ea1m Vi Ho\u1ea1t \u0110\u1ed9ng C\u1ee7a Trung T\u00e2m Nghi\u00ean C\u1ee9u V\u00e0 Ph\u00e1t Tri\u1ec3n Ch\u00e2u \u00c1 - Ocialis","robots":{"index":"index","follow":"follow","max-snippet":"max-snippet:-1","max-image-preview":"max-image-preview:large","max-video-preview":"max-video-preview:-1"},"canonical":"https:\/\/www.ocialis.asia\/vi\/rd\/ocialis-asia-rd-footprint\/","og_locale":"vi_VN","og_type":"article","og_title":"Ph\u1ea1m Vi Ho\u1ea1t \u0110\u1ed9ng C\u1ee7a Trung T\u00e2m Nghi\u00ean C\u1ee9u V\u00e0 Ph\u00e1t Tri\u1ec3n Ch\u00e2u \u00c1 - Ocialis","og_description":"Ph\u1ea1m Vi Ho\u1ea1t \u0110\u1ed9ng C\u1ee7a Trung T\u00e2m Nghi\u00ean C\u1ee9u V\u00e0 Ph\u00e1t Tri\u1ec3n Ch\u00e2u \u00c1 T\u1ea6M NH\u00ccN V\u00c0 NHI\u1ec6M V\u1ee4 Trung t\u00e2m Nghi\u00ean c\u1ee9u v\u00e0 Ph\u00e1t tri\u1ec3n (R&amp;D) Nu\u00f4i tr\u1ed3ng Th\u1ee7y s\u1ea3n Ch\u00e2u \u00c1 t\u1eadp trung v\u00e0o t\u00ednh b\u1ec1n v\u1eefng, s\u1ee9c kh\u1ecfe v\u00e0 n\u0103ng su\u1ea5t v\u1edbi s\u1ee9 m\u1ec7nh tr\u1edf th\u00e0nh trung t\u00e2m R&amp;D xu\u1ea5t s\u1eafc to\u00e0n [&hellip;]","og_url":"https:\/\/www.ocialis.asia\/vi\/rd\/ocialis-asia-rd-footprint\/","og_site_name":"Ocialis","article_modified_time":"2023-09-15T04:03:52+00:00","og_image":[{"url":"http:\/\/www.ocialis.asia\/wp-content\/uploads\/2022\/11\/OCIALIS-ASIA-RD-NETWORK-1024x712.png","type":"","width":"","height":""}],"twitter_card":"summary_large_image","twitter_misc":{"Est. reading time":"2 minutes"},"schema":{"@context":"https:\/\/schema.org","@graph":[{"@type":"WebPage","@id":"https:\/\/www.ocialis.asia\/vi\/rd\/ocialis-asia-rd-footprint\/","url":"https:\/\/www.ocialis.asia\/vi\/rd\/ocialis-asia-rd-footprint\/","name":"Ph\u1ea1m Vi Ho\u1ea1t \u0110\u1ed9ng C\u1ee7a Trung T\u00e2m Nghi\u00ean C\u1ee9u V\u00e0 Ph\u00e1t Tri\u1ec3n Ch\u00e2u \u00c1 - Ocialis","isPartOf":{"@id":"https:\/\/www.ocialis.asia\/#website"},"primaryImageOfPage":{"@id":"https:\/\/www.ocialis.asia\/vi\/rd\/ocialis-asia-rd-footprint\/#primaryimage"},"image":{"@id":"https:\/\/www.ocialis.asia\/vi\/rd\/ocialis-asia-rd-footprint\/#primaryimage"},"thumbnailUrl":"http:\/\/www.ocialis.asia\/wp-content\/uploads\/2022\/11\/OCIALIS-ASIA-RD-NETWORK-1024x712.png","datePublished":"2022-11-17T11:40:44+00:00","dateModified":"2023-09-15T04:03:52+00:00","breadcrumb":{"@id":"https:\/\/www.ocialis.asia\/vi\/rd\/ocialis-asia-rd-footprint\/#breadcrumb"},"inLanguage":"vi-VN","potentialAction":[{"@type":"ReadAction","target":["https:\/\/www.ocialis.asia\/vi\/rd\/ocialis-asia-rd-footprint\/"]}]},{"@type":"ImageObject","inLanguage":"vi-VN","@id":"https:\/\/www.ocialis.asia\/vi\/rd\/ocialis-asia-rd-footprint\/#primaryimage","url":"http:\/\/www.ocialis.asia\/wp-content\/uploads\/2022\/11\/OCIALIS-ASIA-RD-NETWORK-1024x712.png","contentUrl":"http:\/\/www.ocialis.asia\/wp-content\/uploads\/2022\/11\/OCIALIS-ASIA-RD-NETWORK-1024x712.png"},{"@type":"BreadcrumbList","@id":"https:\/\/www.ocialis.asia\/vi\/rd\/ocialis-asia-rd-footprint\/#breadcrumb","itemListElement":[{"@type":"ListItem","position":1,"name":"Trang ch\u1ee7","item":"https:\/\/www.ocialis.asia\/"},{"@type":"ListItem","position":2,"name":"R&#038;D","item":"https:\/\/www.ocialis.asia\/vi\/rd\/"},{"@type":"ListItem","position":3,"name":"Ph\u1ea1m Vi Ho\u1ea1t \u0110\u1ed9ng C\u1ee7a Trung T\u00e2m Nghi\u00ean C\u1ee9u V\u00e0 Ph\u00e1t Tri\u1ec3n Ch\u00e2u \u00c1"}]},{"@type":"WebSite","@id":"https:\/\/www.ocialis.asia\/#website","url":"https:\/\/www.ocialis.asia\/","name":"Ocialis","description":"","publisher":{"@id":"https:\/\/www.ocialis.asia\/#organization"},"potentialAction":[{"@type":"SearchAction","target":{"@type":"EntryPoint","urlTemplate":"https:\/\/www.ocialis.asia\/?s={search_term_string}"},"query-input":{"@type":"PropertyValueSpecification","valueRequired":true,"valueName":"search_term_string"}}],"inLanguage":"vi-VN"},{"@type":"Organization","@id":"https:\/\/www.ocialis.asia\/#organization","name":"Ocialis","url":"https:\/\/www.ocialis.asia\/","logo":{"@type":"ImageObject","inLanguage":"vi-VN","@id":"https:\/\/www.ocialis.asia\/#\/schema\/logo\/image\/","url":"https:\/\/www.ocialis.asia\/wp-content\/uploads\/2022\/09\/adm-logo.png","contentUrl":"https:\/\/www.ocialis.asia\/wp-content\/uploads\/2022\/09\/adm-logo.png","width":478,"height":100,"caption":"Ocialis"},"image":{"@id":"https:\/\/www.ocialis.asia\/#\/schema\/logo\/image\/"}}]}},"_links":{"self":[{"href":"https:\/\/www.ocialis.asia\/vi\/wp-json\/wp\/v2\/pages\/9250","targetHints":{"allow":["GET"]}}],"collection":[{"href":"https:\/\/www.ocialis.asia\/vi\/wp-json\/wp\/v2\/pages"}],"about":[{"href":"https:\/\/www.ocialis.asia\/vi\/wp-json\/wp\/v2\/types\/page"}],"author":[{"embeddable":true,"href":"https:\/\/www.ocialis.asia\/vi\/wp-json\/wp\/v2\/users\/27"}],"replies":[{"embeddable":true,"href":"https:\/\/www.ocialis.asia\/vi\/wp-json\/wp\/v2\/comments?post=9250"}],"version-history":[{"count":5,"href":"https:\/\/www.ocialis.asia\/vi\/wp-json\/wp\/v2\/pages\/9250\/revisions"}],"predecessor-version":[{"id":9526,"href":"https:\/\/www.ocialis.asia\/vi\/wp-json\/wp\/v2\/pages\/9250\/revisions\/9526"}],"up":[{"embeddable":true,"href":"https:\/\/www.ocialis.asia\/vi\/wp-json\/wp\/v2\/pages\/9255"}],"wp:attachment":[{"href":"https:\/\/www.ocialis.asia\/vi\/wp-json\/wp\/v2\/media?parent=9250"}],"curies":[{"name":"wp","href":"https:\/\/api.w.org\/{rel}","templated":true}]}}