{"id":9275,"date":"2022-11-08T18:05:22","date_gmt":"2022-11-08T18:05:22","guid":{"rendered":"http:\/\/ocialis.local\/about-ocialis\/"},"modified":"2024-01-15T07:30:47","modified_gmt":"2024-01-15T07:30:47","slug":"about-adm","status":"publish","type":"page","link":"https:\/\/www.ocialis.asia\/vi\/about-us\/about-adm\/","title":{"rendered":"V\u1ec1 ADM"},"content":{"rendered":"\t\t<div data-elementor-type=\"wp-page\" data-elementor-id=\"9275\" class=\"elementor elementor-9275 elementor-7831\" data-elementor-post-type=\"page\">\n\t\t\t\t\t\t<section class=\"elementor-section elementor-top-section elementor-element elementor-element-28f00c2 elementor-section-boxed elementor-section-height-default elementor-section-height-default\" data-id=\"28f00c2\" data-element_type=\"section\" data-e-type=\"section\">\n\t\t\t\t\t\t<div class=\"elementor-container elementor-column-gap-default\">\n\t\t\t\t\t<div class=\"elementor-column elementor-col-100 elementor-top-column elementor-element elementor-element-f80b858\" data-id=\"f80b858\" data-element_type=\"column\" data-e-type=\"column\">\n\t\t\t<div class=\"elementor-widget-wrap elementor-element-populated\">\n\t\t\t\t\t\t<div class=\"elementor-element elementor-element-2778c5c elementor-widget elementor-widget-text-editor\" data-id=\"2778c5c\" data-element_type=\"widget\" data-e-type=\"widget\" data-widget_type=\"text-editor.default\">\n\t\t\t\t<div class=\"elementor-widget-container\">\n\t\t\t\t\t\t\t\t\t<h3>ADM- Khai ph\u00f3ng s\u1ee9c m\u1ea1nh thi\u00ean nhi\u00ean, \u0111\u00e1p \u1ee9ng m\u1ecdi nhu c\u1ea7u v\u00e0 m\u00f4 h\u00ecnh nu\u00f4i th\u1ee7y s\u1ea3n kh\u00e1c nhau c\u1ee7a kh\u00e1ch h\u00e0ng<\/h3><h4>S\u1ee9 m\u1ec7nh:<\/h4><p>ADM Dinh d\u01b0\u1ee1ng \u0110\u1ed9ng v\u1eadt cung c\u1ea5p c\u00e1c gi\u1ea3i ph\u00e1p t\u00edch h\u1ee3p nh\u1eb1m gi\u1ea3i quy\u1ebft ba v\u1ea5n \u0111\u1ec1 ch\u00ednh c\u1ee7a ng\u01b0\u1eddi nu\u00f4i: S\u1ee9c kh\u1ecfe v\u1eadt nu\u00f4i, hi\u1ec7u su\u1ea5t,\u00a0<span style=\"color: var( --e-global-color-text ); font-family: var( --e-global-typography-text-font-family ), Sans-serif; font-weight: var( --e-global-typography-text-font-weight ); font-size: 1rem;\">b\u1ec1n v\u1eefng.\u00a0<\/span><span style=\"color: var( --e-global-color-text ); font-family: var( --e-global-typography-text-font-family ), Sans-serif; font-weight: var( --e-global-typography-text-font-weight ); font-size: 1rem;\">ADM thi\u1ebft k\u1ebf c\u00e1c c\u00f4ng th\u1ee9c dinh d\u01b0\u1ee1ng chu\u1ea9n x\u00e1c, \u0111\u00e1p \u1ee9ng nhu c\u1ea7u ri\u00eang bi\u1ec7t v\u1ec1 th\u1ec3 tr\u1ea1ng, s\u1ee9c kh\u1ecfe v\u00e0 t\u0103ng tr\u01b0\u1edfng cho nhi\u1ec1u lo\u00e0i th\u1ee7y s\u1ea3n (c\u00e1 bi\u1ec3n, c\u00e1 n\u01b0\u1edbc l\u1ea1nh, c\u00e1 n\u01b0\u1edbc ng\u1ecdt v\u00e0 t\u00f4m) \u1edf t\u1ea5t c\u1ea3 c\u00e1c giai \u0111o\u1ea1n (b\u1ed1 m\u1eb9, con gi\u1ed1ng, th\u01b0\u01a1ng ph\u1ea9m)<\/span><\/p><h4>C\u00f3 m\u1eb7t tr\u00ean to\u00e0n th\u1ebf gi\u1edbi:<\/h4><div><span style=\"font-family: Calibri, sans-serif;\">Ph\u1ea1m vi ho\u1ea1t \u0111\u1ed9ng to\u00e0n c\u1ea7u c\u00f9ng kh\u1ea3 n\u0103ng th\u1ea5u hi\u1ec7u \u0111\u1ecba ph\u01b0\u01a1ng gi\u00fap ADM mang l\u1ea1i nhi\u1ec1u l\u1ee3i th\u1ebf c\u1ea1nh tranh cho kh\u00e1ch h\u00e0ng. T\u1ea1i khu v\u1ef1c Ch\u00e2u \u00c1 Th\u00e1i B\u00ecnh D\u01b0\u01a1ng, ADM c\u00f3 m\u1eb7t \u1edf nhi\u1ec1u th\u1ecb tr\u01b0\u1eddng nh\u01b0 Vi\u1ec7t Nam, Trung Qu\u1ed1c, Indonesia, Philippines,&#8230;<\/span><span style=\"font-family: Calibri, sans-serif;\"><br \/><\/span><\/div><h4>T\u1ea1i sao n\u00ean ch\u1ecdn th\u1ee7y s\u1ea3n ADM?\u00a0<\/h4><div>ADM l\u00e0 c\u00f4ng ty h\u00e0ng \u0111\u1ea7u th\u1ebf gi\u1edbi v\u1ec1 n\u00f4ng nghi\u1ec7p. V\u1ec1 m\u1ea3ng dinh d\u01b0\u1ee1ng v\u1eadt nu\u00f4i, ch\u00fang t\u00f4i h\u1ee3p t\u00e1c v\u00e0 \u0111\u00e1p \u1ee9ng m\u1ecdi nhu c\u1ea7u c\u1ee7a kh\u00e1ch h\u00e0ng th\u00f4ng qua vi\u1ec7c cung c\u1ea5p ngu\u1ed3n dinh d\u01b0\u1ee1ng ch\u1ea5t l\u01b0\u1ee3ng cao v\u00e0 b\u1ec1n v\u1eefng. V\u1edbi \u0111\u1ed9i ng\u0169 chuy\u00ean gia gi\u00e0u kinh nghi\u1ec7m, c\u00e1c d\u00f2ng s\u1ea3n ph\u1ea9m li\u00ean t\u1ee5c \u0111\u01b0\u1ee3c ph\u00e1t tri\u1ec3n v\u1edbi n\u1ec1n t\u1ea3ng ki\u1ebfn th\u1ee9c dinh d\u01b0\u1ee1ng thu \u0111\u01b0\u1ee3c t\u1eeb m\u1ea1ng l\u01b0\u1edbi R&amp;D ADM to\u00e0n c\u1ea7u. Ch\u00fang t\u00f4i h\u1ee3p t\u00e1c v\u1edbi ng\u01b0\u1eddi nu\u00f4i \u0111\u1ec3 n\u00e2ng cao n\u0103ng su\u1ea5t v\u00e0 ph\u00e1t tri\u1ec3n c\u00e1c gi\u1ea3i ph\u00e1p nh\u1eb1m t\u1ea1o n\u00ean th\u00e0nh c\u00f4ng trong ng\u00e0nh nu\u00f4i tr\u1ed3ng th\u1ee7y s\u1ea3n. T\u00ecm hi\u1ec3u th\u00eam v\u1ec1 ADM Animal Nutrition (Dinh D\u01b0\u1ee1ng V\u1eadt Nu\u00f4i c\u1ee7a ADM) t\u1ea1i \u0111\u00e2y:<\/div><p>\u00a0<\/p>\t\t\t\t\t\t\t\t<\/div>\n\t\t\t\t<\/div>\n\t\t\t\t<div class=\"elementor-element elementor-element-6b541de elementor-widget elementor-widget-heading\" data-id=\"6b541de\" data-element_type=\"widget\" data-e-type=\"widget\" data-widget_type=\"heading.default\">\n\t\t\t\t<div class=\"elementor-widget-container\">\n\t\t\t\t\t<div class=\"elementor-heading-title elementor-size-default\">Video Animal Nutrition c\u1ee7a ADM<\/div>\t\t\t\t<\/div>\n\t\t\t\t<\/div>\n\t\t\t\t<div class=\"elementor-element elementor-element-740ce80 elementor-widget elementor-widget-html\" data-id=\"740ce80\" data-element_type=\"widget\" data-e-type=\"widget\" data-widget_type=\"html.default\">\n\t\t\t\t<div class=\"elementor-widget-container\">\n\t\t\t\t\t<div class=\"youtube-video-container\"><iframe width=\"560\" height=\"415\" src=\"https:\/\/www.youtube-nocookie.com\/embed\/7cgA7NvM_1I\" title=\"YouTube video player\" frameborder=\"0\" allow=\"accelerometer; autoplay; clipboard-write; encrypted-media; gyroscope; picture-in-picture\" allowfullscreen><\/iframe><\/div>\t\t\t\t<\/div>\n\t\t\t\t<\/div>\n\t\t\t\t<div class=\"elementor-element elementor-element-0c9934e elementor-widget elementor-widget-text-editor\" data-id=\"0c9934e\" data-element_type=\"widget\" data-e-type=\"widget\" data-widget_type=\"text-editor.default\">\n\t\t\t\t<div class=\"elementor-widget-container\">\n\t\t\t\t\t\t\t\t\t<h3>C\u00f4ng Ngh\u1ec7 S\u1ea3n Xu\u1ea5t <\/h3>\t\t\t\t\t\t\t\t<\/div>\n\t\t\t\t<\/div>\n\t\t\t\t<section class=\"elementor-section elementor-inner-section elementor-element elementor-element-49ecac7 elementor-section-boxed elementor-section-height-default elementor-section-height-default\" data-id=\"49ecac7\" data-element_type=\"section\" data-e-type=\"section\">\n\t\t\t\t\t\t<div class=\"elementor-container elementor-column-gap-default\">\n\t\t\t\t\t<div class=\"elementor-column elementor-col-50 elementor-inner-column elementor-element elementor-element-6e86255\" data-id=\"6e86255\" data-element_type=\"column\" data-e-type=\"column\">\n\t\t\t<div class=\"elementor-widget-wrap elementor-element-populated\">\n\t\t\t\t\t\t<div class=\"elementor-element elementor-element-fad5da7 elementor-widget elementor-widget-text-editor\" data-id=\"fad5da7\" data-element_type=\"widget\" data-e-type=\"widget\" data-widget_type=\"text-editor.default\">\n\t\t\t\t<div class=\"elementor-widget-container\">\n\t\t\t\t\t\t\t\t\t<p><strong>\u00c9p \u0111\u00f9n l\u1ea1nh:<\/strong><\/p><ul><li>Bao g\u1ed3m qu\u00e1 tr\u00ecnh \u00e9p l\u1ea1nh, ve vi\u00ean v\u00e0 s\u00e0ng ph\u00e2n c\u1ee1. Nhi\u1ec7t \u0111\u1ed9 \u00e9p \u0111\u00f9n ch\u1ec9 60 \u2103\u200b<\/li><li>T\u1ea1o vi\u00ean th\u1ee9c \u0103n si\u00eau nh\u1ecf, t\u1eeb 0,2-0,3 mm v\u00e0 0,3-0,5 mm\u200b<\/li><li>B\u1ea3o to\u00e0n dinh d\u01b0\u1ee1ng do \u00edt bi\u1ebfn t\u00ednh ch\u1ea5t \u0111\u1ea1m v\u00e0 b\u1ea3o v\u1ec7 nh\u00f3m vitamin B &amp; C\u200b<\/li><li>T\u0103ng kh\u1ea3 n\u0103ng ti\u00eau h\u00f3a v\u00e0 vi\u00ean th\u1ee9c \u0103n b\u1ec1n n\u01b0\u1edbc<\/li><\/ul>\t\t\t\t\t\t\t\t<\/div>\n\t\t\t\t<\/div>\n\t\t\t\t\t<\/div>\n\t\t<\/div>\n\t\t\t\t<div class=\"elementor-column elementor-col-50 elementor-inner-column elementor-element elementor-element-e1bf271\" data-id=\"e1bf271\" data-element_type=\"column\" data-e-type=\"column\">\n\t\t\t<div class=\"elementor-widget-wrap elementor-element-populated\">\n\t\t\t\t\t\t<div class=\"elementor-element elementor-element-16dd206 elementor-widget elementor-widget-text-editor\" data-id=\"16dd206\" data-element_type=\"widget\" data-e-type=\"widget\" data-widget_type=\"text-editor.default\">\n\t\t\t\t<div class=\"elementor-widget-container\">\n\t\t\t\t\t\t\t\t\t<p><strong>\u00c9p \u0111\u00f9n vi\u00ean si\u00eau nh\u1ecf:\u00a0<\/strong><\/p><ul><li>Bao g\u1ed3m qu\u00e1 tr\u00ecnh \u00e9p \u0111\u00f9n ti\u00eau chu\u1ea9n v\u00e0 s\u00e0ng ph\u00e2n c\u1ee1. Nhi\u1ec7t \u0111\u1ed9 \u00e9p \u0111\u00f9n l\u00ean \u0111\u1ebfn 120-125 \u2103\u200b<\/li><li>T\u1ea1o vi\u00ean si\u00eau nh\u1ecf\u200b<\/li><li>K\u00edch th\u01b0\u1edbc h\u1ea1t \u0111\u1ed3ng nh\u1ea5t\u200b<\/li><li>Vi\u00ean th\u1ee9c \u0103n b\u1ec1n n\u01b0\u1edbc<\/li><\/ul>\t\t\t\t\t\t\t\t<\/div>\n\t\t\t\t<\/div>\n\t\t\t\t\t<\/div>\n\t\t<\/div>\n\t\t\t\t\t<\/div>\n\t\t<\/section>\n\t\t\t\t<div class=\"elementor-element elementor-element-e6d1c8d elementor-widget elementor-widget-spacer\" data-id=\"e6d1c8d\" data-element_type=\"widget\" data-e-type=\"widget\" data-widget_type=\"spacer.default\">\n\t\t\t\t<div class=\"elementor-widget-container\">\n\t\t\t\t\t\t\t<div class=\"elementor-spacer\">\n\t\t\t<div class=\"elementor-spacer-inner\"><\/div>\n\t\t<\/div>\n\t\t\t\t\t\t<\/div>\n\t\t\t\t<\/div>\n\t\t\t\t<div class=\"elementor-element elementor-element-e3858c3 elementor-widget elementor-widget-heading\" data-id=\"e3858c3\" data-element_type=\"widget\" data-e-type=\"widget\" data-widget_type=\"heading.default\">\n\t\t\t\t<div class=\"elementor-widget-container\">\n\t\t\t\t\t<div class=\"elementor-heading-title elementor-size-default\">\u0110i\u1ec1u g\u00ec l\u00e0m n\u00ean s\u1ef1 v\u01b0\u1ee3t tr\u1ed9i trong c\u00e1c s\u1ea3n ph\u1ea9m c\u1ee7a Ocialis?\u200b<\/div>\t\t\t\t<\/div>\n\t\t\t\t<\/div>\n\t\t\t\t<div class=\"elementor-element elementor-element-667a88b elementor-widget elementor-widget-html\" data-id=\"667a88b\" data-element_type=\"widget\" data-e-type=\"widget\" data-widget_type=\"html.default\">\n\t\t\t\t<div class=\"elementor-widget-container\">\n\t\t\t\t\t<div class=\"youtube-video-container\"><iframe width=\"560\" height=\"415\" src=\"https:\/\/www.youtube.com\/embed\/arwG7-eT2IA?si=X-jbi9Mf3JhFpio4\" title=\"YouTube video player\" frameborder=\"0\" allow=\"accelerometer; autoplay; clipboard-write; encrypted-media; gyroscope; picture-in-picture\" allowfullscreen><\/iframe><\/div>\t\t\t\t<\/div>\n\t\t\t\t<\/div>\n\t\t\t\t\t<\/div>\n\t\t<\/div>\n\t\t\t\t\t<\/div>\n\t\t<\/section>\n\t\t\t\t<\/div>\n\t\t","protected":false},"excerpt":{"rendered":"<p>ADM- Khai ph\u00f3ng s\u1ee9c m\u1ea1nh thi\u00ean nhi\u00ean, \u0111\u00e1p \u1ee9ng m\u1ecdi nhu c\u1ea7u v\u00e0 m\u00f4 h\u00ecnh nu\u00f4i th\u1ee7y s\u1ea3n kh\u00e1c nhau c\u1ee7a kh\u00e1ch h\u00e0ng S\u1ee9 m\u1ec7nh: ADM Dinh d\u01b0\u1ee1ng \u0110\u1ed9ng v\u1eadt cung c\u1ea5p c\u00e1c gi\u1ea3i ph\u00e1p t\u00edch h\u1ee3p nh\u1eb1m gi\u1ea3i quy\u1ebft ba v\u1ea5n \u0111\u1ec1 ch\u00ednh c\u1ee7a ng\u01b0\u1eddi nu\u00f4i: S\u1ee9c kh\u1ecfe v\u1eadt nu\u00f4i, hi\u1ec7u su\u1ea5t,\u00a0b\u1ec1n v\u1eefng.\u00a0ADM thi\u1ebft [&hellip;]<\/p>\n","protected":false},"author":27,"featured_media":0,"parent":9281,"menu_order":27,"comment_status":"closed","ping_status":"closed","template":"","meta":{"_acf_changed":false,"footnotes":""},"class_list":["post-9275","page","type-page","status-publish","hentry"],"acf":[],"yoast_head":"<!-- This site is optimized with the Yoast SEO plugin v27.3 - https:\/\/yoast.com\/product\/yoast-seo-wordpress\/ -->\n<title>V\u1ec1 ADM - Ocialis<\/title>\n<meta name=\"robots\" content=\"index, follow, max-snippet:-1, max-image-preview:large, max-video-preview:-1\" \/>\n<link rel=\"canonical\" href=\"https:\/\/www.ocialis.asia\/vi\/about-us\/about-adm\/\" \/>\n<meta property=\"og:locale\" content=\"vi_VN\" \/>\n<meta property=\"og:type\" content=\"article\" \/>\n<meta property=\"og:title\" content=\"V\u1ec1 ADM - Ocialis\" \/>\n<meta property=\"og:description\" content=\"ADM- Khai ph\u00f3ng s\u1ee9c m\u1ea1nh thi\u00ean nhi\u00ean, \u0111\u00e1p \u1ee9ng m\u1ecdi nhu c\u1ea7u v\u00e0 m\u00f4 h\u00ecnh nu\u00f4i th\u1ee7y s\u1ea3n kh\u00e1c nhau c\u1ee7a kh\u00e1ch h\u00e0ng S\u1ee9 m\u1ec7nh: ADM Dinh d\u01b0\u1ee1ng \u0110\u1ed9ng v\u1eadt cung c\u1ea5p c\u00e1c gi\u1ea3i ph\u00e1p t\u00edch h\u1ee3p nh\u1eb1m gi\u1ea3i quy\u1ebft ba v\u1ea5n \u0111\u1ec1 ch\u00ednh c\u1ee7a ng\u01b0\u1eddi nu\u00f4i: S\u1ee9c kh\u1ecfe v\u1eadt nu\u00f4i, hi\u1ec7u su\u1ea5t,\u00a0b\u1ec1n v\u1eefng.\u00a0ADM thi\u1ebft [&hellip;]\" \/>\n<meta property=\"og:url\" content=\"https:\/\/www.ocialis.asia\/vi\/about-us\/about-adm\/\" \/>\n<meta property=\"og:site_name\" content=\"Ocialis\" \/>\n<meta property=\"article:modified_time\" content=\"2024-01-15T07:30:47+00:00\" \/>\n<meta name=\"twitter:card\" content=\"summary_large_image\" \/>\n<meta name=\"twitter:label1\" content=\"Est. reading time\" \/>\n\t<meta name=\"twitter:data1\" content=\"3 minutes\" \/>\n<script type=\"application\/ld+json\" class=\"yoast-schema-graph\">{\"@context\":\"https:\\\/\\\/schema.org\",\"@graph\":[{\"@type\":\"WebPage\",\"@id\":\"https:\\\/\\\/www.ocialis.asia\\\/vi\\\/about-us\\\/about-adm\\\/\",\"url\":\"https:\\\/\\\/www.ocialis.asia\\\/vi\\\/about-us\\\/about-adm\\\/\",\"name\":\"V\u1ec1 ADM - Ocialis\",\"isPartOf\":{\"@id\":\"https:\\\/\\\/www.ocialis.asia\\\/#website\"},\"datePublished\":\"2022-11-08T18:05:22+00:00\",\"dateModified\":\"2024-01-15T07:30:47+00:00\",\"breadcrumb\":{\"@id\":\"https:\\\/\\\/www.ocialis.asia\\\/vi\\\/about-us\\\/about-adm\\\/#breadcrumb\"},\"inLanguage\":\"vi-VN\",\"potentialAction\":[{\"@type\":\"ReadAction\",\"target\":[\"https:\\\/\\\/www.ocialis.asia\\\/vi\\\/about-us\\\/about-adm\\\/\"]}]},{\"@type\":\"BreadcrumbList\",\"@id\":\"https:\\\/\\\/www.ocialis.asia\\\/vi\\\/about-us\\\/about-adm\\\/#breadcrumb\",\"itemListElement\":[{\"@type\":\"ListItem\",\"position\":1,\"name\":\"Trang ch\u1ee7\",\"item\":\"https:\\\/\\\/www.ocialis.asia\\\/\"},{\"@type\":\"ListItem\",\"position\":2,\"name\":\"V\u1ec1 Ch\u00fang T\u00f4i\",\"item\":\"https:\\\/\\\/www.ocialis.asia\\\/vi\\\/about-us\\\/\"},{\"@type\":\"ListItem\",\"position\":3,\"name\":\"V\u1ec1 ADM\"}]},{\"@type\":\"WebSite\",\"@id\":\"https:\\\/\\\/www.ocialis.asia\\\/#website\",\"url\":\"https:\\\/\\\/www.ocialis.asia\\\/\",\"name\":\"Ocialis\",\"description\":\"\",\"publisher\":{\"@id\":\"https:\\\/\\\/www.ocialis.asia\\\/#organization\"},\"potentialAction\":[{\"@type\":\"SearchAction\",\"target\":{\"@type\":\"EntryPoint\",\"urlTemplate\":\"https:\\\/\\\/www.ocialis.asia\\\/?s={search_term_string}\"},\"query-input\":{\"@type\":\"PropertyValueSpecification\",\"valueRequired\":true,\"valueName\":\"search_term_string\"}}],\"inLanguage\":\"vi-VN\"},{\"@type\":\"Organization\",\"@id\":\"https:\\\/\\\/www.ocialis.asia\\\/#organization\",\"name\":\"Ocialis\",\"url\":\"https:\\\/\\\/www.ocialis.asia\\\/\",\"logo\":{\"@type\":\"ImageObject\",\"inLanguage\":\"vi-VN\",\"@id\":\"https:\\\/\\\/www.ocialis.asia\\\/#\\\/schema\\\/logo\\\/image\\\/\",\"url\":\"https:\\\/\\\/www.ocialis.asia\\\/wp-content\\\/uploads\\\/2022\\\/09\\\/adm-logo.png\",\"contentUrl\":\"https:\\\/\\\/www.ocialis.asia\\\/wp-content\\\/uploads\\\/2022\\\/09\\\/adm-logo.png\",\"width\":478,\"height\":100,\"caption\":\"Ocialis\"},\"image\":{\"@id\":\"https:\\\/\\\/www.ocialis.asia\\\/#\\\/schema\\\/logo\\\/image\\\/\"}}]}<\/script>\n<!-- \/ Yoast SEO plugin. -->","yoast_head_json":{"title":"V\u1ec1 ADM - Ocialis","robots":{"index":"index","follow":"follow","max-snippet":"max-snippet:-1","max-image-preview":"max-image-preview:large","max-video-preview":"max-video-preview:-1"},"canonical":"https:\/\/www.ocialis.asia\/vi\/about-us\/about-adm\/","og_locale":"vi_VN","og_type":"article","og_title":"V\u1ec1 ADM - Ocialis","og_description":"ADM- Khai ph\u00f3ng s\u1ee9c m\u1ea1nh thi\u00ean nhi\u00ean, \u0111\u00e1p \u1ee9ng m\u1ecdi nhu c\u1ea7u v\u00e0 m\u00f4 h\u00ecnh nu\u00f4i th\u1ee7y s\u1ea3n kh\u00e1c nhau c\u1ee7a kh\u00e1ch h\u00e0ng S\u1ee9 m\u1ec7nh: ADM Dinh d\u01b0\u1ee1ng \u0110\u1ed9ng v\u1eadt cung c\u1ea5p c\u00e1c gi\u1ea3i ph\u00e1p t\u00edch h\u1ee3p nh\u1eb1m gi\u1ea3i quy\u1ebft ba v\u1ea5n \u0111\u1ec1 ch\u00ednh c\u1ee7a ng\u01b0\u1eddi nu\u00f4i: S\u1ee9c kh\u1ecfe v\u1eadt nu\u00f4i, hi\u1ec7u su\u1ea5t,\u00a0b\u1ec1n v\u1eefng.\u00a0ADM thi\u1ebft [&hellip;]","og_url":"https:\/\/www.ocialis.asia\/vi\/about-us\/about-adm\/","og_site_name":"Ocialis","article_modified_time":"2024-01-15T07:30:47+00:00","twitter_card":"summary_large_image","twitter_misc":{"Est. reading time":"3 minutes"},"schema":{"@context":"https:\/\/schema.org","@graph":[{"@type":"WebPage","@id":"https:\/\/www.ocialis.asia\/vi\/about-us\/about-adm\/","url":"https:\/\/www.ocialis.asia\/vi\/about-us\/about-adm\/","name":"V\u1ec1 ADM - Ocialis","isPartOf":{"@id":"https:\/\/www.ocialis.asia\/#website"},"datePublished":"2022-11-08T18:05:22+00:00","dateModified":"2024-01-15T07:30:47+00:00","breadcrumb":{"@id":"https:\/\/www.ocialis.asia\/vi\/about-us\/about-adm\/#breadcrumb"},"inLanguage":"vi-VN","potentialAction":[{"@type":"ReadAction","target":["https:\/\/www.ocialis.asia\/vi\/about-us\/about-adm\/"]}]},{"@type":"BreadcrumbList","@id":"https:\/\/www.ocialis.asia\/vi\/about-us\/about-adm\/#breadcrumb","itemListElement":[{"@type":"ListItem","position":1,"name":"Trang ch\u1ee7","item":"https:\/\/www.ocialis.asia\/"},{"@type":"ListItem","position":2,"name":"V\u1ec1 Ch\u00fang T\u00f4i","item":"https:\/\/www.ocialis.asia\/vi\/about-us\/"},{"@type":"ListItem","position":3,"name":"V\u1ec1 ADM"}]},{"@type":"WebSite","@id":"https:\/\/www.ocialis.asia\/#website","url":"https:\/\/www.ocialis.asia\/","name":"Ocialis","description":"","publisher":{"@id":"https:\/\/www.ocialis.asia\/#organization"},"potentialAction":[{"@type":"SearchAction","target":{"@type":"EntryPoint","urlTemplate":"https:\/\/www.ocialis.asia\/?s={search_term_string}"},"query-input":{"@type":"PropertyValueSpecification","valueRequired":true,"valueName":"search_term_string"}}],"inLanguage":"vi-VN"},{"@type":"Organization","@id":"https:\/\/www.ocialis.asia\/#organization","name":"Ocialis","url":"https:\/\/www.ocialis.asia\/","logo":{"@type":"ImageObject","inLanguage":"vi-VN","@id":"https:\/\/www.ocialis.asia\/#\/schema\/logo\/image\/","url":"https:\/\/www.ocialis.asia\/wp-content\/uploads\/2022\/09\/adm-logo.png","contentUrl":"https:\/\/www.ocialis.asia\/wp-content\/uploads\/2022\/09\/adm-logo.png","width":478,"height":100,"caption":"Ocialis"},"image":{"@id":"https:\/\/www.ocialis.asia\/#\/schema\/logo\/image\/"}}]}},"_links":{"self":[{"href":"https:\/\/www.ocialis.asia\/vi\/wp-json\/wp\/v2\/pages\/9275","targetHints":{"allow":["GET"]}}],"collection":[{"href":"https:\/\/www.ocialis.asia\/vi\/wp-json\/wp\/v2\/pages"}],"about":[{"href":"https:\/\/www.ocialis.asia\/vi\/wp-json\/wp\/v2\/types\/page"}],"author":[{"embeddable":true,"href":"https:\/\/www.ocialis.asia\/vi\/wp-json\/wp\/v2\/users\/27"}],"replies":[{"embeddable":true,"href":"https:\/\/www.ocialis.asia\/vi\/wp-json\/wp\/v2\/comments?post=9275"}],"version-history":[{"count":5,"href":"https:\/\/www.ocialis.asia\/vi\/wp-json\/wp\/v2\/pages\/9275\/revisions"}],"predecessor-version":[{"id":10502,"href":"https:\/\/www.ocialis.asia\/vi\/wp-json\/wp\/v2\/pages\/9275\/revisions\/10502"}],"up":[{"embeddable":true,"href":"https:\/\/www.ocialis.asia\/vi\/wp-json\/wp\/v2\/pages\/9281"}],"wp:attachment":[{"href":"https:\/\/www.ocialis.asia\/vi\/wp-json\/wp\/v2\/media?parent=9275"}],"curies":[{"name":"wp","href":"https:\/\/api.w.org\/{rel}","templated":true}]}}