{"id":9294,"date":"2022-11-10T14:36:56","date_gmt":"2022-11-10T14:36:56","guid":{"rendered":"http:\/\/ocialis.local\/about-us\/ocialis-team\/"},"modified":"2024-01-11T08:14:41","modified_gmt":"2024-01-11T08:14:41","slug":"adm-team","status":"publish","type":"page","link":"https:\/\/www.ocialis.asia\/vi\/about-us\/adm-team\/","title":{"rendered":"\u0110\u1ed9i Ng\u0169 ADM"},"content":{"rendered":"\t\t<div data-elementor-type=\"wp-page\" data-elementor-id=\"9294\" class=\"elementor elementor-9294 elementor-7931\" data-elementor-post-type=\"page\">\n\t\t\t\t\t\t<section class=\"elementor-section elementor-top-section elementor-element elementor-element-2d5876d equal-height-content elementor-section-boxed elementor-section-height-default elementor-section-height-default\" data-id=\"2d5876d\" data-element_type=\"section\" data-e-type=\"section\">\n\t\t\t\t\t\t<div class=\"elementor-container elementor-column-gap-default\">\n\t\t\t\t\t<div class=\"elementor-column elementor-col-50 elementor-top-column elementor-element elementor-element-c6156ab\" data-id=\"c6156ab\" data-element_type=\"column\" data-e-type=\"column\">\n\t\t\t<div class=\"elementor-widget-wrap elementor-element-populated\">\n\t\t\t\t\t\t<section class=\"elementor-section elementor-inner-section elementor-element elementor-element-9ce552f elementor-section-boxed elementor-section-height-default elementor-section-height-default\" data-id=\"9ce552f\" data-element_type=\"section\" data-e-type=\"section\">\n\t\t\t\t\t\t<div class=\"elementor-container elementor-column-gap-default\">\n\t\t\t\t\t<div class=\"elementor-column elementor-col-100 elementor-inner-column elementor-element elementor-element-6aaf4b6 flexcol\" data-id=\"6aaf4b6\" data-element_type=\"column\" data-e-type=\"column\" data-settings=\"{&quot;background_background&quot;:&quot;gradient&quot;}\">\n\t\t\t<div class=\"elementor-widget-wrap elementor-element-populated\">\n\t\t\t\t\t\t<div class=\"elementor-element elementor-element-2eb6cef elementor-widget elementor-widget-image\" data-id=\"2eb6cef\" data-element_type=\"widget\" data-e-type=\"widget\" data-widget_type=\"image.default\">\n\t\t\t\t<div class=\"elementor-widget-container\">\n\t\t\t\t\t\t\t\t\t\t\t\t\t\t\t<img fetchpriority=\"high\" decoding=\"async\" width=\"484\" height=\"484\" src=\"https:\/\/www.ocialis.asia\/wp-content\/uploads\/2022\/11\/Marc-Campet.jpg\" class=\"attachment-large size-large wp-image-8551\" alt=\"\" srcset=\"https:\/\/www.ocialis.asia\/wp-content\/uploads\/2022\/11\/Marc-Campet.jpg 484w, https:\/\/www.ocialis.asia\/wp-content\/uploads\/2022\/11\/Marc-Campet-300x300.jpg 300w, https:\/\/www.ocialis.asia\/wp-content\/uploads\/2022\/11\/Marc-Campet-150x150.jpg 150w\" sizes=\"(max-width: 484px) 100vw, 484px\" \/>\t\t\t\t\t\t\t\t\t\t\t\t\t\t\t<\/div>\n\t\t\t\t<\/div>\n\t\t\t\t<div class=\"elementor-element elementor-element-ce00a05 elementor-widget elementor-widget-heading\" data-id=\"ce00a05\" data-element_type=\"widget\" data-e-type=\"widget\" data-widget_type=\"heading.default\">\n\t\t\t\t<div class=\"elementor-widget-container\">\n\t\t\t\t\t<h4 class=\"elementor-heading-title elementor-size-default\">MARC CAMPET<\/h4>\t\t\t\t<\/div>\n\t\t\t\t<\/div>\n\t\t\t\t<div class=\"elementor-element elementor-element-85ae83a elementor-widget elementor-widget-text-editor\" data-id=\"85ae83a\" data-element_type=\"widget\" data-e-type=\"widget\" data-widget_type=\"text-editor.default\">\n\t\t\t\t<div class=\"elementor-widget-container\">\n\t\t\t\t\t\t\t\t\t<p><strong>Gi\u00e1m \u0111\u1ed1c Ph\u00e1t tri\u1ec3n Th\u01b0\u01a1ng m\u1ea1i Th\u1ee7y s\u1ea3n Ch\u00e2u \u00c1<\/strong><br \/>\u200b<br \/>V\u1edbi h\u01a1n 20 n\u0103m kinh nghi\u1ec7m, \u0111\u1eb7c bi\u1ec7t l\u00e0 \u1edf \u0110\u00f4ng Nam \u00c1, Marc \u0111\u00e3 \u0111\u1ea3m nh\u1eadn nhi\u1ec1u v\u1ecb tr\u00ed chuy\u00ean gia kh\u00e1c nhau trong l\u0129nh v\u1ef1c kinh doanh th\u1ee7y s\u1ea3n. \u00d4ng ph\u00e1t tri\u1ec3n c\u00e1c gi\u1ea3i ph\u00e1p dinh d\u01b0\u1ee1ng s\u00e1ng cho t\u00f4m c\u00e1. Ki\u1ebfn th\u1ee9c s\u00e2u r\u1ed9ng v\u1ec1 nhi\u1ec1u lo\u00e0i th\u1ee7y s\u1ea3n gi\u00fap \u00f4ng l\u00e0m vi\u1ec7c v\u1edbi c\u00e1c h\u1ec7 th\u1ed1ng nu\u00f4i kh\u00e1c nhau. Marc \u0111\u00e3 l\u00e3nh \u0111\u1ea1o nhi\u1ec1u d\u1ef1 \u00e1n quan tr\u1ecdng g\u00f3p ph\u1ea7n v\u00e0o th\u00e0nh c\u00f4ng cho ng\u00e0nh nu\u00f4i tr\u1ed3ng th\u1ee7y s\u1ea3n \u1edf Ch\u00e2u \u00c1. \u200b<\/p>\t\t\t\t\t\t\t\t<\/div>\n\t\t\t\t<\/div>\n\t\t\t\t\t<\/div>\n\t\t<\/div>\n\t\t\t\t\t<\/div>\n\t\t<\/section>\n\t\t\t\t\t<\/div>\n\t\t<\/div>\n\t\t\t\t<div class=\"elementor-column elementor-col-50 elementor-top-column elementor-element elementor-element-dfdcda1\" data-id=\"dfdcda1\" data-element_type=\"column\" data-e-type=\"column\">\n\t\t\t<div class=\"elementor-widget-wrap elementor-element-populated\">\n\t\t\t\t\t\t<section class=\"elementor-section elementor-inner-section elementor-element elementor-element-cac59ef elementor-section-boxed elementor-section-height-default elementor-section-height-default\" data-id=\"cac59ef\" data-element_type=\"section\" data-e-type=\"section\">\n\t\t\t\t\t\t<div class=\"elementor-container elementor-column-gap-default\">\n\t\t\t\t\t<div class=\"elementor-column elementor-col-100 elementor-inner-column elementor-element elementor-element-18b198d flexcol\" data-id=\"18b198d\" data-element_type=\"column\" data-e-type=\"column\" data-settings=\"{&quot;background_background&quot;:&quot;gradient&quot;}\">\n\t\t\t<div class=\"elementor-widget-wrap elementor-element-populated\">\n\t\t\t\t\t\t<div class=\"elementor-element elementor-element-bcd1d98 elementor-widget elementor-widget-image\" data-id=\"bcd1d98\" data-element_type=\"widget\" data-e-type=\"widget\" data-widget_type=\"image.default\">\n\t\t\t\t<div class=\"elementor-widget-container\">\n\t\t\t\t\t\t\t\t\t\t\t\t\t\t\t<img decoding=\"async\" width=\"800\" height=\"869\" src=\"https:\/\/www.ocialis.asia\/wp-content\/uploads\/2022\/11\/Pham-minh-anh.jpg\" class=\"attachment-large size-large wp-image-8588\" alt=\"\" srcset=\"https:\/\/www.ocialis.asia\/wp-content\/uploads\/2022\/11\/Pham-minh-anh.jpg 900w, https:\/\/www.ocialis.asia\/wp-content\/uploads\/2022\/11\/Pham-minh-anh-276x300.jpg 276w, https:\/\/www.ocialis.asia\/wp-content\/uploads\/2022\/11\/Pham-minh-anh-768x835.jpg 768w\" sizes=\"(max-width: 800px) 100vw, 800px\" \/>\t\t\t\t\t\t\t\t\t\t\t\t\t\t\t<\/div>\n\t\t\t\t<\/div>\n\t\t\t\t<div class=\"elementor-element elementor-element-54b1647 elementor-widget elementor-widget-heading\" data-id=\"54b1647\" data-element_type=\"widget\" data-e-type=\"widget\" data-widget_type=\"heading.default\">\n\t\t\t\t<div class=\"elementor-widget-container\">\n\t\t\t\t\t<h4 class=\"elementor-heading-title elementor-size-default\">MINH ANH PHAM\u200b<\/h4>\t\t\t\t<\/div>\n\t\t\t\t<\/div>\n\t\t\t\t<div class=\"elementor-element elementor-element-0372c03 elementor-widget elementor-widget-text-editor\" data-id=\"0372c03\" data-element_type=\"widget\" data-e-type=\"widget\" data-widget_type=\"text-editor.default\">\n\t\t\t\t<div class=\"elementor-widget-container\">\n\t\t\t\t\t\t\t\t\t<p><strong>Gi\u00e1m \u0111\u1ed1c R&amp;D Ch\u00e2u \u00c1\u200b<\/strong><br \/>\u200b<br \/>V\u1edbi b\u1eb1ng Ti\u1ebfn s\u0129 Dinh d\u01b0\u1ee1ng Nu\u00f4i tr\u1ed3ng Th\u1ee7y s\u1ea3n t\u1ea1i \u0110\u1ea1i h\u1ecdc Qu\u1ed1c gia Jeju, H\u00e0n Qu\u1ed1c, \u00f4ng hi\u1ec7n l\u00e0 th\u00e0nh vi\u00ean c\u1ee7a \u1ee6y ban \u1ee8ng d\u1ee5ng v\u00e0 Ph\u00e1t tri\u1ec3n S\u1ea3n ph\u1ea9m To\u00e0n c\u1ea7u c\u1ee7a ADM, ph\u1ee5 tr\u00e1ch gi\u00e1m s\u00e1t c\u00e1c Trung t\u00e2m R&amp;D v\u1ec1 dinh d\u01b0\u1ee1ng v\u1eadt nu\u00f4i \u1edf Ch\u00e2u \u00c1. Trong l\u0129nh v\u1ef1c nu\u00f4i tr\u1ed3ng th\u1ee7y s\u1ea3n, \u00f4ng tr\u1ef1c ti\u1ebfp tham gia v\u00e0o c\u00e1c ch\u01b0\u01a1ng tr\u00ecnh nghi\u00ean c\u1ee9u v\u00e0 ph\u00e1t tri\u1ec3n kh\u00e1c nhau. \u00d4ng c\u0169ng d\u1eabn \u0111\u1ea7u trong d\u1ef1 \u00e1n ph\u00e1t tri\u1ec3n m\u00f4 h\u00ecnh nu\u00f4i t\u00f4m th\u1ebb ch\u00e2n tr\u1eafng b\u1ec1n v\u1eefng (BIOSIPEC). M\u00f4 h\u00ecnh \u0111\u00e3 \u0111\u01b0\u1ee3c ch\u1ee9ng minh l\u00e0 c\u00f3 t\u1ef7 l\u1ec7 th\u00e0nh c\u00f4ng cao v\u00e0 b\u1ec1n v\u1eefng m\u00f4i tr\u01b0\u1eddng.\u00a0<\/p>\t\t\t\t\t\t\t\t<\/div>\n\t\t\t\t<\/div>\n\t\t\t\t\t<\/div>\n\t\t<\/div>\n\t\t\t\t\t<\/div>\n\t\t<\/section>\n\t\t\t\t\t<\/div>\n\t\t<\/div>\n\t\t\t\t\t<\/div>\n\t\t<\/section>\n\t\t\t\t<section class=\"elementor-section elementor-top-section elementor-element elementor-element-3fb7515 equal-height-content elementor-section-boxed elementor-section-height-default elementor-section-height-default\" data-id=\"3fb7515\" data-element_type=\"section\" data-e-type=\"section\">\n\t\t\t\t\t\t<div class=\"elementor-container elementor-column-gap-default\">\n\t\t\t\t\t<div class=\"elementor-column elementor-col-50 elementor-top-column elementor-element elementor-element-8523f68\" data-id=\"8523f68\" data-element_type=\"column\" data-e-type=\"column\">\n\t\t\t<div class=\"elementor-widget-wrap elementor-element-populated\">\n\t\t\t\t\t\t<section class=\"elementor-section elementor-inner-section elementor-element elementor-element-c793c71 elementor-section-boxed elementor-section-height-default elementor-section-height-default\" data-id=\"c793c71\" data-element_type=\"section\" data-e-type=\"section\">\n\t\t\t\t\t\t<div class=\"elementor-container elementor-column-gap-default\">\n\t\t\t\t\t<div class=\"elementor-column elementor-col-100 elementor-inner-column elementor-element elementor-element-5a3c273 flexcol\" data-id=\"5a3c273\" data-element_type=\"column\" data-e-type=\"column\" data-settings=\"{&quot;background_background&quot;:&quot;gradient&quot;}\">\n\t\t\t<div class=\"elementor-widget-wrap elementor-element-populated\">\n\t\t\t\t\t\t<div class=\"elementor-element elementor-element-424a996 elementor-widget elementor-widget-image\" data-id=\"424a996\" data-element_type=\"widget\" data-e-type=\"widget\" data-widget_type=\"image.default\">\n\t\t\t\t<div class=\"elementor-widget-container\">\n\t\t\t\t\t\t\t\t\t\t\t\t\t\t\t<img decoding=\"async\" width=\"768\" height=\"803\" src=\"https:\/\/www.ocialis.asia\/wp-content\/uploads\/2022\/11\/sjoerd-768x803.jpg\" class=\"attachment-medium_large size-medium_large wp-image-7937\" alt=\"\" srcset=\"https:\/\/www.ocialis.asia\/wp-content\/uploads\/2022\/11\/sjoerd-768x803.jpg 768w, https:\/\/www.ocialis.asia\/wp-content\/uploads\/2022\/11\/sjoerd-287x300.jpg 287w, https:\/\/www.ocialis.asia\/wp-content\/uploads\/2022\/11\/sjoerd.jpg 976w\" sizes=\"(max-width: 768px) 100vw, 768px\" \/>\t\t\t\t\t\t\t\t\t\t\t\t\t\t\t<\/div>\n\t\t\t\t<\/div>\n\t\t\t\t<div class=\"elementor-element elementor-element-894bd2a elementor-widget elementor-widget-heading\" data-id=\"894bd2a\" data-element_type=\"widget\" data-e-type=\"widget\" data-widget_type=\"heading.default\">\n\t\t\t\t<div class=\"elementor-widget-container\">\n\t\t\t\t\t<h4 class=\"elementor-heading-title elementor-size-default\">SJOERD BAKKER\u200b<\/h4>\t\t\t\t<\/div>\n\t\t\t\t<\/div>\n\t\t\t\t<div class=\"elementor-element elementor-element-0af2595 elementor-widget elementor-widget-text-editor\" data-id=\"0af2595\" data-element_type=\"widget\" data-e-type=\"widget\" data-widget_type=\"text-editor.default\">\n\t\t\t\t<div class=\"elementor-widget-container\">\n\t\t\t\t\t\t\t\t\t<p><strong>Gi\u00e1m \u0111\u1ed1c Xu\u1ea5t kh\u1ea9u Th\u1ee9c \u0103n Th\u1ee7y s\u1ea3n Ch\u00e2u \u00c1<\/strong><\/p><p>Sjoerd \u0111\u00e3 l\u00e0m vi\u1ec7c t\u1ea1i ADM \u0111\u01b0\u1ee3c 6 n\u0103m v\u1edbi nhi\u1ec1u vai tr\u00f2 kh\u00e1c nhau, hi\u1ec7n ph\u1ee5 tr\u00e1ch xu\u1ea5t kh\u1ea9u dinh d\u01b0\u1ee1ng th\u1ee7y s\u1ea3n ra th\u1ecb tr\u01b0\u1eddng qu\u1ed1c t\u1ebf. \u00d4ng \u0111\u00e3 l\u00e3nh \u0111\u1ea1o nhi\u1ec1u d\u1ef1 \u00e1n quan tr\u1ecdng trong vi\u1ec7c ph\u00e1t tri\u1ec3n c\u00e1c s\u1ea3n ph\u1ea9m v\u00e0 d\u1ecbch v\u1ee5 nu\u00f4i tr\u1ed3ng th\u1ee7y s\u1ea3n \u1edf ch\u00e2u \u00c1 cho nhi\u1ec1u th\u01b0\u01a1ng hi\u1ec7u c\u1ee7a ADM.<\/p>\t\t\t\t\t\t\t\t<\/div>\n\t\t\t\t<\/div>\n\t\t\t\t\t<\/div>\n\t\t<\/div>\n\t\t\t\t\t<\/div>\n\t\t<\/section>\n\t\t\t\t\t<\/div>\n\t\t<\/div>\n\t\t\t\t<div class=\"elementor-column elementor-col-50 elementor-top-column elementor-element elementor-element-ee38d1f\" data-id=\"ee38d1f\" data-element_type=\"column\" data-e-type=\"column\">\n\t\t\t<div class=\"elementor-widget-wrap elementor-element-populated\">\n\t\t\t\t\t\t<section class=\"elementor-section elementor-inner-section elementor-element elementor-element-24d6200 elementor-section-boxed elementor-section-height-default elementor-section-height-default\" data-id=\"24d6200\" data-element_type=\"section\" data-e-type=\"section\">\n\t\t\t\t\t\t<div class=\"elementor-container elementor-column-gap-default\">\n\t\t\t\t\t<div class=\"elementor-column elementor-col-100 elementor-inner-column elementor-element elementor-element-3230abb flexcol\" data-id=\"3230abb\" data-element_type=\"column\" data-e-type=\"column\" data-settings=\"{&quot;background_background&quot;:&quot;gradient&quot;}\">\n\t\t\t<div class=\"elementor-widget-wrap elementor-element-populated\">\n\t\t\t\t\t\t<div class=\"elementor-element elementor-element-4d521bd elementor-widget elementor-widget-image\" data-id=\"4d521bd\" data-element_type=\"widget\" data-e-type=\"widget\" data-widget_type=\"image.default\">\n\t\t\t\t<div class=\"elementor-widget-container\">\n\t\t\t\t\t\t\t\t\t\t\t\t\t\t\t<img loading=\"lazy\" decoding=\"async\" width=\"768\" height=\"710\" src=\"https:\/\/www.ocialis.asia\/wp-content\/uploads\/2022\/11\/henry-768x710.jpg\" class=\"attachment-medium_large size-medium_large wp-image-8160\" alt=\"\" srcset=\"https:\/\/www.ocialis.asia\/wp-content\/uploads\/2022\/11\/henry-768x710.jpg 768w, https:\/\/www.ocialis.asia\/wp-content\/uploads\/2022\/11\/henry-300x277.jpg 300w, https:\/\/www.ocialis.asia\/wp-content\/uploads\/2022\/11\/henry.jpg 1000w\" sizes=\"(max-width: 768px) 100vw, 768px\" \/>\t\t\t\t\t\t\t\t\t\t\t\t\t\t\t<\/div>\n\t\t\t\t<\/div>\n\t\t\t\t<div class=\"elementor-element elementor-element-b10e5e5 elementor-widget elementor-widget-heading\" data-id=\"b10e5e5\" data-element_type=\"widget\" data-e-type=\"widget\" data-widget_type=\"heading.default\">\n\t\t\t\t<div class=\"elementor-widget-container\">\n\t\t\t\t\t<h4 class=\"elementor-heading-title elementor-size-default\">HENRY CUONG<\/h4>\t\t\t\t<\/div>\n\t\t\t\t<\/div>\n\t\t\t\t<div class=\"elementor-element elementor-element-555c766 elementor-widget elementor-widget-text-editor\" data-id=\"555c766\" data-element_type=\"widget\" data-e-type=\"widget\" data-widget_type=\"text-editor.default\">\n\t\t\t\t<div class=\"elementor-widget-container\">\n\t\t\t\t\t\t\t\t\t<p><strong>Gi\u00e1m \u0111\u1ed1c K\u1ef9 thu\u1eadt Th\u1ee7y s\u1ea3n Ch\u00e2u \u00c1\u200b<\/strong><\/p><p>T\u1ed1t nghi\u1ec7p th\u1ea1c s\u0129 v\u1ec1 Th\u1ee7y S\u1ea3n t\u1ea1i Na Uy (NUFU), t\u1eebng l\u00e0 nghi\u00ean c\u1ee9u vi\u00ean Vi\u1ec7n nghi\u00ean c\u1ee9u NTTS v\u00e0 qu\u1ea3n l\u00fd s\u1ea3n ph\u1ea9m, gi\u00e1m \u0111\u1ed1c marketing t\u1ea1i c\u00e1c c\u00f4ng ty \u0111a qu\u1ed1c gia h\u00e0ng \u0111\u1ea7u v\u1ec1 thu\u1ed1c v\u00e0 th\u1ee9c \u0103n trong 25 n\u0103m qua, Henry \u0111\u00e3 l\u00e3nh \u0111\u1ea1o nhi\u1ec1u d\u1ef1 \u00e1n ph\u00e1t tri\u1ec3n s\u1ea3n ph\u1ea9m v\u00e0 chi\u1ebfn d\u1ecbch marketing th\u00e0nh c\u00f4ng. V\u1edbi hi\u1ec3u bi\u1ebft s\u00e2u v\u1ec1 k\u1ef9 thu\u1eadt v\u00e0 nhu c\u1ea7u kh\u00e1ch h\u00e0ng, \u00f4ng ph\u00e1t tri\u1ec3n nhi\u1ec1u g\u00f3i gi\u1ea3i ph\u00e1p k\u1ef9 thu\u1eadt ph\u00f9 h\u1ee3p cho t\u1eebng m\u00f4 h\u00ecnh s\u1ea3n xu\u1ea5t, gi\u00fap ng\u01b0\u1eddi nu\u00f4i gi\u1ea3m r\u1ee7i ro v\u00e0 n\u00e2ng cao n\u0103ng su\u1ea5t.\u200b<\/p>\t\t\t\t\t\t\t\t<\/div>\n\t\t\t\t<\/div>\n\t\t\t\t\t<\/div>\n\t\t<\/div>\n\t\t\t\t\t<\/div>\n\t\t<\/section>\n\t\t\t\t\t<\/div>\n\t\t<\/div>\n\t\t\t\t\t<\/div>\n\t\t<\/section>\n\t\t\t\t<\/div>\n\t\t","protected":false},"excerpt":{"rendered":"<p>MARC CAMPET Gi\u00e1m \u0111\u1ed1c Ph\u00e1t tri\u1ec3n Th\u01b0\u01a1ng m\u1ea1i Th\u1ee7y s\u1ea3n Ch\u00e2u \u00c1\u200bV\u1edbi h\u01a1n 20 n\u0103m kinh nghi\u1ec7m, \u0111\u1eb7c bi\u1ec7t l\u00e0 \u1edf \u0110\u00f4ng Nam \u00c1, Marc \u0111\u00e3 \u0111\u1ea3m nh\u1eadn nhi\u1ec1u v\u1ecb tr\u00ed chuy\u00ean gia kh\u00e1c nhau trong l\u0129nh v\u1ef1c kinh doanh th\u1ee7y s\u1ea3n. \u00d4ng ph\u00e1t tri\u1ec3n c\u00e1c gi\u1ea3i ph\u00e1p dinh d\u01b0\u1ee1ng s\u00e1ng cho t\u00f4m c\u00e1. Ki\u1ebfn [&hellip;]<\/p>\n","protected":false},"author":27,"featured_media":0,"parent":9281,"menu_order":32,"comment_status":"closed","ping_status":"closed","template":"","meta":{"_acf_changed":false,"footnotes":""},"class_list":["post-9294","page","type-page","status-publish","hentry"],"acf":[],"yoast_head":"<!-- This site is optimized with the Yoast SEO plugin v27.5 - https:\/\/yoast.com\/product\/yoast-seo-wordpress\/ -->\n<title>\u0110\u1ed9i Ng\u0169 ADM - Ocialis<\/title>\n<meta name=\"robots\" content=\"index, follow, max-snippet:-1, max-image-preview:large, max-video-preview:-1\" \/>\n<link rel=\"canonical\" href=\"https:\/\/www.ocialis.asia\/vi\/about-us\/adm-team\/\" \/>\n<meta property=\"og:locale\" content=\"vi_VN\" \/>\n<meta property=\"og:type\" content=\"article\" \/>\n<meta property=\"og:title\" content=\"\u0110\u1ed9i Ng\u0169 ADM - Ocialis\" \/>\n<meta property=\"og:description\" content=\"MARC CAMPET Gi\u00e1m \u0111\u1ed1c Ph\u00e1t tri\u1ec3n Th\u01b0\u01a1ng m\u1ea1i Th\u1ee7y s\u1ea3n Ch\u00e2u \u00c1\u200bV\u1edbi h\u01a1n 20 n\u0103m kinh nghi\u1ec7m, \u0111\u1eb7c bi\u1ec7t l\u00e0 \u1edf \u0110\u00f4ng Nam \u00c1, Marc \u0111\u00e3 \u0111\u1ea3m nh\u1eadn nhi\u1ec1u v\u1ecb tr\u00ed chuy\u00ean gia kh\u00e1c nhau trong l\u0129nh v\u1ef1c kinh doanh th\u1ee7y s\u1ea3n. \u00d4ng ph\u00e1t tri\u1ec3n c\u00e1c gi\u1ea3i ph\u00e1p dinh d\u01b0\u1ee1ng s\u00e1ng cho t\u00f4m c\u00e1. Ki\u1ebfn [&hellip;]\" \/>\n<meta property=\"og:url\" content=\"https:\/\/www.ocialis.asia\/vi\/about-us\/adm-team\/\" \/>\n<meta property=\"og:site_name\" content=\"Ocialis\" \/>\n<meta property=\"article:modified_time\" content=\"2024-01-11T08:14:41+00:00\" \/>\n<meta property=\"og:image\" content=\"http:\/\/www.ocialis.asia\/wp-content\/uploads\/2022\/11\/Marc-Campet.jpg\" \/>\n<meta name=\"twitter:card\" content=\"summary_large_image\" \/>\n<meta name=\"twitter:label1\" content=\"Est. reading time\" \/>\n\t<meta name=\"twitter:data1\" content=\"4 minutes\" \/>\n<script type=\"application\/ld+json\" class=\"yoast-schema-graph\">{\"@context\":\"https:\\\/\\\/schema.org\",\"@graph\":[{\"@type\":\"WebPage\",\"@id\":\"https:\\\/\\\/www.ocialis.asia\\\/vi\\\/about-us\\\/adm-team\\\/\",\"url\":\"https:\\\/\\\/www.ocialis.asia\\\/vi\\\/about-us\\\/adm-team\\\/\",\"name\":\"\u0110\u1ed9i Ng\u0169 ADM - Ocialis\",\"isPartOf\":{\"@id\":\"https:\\\/\\\/www.ocialis.asia\\\/#website\"},\"primaryImageOfPage\":{\"@id\":\"https:\\\/\\\/www.ocialis.asia\\\/vi\\\/about-us\\\/adm-team\\\/#primaryimage\"},\"image\":{\"@id\":\"https:\\\/\\\/www.ocialis.asia\\\/vi\\\/about-us\\\/adm-team\\\/#primaryimage\"},\"thumbnailUrl\":\"http:\\\/\\\/www.ocialis.asia\\\/wp-content\\\/uploads\\\/2022\\\/11\\\/Marc-Campet.jpg\",\"datePublished\":\"2022-11-10T14:36:56+00:00\",\"dateModified\":\"2024-01-11T08:14:41+00:00\",\"breadcrumb\":{\"@id\":\"https:\\\/\\\/www.ocialis.asia\\\/vi\\\/about-us\\\/adm-team\\\/#breadcrumb\"},\"inLanguage\":\"vi-VN\",\"potentialAction\":[{\"@type\":\"ReadAction\",\"target\":[\"https:\\\/\\\/www.ocialis.asia\\\/vi\\\/about-us\\\/adm-team\\\/\"]}]},{\"@type\":\"ImageObject\",\"inLanguage\":\"vi-VN\",\"@id\":\"https:\\\/\\\/www.ocialis.asia\\\/vi\\\/about-us\\\/adm-team\\\/#primaryimage\",\"url\":\"http:\\\/\\\/www.ocialis.asia\\\/wp-content\\\/uploads\\\/2022\\\/11\\\/Marc-Campet.jpg\",\"contentUrl\":\"http:\\\/\\\/www.ocialis.asia\\\/wp-content\\\/uploads\\\/2022\\\/11\\\/Marc-Campet.jpg\"},{\"@type\":\"BreadcrumbList\",\"@id\":\"https:\\\/\\\/www.ocialis.asia\\\/vi\\\/about-us\\\/adm-team\\\/#breadcrumb\",\"itemListElement\":[{\"@type\":\"ListItem\",\"position\":1,\"name\":\"Trang ch\u1ee7\",\"item\":\"https:\\\/\\\/www.ocialis.asia\\\/\"},{\"@type\":\"ListItem\",\"position\":2,\"name\":\"V\u1ec1 Ch\u00fang T\u00f4i\",\"item\":\"https:\\\/\\\/www.ocialis.asia\\\/vi\\\/about-us\\\/\"},{\"@type\":\"ListItem\",\"position\":3,\"name\":\"\u0110\u1ed9i Ng\u0169 ADM\"}]},{\"@type\":\"WebSite\",\"@id\":\"https:\\\/\\\/www.ocialis.asia\\\/#website\",\"url\":\"https:\\\/\\\/www.ocialis.asia\\\/\",\"name\":\"Ocialis\",\"description\":\"\",\"publisher\":{\"@id\":\"https:\\\/\\\/www.ocialis.asia\\\/#organization\"},\"potentialAction\":[{\"@type\":\"SearchAction\",\"target\":{\"@type\":\"EntryPoint\",\"urlTemplate\":\"https:\\\/\\\/www.ocialis.asia\\\/?s={search_term_string}\"},\"query-input\":{\"@type\":\"PropertyValueSpecification\",\"valueRequired\":true,\"valueName\":\"search_term_string\"}}],\"inLanguage\":\"vi-VN\"},{\"@type\":\"Organization\",\"@id\":\"https:\\\/\\\/www.ocialis.asia\\\/#organization\",\"name\":\"Ocialis\",\"url\":\"https:\\\/\\\/www.ocialis.asia\\\/\",\"logo\":{\"@type\":\"ImageObject\",\"inLanguage\":\"vi-VN\",\"@id\":\"https:\\\/\\\/www.ocialis.asia\\\/#\\\/schema\\\/logo\\\/image\\\/\",\"url\":\"https:\\\/\\\/www.ocialis.asia\\\/wp-content\\\/uploads\\\/2022\\\/09\\\/adm-logo.png\",\"contentUrl\":\"https:\\\/\\\/www.ocialis.asia\\\/wp-content\\\/uploads\\\/2022\\\/09\\\/adm-logo.png\",\"width\":478,\"height\":100,\"caption\":\"Ocialis\"},\"image\":{\"@id\":\"https:\\\/\\\/www.ocialis.asia\\\/#\\\/schema\\\/logo\\\/image\\\/\"}}]}<\/script>\n<!-- \/ Yoast SEO plugin. -->","yoast_head_json":{"title":"\u0110\u1ed9i Ng\u0169 ADM - Ocialis","robots":{"index":"index","follow":"follow","max-snippet":"max-snippet:-1","max-image-preview":"max-image-preview:large","max-video-preview":"max-video-preview:-1"},"canonical":"https:\/\/www.ocialis.asia\/vi\/about-us\/adm-team\/","og_locale":"vi_VN","og_type":"article","og_title":"\u0110\u1ed9i Ng\u0169 ADM - Ocialis","og_description":"MARC CAMPET Gi\u00e1m \u0111\u1ed1c Ph\u00e1t tri\u1ec3n Th\u01b0\u01a1ng m\u1ea1i Th\u1ee7y s\u1ea3n Ch\u00e2u \u00c1\u200bV\u1edbi h\u01a1n 20 n\u0103m kinh nghi\u1ec7m, \u0111\u1eb7c bi\u1ec7t l\u00e0 \u1edf \u0110\u00f4ng Nam \u00c1, Marc \u0111\u00e3 \u0111\u1ea3m nh\u1eadn nhi\u1ec1u v\u1ecb tr\u00ed chuy\u00ean gia kh\u00e1c nhau trong l\u0129nh v\u1ef1c kinh doanh th\u1ee7y s\u1ea3n. \u00d4ng ph\u00e1t tri\u1ec3n c\u00e1c gi\u1ea3i ph\u00e1p dinh d\u01b0\u1ee1ng s\u00e1ng cho t\u00f4m c\u00e1. Ki\u1ebfn [&hellip;]","og_url":"https:\/\/www.ocialis.asia\/vi\/about-us\/adm-team\/","og_site_name":"Ocialis","article_modified_time":"2024-01-11T08:14:41+00:00","og_image":[{"url":"http:\/\/www.ocialis.asia\/wp-content\/uploads\/2022\/11\/Marc-Campet.jpg","type":"","width":"","height":""}],"twitter_card":"summary_large_image","twitter_misc":{"Est. reading time":"4 minutes"},"schema":{"@context":"https:\/\/schema.org","@graph":[{"@type":"WebPage","@id":"https:\/\/www.ocialis.asia\/vi\/about-us\/adm-team\/","url":"https:\/\/www.ocialis.asia\/vi\/about-us\/adm-team\/","name":"\u0110\u1ed9i Ng\u0169 ADM - Ocialis","isPartOf":{"@id":"https:\/\/www.ocialis.asia\/#website"},"primaryImageOfPage":{"@id":"https:\/\/www.ocialis.asia\/vi\/about-us\/adm-team\/#primaryimage"},"image":{"@id":"https:\/\/www.ocialis.asia\/vi\/about-us\/adm-team\/#primaryimage"},"thumbnailUrl":"http:\/\/www.ocialis.asia\/wp-content\/uploads\/2022\/11\/Marc-Campet.jpg","datePublished":"2022-11-10T14:36:56+00:00","dateModified":"2024-01-11T08:14:41+00:00","breadcrumb":{"@id":"https:\/\/www.ocialis.asia\/vi\/about-us\/adm-team\/#breadcrumb"},"inLanguage":"vi-VN","potentialAction":[{"@type":"ReadAction","target":["https:\/\/www.ocialis.asia\/vi\/about-us\/adm-team\/"]}]},{"@type":"ImageObject","inLanguage":"vi-VN","@id":"https:\/\/www.ocialis.asia\/vi\/about-us\/adm-team\/#primaryimage","url":"http:\/\/www.ocialis.asia\/wp-content\/uploads\/2022\/11\/Marc-Campet.jpg","contentUrl":"http:\/\/www.ocialis.asia\/wp-content\/uploads\/2022\/11\/Marc-Campet.jpg"},{"@type":"BreadcrumbList","@id":"https:\/\/www.ocialis.asia\/vi\/about-us\/adm-team\/#breadcrumb","itemListElement":[{"@type":"ListItem","position":1,"name":"Trang ch\u1ee7","item":"https:\/\/www.ocialis.asia\/"},{"@type":"ListItem","position":2,"name":"V\u1ec1 Ch\u00fang T\u00f4i","item":"https:\/\/www.ocialis.asia\/vi\/about-us\/"},{"@type":"ListItem","position":3,"name":"\u0110\u1ed9i Ng\u0169 ADM"}]},{"@type":"WebSite","@id":"https:\/\/www.ocialis.asia\/#website","url":"https:\/\/www.ocialis.asia\/","name":"Ocialis","description":"","publisher":{"@id":"https:\/\/www.ocialis.asia\/#organization"},"potentialAction":[{"@type":"SearchAction","target":{"@type":"EntryPoint","urlTemplate":"https:\/\/www.ocialis.asia\/?s={search_term_string}"},"query-input":{"@type":"PropertyValueSpecification","valueRequired":true,"valueName":"search_term_string"}}],"inLanguage":"vi-VN"},{"@type":"Organization","@id":"https:\/\/www.ocialis.asia\/#organization","name":"Ocialis","url":"https:\/\/www.ocialis.asia\/","logo":{"@type":"ImageObject","inLanguage":"vi-VN","@id":"https:\/\/www.ocialis.asia\/#\/schema\/logo\/image\/","url":"https:\/\/www.ocialis.asia\/wp-content\/uploads\/2022\/09\/adm-logo.png","contentUrl":"https:\/\/www.ocialis.asia\/wp-content\/uploads\/2022\/09\/adm-logo.png","width":478,"height":100,"caption":"Ocialis"},"image":{"@id":"https:\/\/www.ocialis.asia\/#\/schema\/logo\/image\/"}}]}},"_links":{"self":[{"href":"https:\/\/www.ocialis.asia\/vi\/wp-json\/wp\/v2\/pages\/9294","targetHints":{"allow":["GET"]}}],"collection":[{"href":"https:\/\/www.ocialis.asia\/vi\/wp-json\/wp\/v2\/pages"}],"about":[{"href":"https:\/\/www.ocialis.asia\/vi\/wp-json\/wp\/v2\/types\/page"}],"author":[{"embeddable":true,"href":"https:\/\/www.ocialis.asia\/vi\/wp-json\/wp\/v2\/users\/27"}],"replies":[{"embeddable":true,"href":"https:\/\/www.ocialis.asia\/vi\/wp-json\/wp\/v2\/comments?post=9294"}],"version-history":[{"count":5,"href":"https:\/\/www.ocialis.asia\/vi\/wp-json\/wp\/v2\/pages\/9294\/revisions"}],"predecessor-version":[{"id":10234,"href":"https:\/\/www.ocialis.asia\/vi\/wp-json\/wp\/v2\/pages\/9294\/revisions\/10234"}],"up":[{"embeddable":true,"href":"https:\/\/www.ocialis.asia\/vi\/wp-json\/wp\/v2\/pages\/9281"}],"wp:attachment":[{"href":"https:\/\/www.ocialis.asia\/vi\/wp-json\/wp\/v2\/media?parent=9294"}],"curies":[{"name":"wp","href":"https:\/\/api.w.org\/{rel}","templated":true}]}}